{"id":375211,"date":"2025-05-18T20:53:15","date_gmt":"2025-05-18T20:53:15","guid":{"rendered":"https:\/\/staging2.stylingagenten.com\/no\/produkt\/samba-paradise-woman-edt-100ml\/"},"modified":"2026-04-13T20:28:38","modified_gmt":"2026-04-13T20:28:38","slug":"samba-paradise-woman-edt-100ml","status":"publish","type":"product","link":"https:\/\/stylingagenten.com\/no\/produkt\/samba-paradise-woman-edt-100ml\/","title":{"rendered":"Samba Paradise Woman Edt 100ml"},"content":{"rendered":"<p>Fordyp deg i essensen av Samba Paradise Woman Edt som fanger de pulserende rytmene og fargene i en tropisk vind! Duften \u00e5pner med en eksplosjon av eksotisk friskhet og lover \u00e5 f\u00f8re deg til en verden der livets dans er evig.<\/p>\n<p>Toppnoter: Yuzu, Sitronskall, Mandarin<br \/>\n<br \/>Hjertenoter: Svart pepper, Osmanthus<br \/>\n<br \/>Bunnoter: Sedertre<\/p>\n<p>100 ml<\/p>\n","protected":false},"excerpt":{"rendered":"<p>Fordyp deg i essensen av Samba Paradise Woman Edt som fanger de pulserende rytmene og fargene i en tropisk vind! Duften \u00e5pner med en eksplosjon av eksotisk friskhet og lover \u00e5 f\u00f8re deg til en verden der livets dans er evig. Toppnoter: Yuzu, Sitronskall, Mandarin Hjertenoter: Svart pepper, Osmanthus Bunnoter: Sedertre 100 ml<\/p>\n","protected":false},"featured_media":375194,"comment_status":"open","ping_status":"closed","template":"","meta":{"_trash_the_other_posts":false},"product_brand":[],"product_cat":[707,735,999],"product_tag":[],"berocket_brand":[1381],"class_list":{"0":"post-375211","1":"product","2":"type-product","3":"status-publish","4":"has-post-thumbnail","6":"product_cat-eau-de-toilette-dame","7":"product_cat-kampanje","8":"product_cat-kampanjetilbud-for-henne","9":"pa_brand-samba","10":"berocket_brand-samba","12":"first","13":"instock","14":"sale","15":"taxable","16":"shipping-taxable","17":"purchasable","18":"product-type-simple"},"_links":{"self":[{"href":"https:\/\/stylingagenten.com\/no\/wp-json\/wp\/v2\/product\/375211","targetHints":{"allow":["GET"]}}],"collection":[{"href":"https:\/\/stylingagenten.com\/no\/wp-json\/wp\/v2\/product"}],"about":[{"href":"https:\/\/stylingagenten.com\/no\/wp-json\/wp\/v2\/types\/product"}],"replies":[{"embeddable":true,"href":"https:\/\/stylingagenten.com\/no\/wp-json\/wp\/v2\/comments?post=375211"}],"version-history":[{"count":0,"href":"https:\/\/stylingagenten.com\/no\/wp-json\/wp\/v2\/product\/375211\/revisions"}],"wp:featuredmedia":[{"embeddable":true,"href":"https:\/\/stylingagenten.com\/no\/wp-json\/wp\/v2\/media\/375194"}],"wp:attachment":[{"href":"https:\/\/stylingagenten.com\/no\/wp-json\/wp\/v2\/media?parent=375211"}],"wp:term":[{"taxonomy":"product_brand","embeddable":true,"href":"https:\/\/stylingagenten.com\/no\/wp-json\/wp\/v2\/product_brand?post=375211"},{"taxonomy":"product_cat","embeddable":true,"href":"https:\/\/stylingagenten.com\/no\/wp-json\/wp\/v2\/product_cat?post=375211"},{"taxonomy":"product_tag","embeddable":true,"href":"https:\/\/stylingagenten.com\/no\/wp-json\/wp\/v2\/product_tag?post=375211"},{"taxonomy":"berocket_brand","embeddable":true,"href":"https:\/\/stylingagenten.com\/no\/wp-json\/wp\/v2\/berocket_brand?post=375211"}],"curies":[{"name":"wp","href":"https:\/\/api.w.org\/{rel}","templated":true}]}}