{"id":375209,"date":"2025-05-18T20:53:15","date_gmt":"2025-05-18T20:53:15","guid":{"rendered":"https:\/\/staging2.stylingagenten.com\/no\/produkt\/escada-show-me-love-edp-30ml\/"},"modified":"2025-12-18T21:31:33","modified_gmt":"2025-12-18T21:31:33","slug":"escada-show-me-love-edp-30ml","status":"publish","type":"product","link":"https:\/\/stylingagenten.com\/no\/produkt\/escada-show-me-love-edp-30ml\/","title":{"rendered":"Escada Show Me Love Edp 30ml"},"content":{"rendered":"<p>Escada Show Me Love Edp 30ml<br \/>Show Me Love Eau de Parfum er en parfyme fra Escada. Det er en ny Broadway-favoritt i byen, klar til \u00e5 ta over rampelyset. Denne vinteren presenterer Escada et nytt hjerte i kolleksjonen: Show Me Love er den f\u00f8rste Escada-parfymen som lar deg leve livet som en stjerne.<br \/>Show Me Love er en parfyme for den selvsikre kvinnen, som utstr\u00e5ler sensualitet og lyst til liv. Saftige toner av bl\u00e5b\u00e6r blandes med sensuell sjasmin, og fantastiske toner av bl\u00e5b\u00e6rmakroner avrunder duften med en herlig s\u00f8dme. Show Me Love er en vegansk blomsterparfyme som gjenspeiler Escadas arbeid med \u00e5 utvikle moderne dufter som blir stadig mer milj\u00f8vennlige. Den skinnende, hjerteformede flasken er dekket med m\u00f8rker\u00f8d fl\u00f8yel, som bringer tankene til teaterscenen. Escada-parfymen for kvinner kommer i en nydelig boks med ordet &laquo;kj\u00e6rlighet&raquo; trykt som en ikonisk Broadway-plakat. Det er en dristig parfyme som vil gi deg den oppmerksomheten du fortjener. \u00c5pne gardinen og ta scenen som en ekte Broadway-stjerne.<\/p>\n","protected":false},"excerpt":{"rendered":"<p>Escada Show Me Love Edp 30mlShow Me Love Eau de Parfum er en parfyme fra Escada. Det er en ny Broadway-favoritt i byen, klar til \u00e5 ta over rampelyset. Denne vinteren presenterer Escada et nytt hjerte i kolleksjonen: Show Me Love er den f\u00f8rste Escada-parfymen som lar deg leve livet som en stjerne.Show Me Love [&hellip;]<\/p>\n","protected":false},"featured_media":375198,"comment_status":"open","ping_status":"closed","template":"","meta":{"_trash_the_other_posts":false},"product_brand":[],"product_cat":[706,534],"product_tag":[2889],"berocket_brand":[1306],"class_list":{"0":"post-375209","1":"product","2":"type-product","3":"status-publish","4":"has-post-thumbnail","6":"product_cat-eau-de-parfum-dame","7":"product_cat-parfyme-dame","8":"product_tag-escada-show-me-love-edp","9":"pa_brand-escada","10":"pa_variant-30ml","11":"berocket_brand-escada","13":"first","14":"outofstock","15":"sale","16":"taxable","17":"shipping-taxable","18":"purchasable","19":"product-type-simple"},"_links":{"self":[{"href":"https:\/\/stylingagenten.com\/no\/wp-json\/wp\/v2\/product\/375209","targetHints":{"allow":["GET"]}}],"collection":[{"href":"https:\/\/stylingagenten.com\/no\/wp-json\/wp\/v2\/product"}],"about":[{"href":"https:\/\/stylingagenten.com\/no\/wp-json\/wp\/v2\/types\/product"}],"replies":[{"embeddable":true,"href":"https:\/\/stylingagenten.com\/no\/wp-json\/wp\/v2\/comments?post=375209"}],"version-history":[{"count":0,"href":"https:\/\/stylingagenten.com\/no\/wp-json\/wp\/v2\/product\/375209\/revisions"}],"wp:featuredmedia":[{"embeddable":true,"href":"https:\/\/stylingagenten.com\/no\/wp-json\/wp\/v2\/media\/375198"}],"wp:attachment":[{"href":"https:\/\/stylingagenten.com\/no\/wp-json\/wp\/v2\/media?parent=375209"}],"wp:term":[{"taxonomy":"product_brand","embeddable":true,"href":"https:\/\/stylingagenten.com\/no\/wp-json\/wp\/v2\/product_brand?post=375209"},{"taxonomy":"product_cat","embeddable":true,"href":"https:\/\/stylingagenten.com\/no\/wp-json\/wp\/v2\/product_cat?post=375209"},{"taxonomy":"product_tag","embeddable":true,"href":"https:\/\/stylingagenten.com\/no\/wp-json\/wp\/v2\/product_tag?post=375209"},{"taxonomy":"berocket_brand","embeddable":true,"href":"https:\/\/stylingagenten.com\/no\/wp-json\/wp\/v2\/berocket_brand?post=375209"}],"curies":[{"name":"wp","href":"https:\/\/api.w.org\/{rel}","templated":true}]}}