{"id":375205,"date":"2025-05-18T20:53:15","date_gmt":"2025-05-18T20:53:15","guid":{"rendered":"https:\/\/staging2.stylingagenten.com\/no\/produkt\/lancome-la-vie-est-belle-iris-absolu-edp-50ml\/"},"modified":"2026-03-11T22:01:44","modified_gmt":"2026-03-11T22:01:44","slug":"lancome-la-vie-est-belle-iris-absolu-edp-50ml","status":"publish","type":"product","link":"https:\/\/stylingagenten.com\/no\/produkt\/lancome-la-vie-est-belle-iris-absolu-edp-50ml\/","title":{"rendered":"Lancome La Vie Est Belle Iris Absolu Edp 50ml"},"content":{"rendered":"<p>Lancome La Vie Est Belle Iris Absolu Edp 50ml<br \/>LYKKE LYKKE er ikke bare en stemning, det er en ren f\u00f8lelse. En kraftig, vibrerende og universell f\u00f8lelse i konstant bevegelse.<br \/>&#8211;<br \/>LYKKE sprer seg fra en person til en annen, og hver gang blir den kraftigere og bringer oss sammen. EN VANDENDE NY TOLKNING La Vie est Belle Iris Absolu Eau de Parfum er en str\u00e5lende, sofistikert og sensuell tolkning av ikoniske La Vie est Belle Eau de Parfum.<br \/>&#8211;<br \/>La Vie est Belle Iris Absolu er en vanedannende duft med en utrolig h\u00f8y konsentrasjon av iris, 10 ganger mer iris enn den klassiske La vie est Belle Eau de Parfum, og derfor er irisen ogs\u00e5 inkludert i navnet p\u00e5 duften for f\u00f8rste gang.<br \/>&#8211;<br \/>DUFTEN La vie est Belle Iris Absolu er en str\u00e5lende blomsterduft med en sofistikert duftsammensetning best\u00e5ende av fruktige toppnoter av mandarin og en solrik fikenakkord blandet med solb\u00e6rknopper.<br \/>&#8211;<br \/>Duftens hjerte best\u00e5r av en sjener\u00f8s blomsterbukett bundet rundt rike noter av rose og med friskheten av sjasmin som gir duften str\u00e5lende og feminine egenskaper.<br \/>&#8211;<br \/>I basisnotene er iris dominerende for \u00e5 fremheve den vanedannende Iris Absolu-signaturen. Det er ogs\u00e5 noter av patchouli og sensualiteten forsterkes av en sandeltre-akkord og en vanedannende gourmand-akkord.<br \/>&#8211;<br \/>FLASKEN La Vie est Belle-flasken, med sitt ikoniske krystallsmil, har blitt omtolket i en moderne og estetisk utgave. Flasken har et endel\u00f8st smil og symboliserer en glad og fri kvinne.<br \/>&#8211;<br \/>Som et symbol p\u00e5 frihet er flaskehalsen omgitt av et b\u00e5nd med to vinger i organza \u2013 frihetens vinger. FAMILIEN La vie est Belle Iris Absolu er en del av La vie est Belle-familien.<br \/>&#8211;<br \/>La vie est Belle er en overbevisning, en kunngj\u00f8ring til verden om at livet er vakkert n\u00e5r du velger din egen vei til lykke .<\/p>\n","protected":false},"excerpt":{"rendered":"<p>Lancome La Vie Est Belle Iris Absolu Edp 50mlLYKKE LYKKE er ikke bare en stemning, det er en ren f\u00f8lelse. En kraftig, vibrerende og universell f\u00f8lelse i konstant bevegelse.&#8211;LYKKE sprer seg fra en person til en annen, og hver gang blir den kraftigere og bringer oss sammen. EN VANDENDE NY TOLKNING La Vie est Belle [&hellip;]<\/p>\n","protected":false},"featured_media":375196,"comment_status":"open","ping_status":"closed","template":"","meta":{"_trash_the_other_posts":false},"product_brand":[],"product_cat":[706,735,1006,999,534],"product_tag":[3186],"berocket_brand":[1128],"class_list":{"0":"post-375205","1":"product","2":"type-product","3":"status-publish","4":"has-post-thumbnail","6":"product_cat-eau-de-parfum-dame","7":"product_cat-kampanje","8":"product_cat-kampanjepris","9":"product_cat-kampanjetilbud-for-henne","10":"product_cat-parfyme-dame","11":"product_tag-lancome-la-vie-est-belle-iris-absolu-edp","12":"pa_brand-lancome","13":"pa_variant-50ml","14":"berocket_brand-lancome","16":"first","17":"instock","18":"sale","19":"taxable","20":"shipping-taxable","21":"purchasable","22":"product-type-simple"},"_links":{"self":[{"href":"https:\/\/stylingagenten.com\/no\/wp-json\/wp\/v2\/product\/375205","targetHints":{"allow":["GET"]}}],"collection":[{"href":"https:\/\/stylingagenten.com\/no\/wp-json\/wp\/v2\/product"}],"about":[{"href":"https:\/\/stylingagenten.com\/no\/wp-json\/wp\/v2\/types\/product"}],"replies":[{"embeddable":true,"href":"https:\/\/stylingagenten.com\/no\/wp-json\/wp\/v2\/comments?post=375205"}],"version-history":[{"count":0,"href":"https:\/\/stylingagenten.com\/no\/wp-json\/wp\/v2\/product\/375205\/revisions"}],"wp:featuredmedia":[{"embeddable":true,"href":"https:\/\/stylingagenten.com\/no\/wp-json\/wp\/v2\/media\/375196"}],"wp:attachment":[{"href":"https:\/\/stylingagenten.com\/no\/wp-json\/wp\/v2\/media?parent=375205"}],"wp:term":[{"taxonomy":"product_brand","embeddable":true,"href":"https:\/\/stylingagenten.com\/no\/wp-json\/wp\/v2\/product_brand?post=375205"},{"taxonomy":"product_cat","embeddable":true,"href":"https:\/\/stylingagenten.com\/no\/wp-json\/wp\/v2\/product_cat?post=375205"},{"taxonomy":"product_tag","embeddable":true,"href":"https:\/\/stylingagenten.com\/no\/wp-json\/wp\/v2\/product_tag?post=375205"},{"taxonomy":"berocket_brand","embeddable":true,"href":"https:\/\/stylingagenten.com\/no\/wp-json\/wp\/v2\/berocket_brand?post=375205"}],"curies":[{"name":"wp","href":"https:\/\/api.w.org\/{rel}","templated":true}]}}