{"id":375187,"date":"2025-05-18T20:53:11","date_gmt":"2025-05-18T20:53:11","guid":{"rendered":"https:\/\/staging2.stylingagenten.com\/no\/produkt\/paris-hilton-gold-rush-edp-100ml\/"},"modified":"2026-04-08T15:27:21","modified_gmt":"2026-04-08T15:27:21","slug":"paris-hilton-gold-rush-edp-100ml","status":"publish","type":"product","link":"https:\/\/stylingagenten.com\/no\/produkt\/paris-hilton-gold-rush-edp-100ml\/","title":{"rendered":"Paris Hilton Gold Rush Edp 100ml"},"content":{"rendered":"<p>Paris Hilton Gold Rush Edp 100ml<br \/>Parfymen fungerer best p\u00e5 dagtid om h\u00f8sten og v\u00e5ren, men fungerer selvf\u00f8lgelig ogs\u00e5 om natten og de andre \u00e5rstidene.<br \/>Duften er merkbart s\u00f8t, lett melkeaktig, pudret og n\u00f8tteaktig. Den har ogs\u00e5 en nydelig vaniljeduft.<br \/>Toppnotene best\u00e5r av bergamott, sitron og nektarin. F\u00f8lg deretter hjertenotene med Orchid, Rose og Violet. Til slutt f\u00f8lger basisnotene med pralin, kasjmirtre og vanilje.<\/p>\n","protected":false},"excerpt":{"rendered":"<p>Paris Hilton Gold Rush Edp 100mlParfymen fungerer best p\u00e5 dagtid om h\u00f8sten og v\u00e5ren, men fungerer selvf\u00f8lgelig ogs\u00e5 om natten og de andre \u00e5rstidene.Duften er merkbart s\u00f8t, lett melkeaktig, pudret og n\u00f8tteaktig. Den har ogs\u00e5 en nydelig vaniljeduft.Toppnotene best\u00e5r av bergamott, sitron og nektarin. F\u00f8lg deretter hjertenotene med Orchid, Rose og Violet. Til slutt f\u00f8lger [&hellip;]<\/p>\n","protected":false},"featured_media":375182,"comment_status":"open","ping_status":"closed","template":"","meta":{"_trash_the_other_posts":false},"product_brand":[],"product_cat":[706,735,1006,999,534],"product_tag":[],"berocket_brand":[1051],"class_list":{"0":"post-375187","1":"product","2":"type-product","3":"status-publish","4":"has-post-thumbnail","6":"product_cat-eau-de-parfum-dame","7":"product_cat-kampanje","8":"product_cat-kampanjepris","9":"product_cat-kampanjetilbud-for-henne","10":"product_cat-parfyme-dame","11":"pa_brand-paris-hilton","12":"berocket_brand-paris-hilton","14":"first","15":"instock","16":"sale","17":"taxable","18":"shipping-taxable","19":"purchasable","20":"product-type-simple"},"_links":{"self":[{"href":"https:\/\/stylingagenten.com\/no\/wp-json\/wp\/v2\/product\/375187","targetHints":{"allow":["GET"]}}],"collection":[{"href":"https:\/\/stylingagenten.com\/no\/wp-json\/wp\/v2\/product"}],"about":[{"href":"https:\/\/stylingagenten.com\/no\/wp-json\/wp\/v2\/types\/product"}],"replies":[{"embeddable":true,"href":"https:\/\/stylingagenten.com\/no\/wp-json\/wp\/v2\/comments?post=375187"}],"version-history":[{"count":0,"href":"https:\/\/stylingagenten.com\/no\/wp-json\/wp\/v2\/product\/375187\/revisions"}],"wp:featuredmedia":[{"embeddable":true,"href":"https:\/\/stylingagenten.com\/no\/wp-json\/wp\/v2\/media\/375182"}],"wp:attachment":[{"href":"https:\/\/stylingagenten.com\/no\/wp-json\/wp\/v2\/media?parent=375187"}],"wp:term":[{"taxonomy":"product_brand","embeddable":true,"href":"https:\/\/stylingagenten.com\/no\/wp-json\/wp\/v2\/product_brand?post=375187"},{"taxonomy":"product_cat","embeddable":true,"href":"https:\/\/stylingagenten.com\/no\/wp-json\/wp\/v2\/product_cat?post=375187"},{"taxonomy":"product_tag","embeddable":true,"href":"https:\/\/stylingagenten.com\/no\/wp-json\/wp\/v2\/product_tag?post=375187"},{"taxonomy":"berocket_brand","embeddable":true,"href":"https:\/\/stylingagenten.com\/no\/wp-json\/wp\/v2\/berocket_brand?post=375187"}],"curies":[{"name":"wp","href":"https:\/\/api.w.org\/{rel}","templated":true}]}}