{"id":375177,"date":"2025-05-18T20:53:09","date_gmt":"2025-05-18T20:53:09","guid":{"rendered":"https:\/\/staging2.stylingagenten.com\/no\/produkt\/guerlain-samsara-edt-75ml\/"},"modified":"2026-03-11T22:01:48","modified_gmt":"2026-03-11T22:01:48","slug":"guerlain-samsara-edt-75ml","status":"publish","type":"product","link":"https:\/\/stylingagenten.com\/no\/produkt\/guerlain-samsara-edt-75ml\/","title":{"rendered":"Guerlain Samsara Edt 75ml"},"content":{"rendered":"<p>Guerlain Samsara er et perfekt valg for alle som liker klassiske muggen og elegante Guerlain-parfymer, med en varm orientalsk duft og tydelig treaktig karakter. Jean-Paul Guerlain skapte denne duften i 1989 og siden den gang har Samsara v\u00e6rt f\u00f8rstevalget for mange kvinner. De dominerende notene er en kombinasjon av vanilje, sandeltre og rav samt aromatisk narcissus, ylang-ylang og iris. Den dype varme og krydrede duften er ogs\u00e5 supplert med en frisk tilsetning av bergamott samt gr\u00f8nne toner og s\u00f8dme fra fersken. Guerlain Samsara er utvilsomt en unik parfyme med tydelig karakter, s\u00e5 den er med andre ord ikke for deg som er redd for \u00e5 trekke oppmerksomhet til deg. Hvis du derimot er ute etter en spesiell, elegant og varm duft \u00e5 ha p\u00e5 romantiske middager og spesielle anledninger, er dette definitivt noe for deg.<\/p>\n<p>Toppnotater &#8211; Fersken, bergamot, sitron, ylang- ylang og gr\u00f8nne toner<\/p>\n<p>Mellomnoter &#8211; Jasmin, rose, fiolett, iris, orrisrot og narcissus<\/p>\n<p>Basenoter &#8211; Musk, vanilje, sandeltre, tonkab\u00f8nne, rav og iris<\/p>\n","protected":false},"excerpt":{"rendered":"<p>Guerlain Samsara er et perfekt valg for alle som liker klassiske muggen og elegante Guerlain-parfymer, med en varm orientalsk duft og tydelig treaktig karakter. Jean-Paul Guerlain skapte denne duften i 1989 og siden den gang har Samsara v\u00e6rt f\u00f8rstevalget for mange kvinner. De dominerende notene er en kombinasjon av vanilje, sandeltre og rav samt aromatisk [&hellip;]<\/p>\n","protected":false},"featured_media":375169,"comment_status":"open","ping_status":"closed","template":"","meta":{"_trash_the_other_posts":false},"product_brand":[],"product_cat":[707,735,999],"product_tag":[2947],"berocket_brand":[1330],"class_list":{"0":"post-375177","1":"product","2":"type-product","3":"status-publish","4":"has-post-thumbnail","6":"product_cat-eau-de-toilette-dame","7":"product_cat-kampanje","8":"product_cat-kampanjetilbud-for-henne","9":"product_tag-guerlain-samsara-edt","10":"pa_brand-guerlain","11":"pa_variant-75ml","12":"berocket_brand-guerlain","14":"first","15":"instock","16":"sale","17":"taxable","18":"shipping-taxable","19":"purchasable","20":"product-type-simple"},"_links":{"self":[{"href":"https:\/\/stylingagenten.com\/no\/wp-json\/wp\/v2\/product\/375177","targetHints":{"allow":["GET"]}}],"collection":[{"href":"https:\/\/stylingagenten.com\/no\/wp-json\/wp\/v2\/product"}],"about":[{"href":"https:\/\/stylingagenten.com\/no\/wp-json\/wp\/v2\/types\/product"}],"replies":[{"embeddable":true,"href":"https:\/\/stylingagenten.com\/no\/wp-json\/wp\/v2\/comments?post=375177"}],"version-history":[{"count":0,"href":"https:\/\/stylingagenten.com\/no\/wp-json\/wp\/v2\/product\/375177\/revisions"}],"wp:featuredmedia":[{"embeddable":true,"href":"https:\/\/stylingagenten.com\/no\/wp-json\/wp\/v2\/media\/375169"}],"wp:attachment":[{"href":"https:\/\/stylingagenten.com\/no\/wp-json\/wp\/v2\/media?parent=375177"}],"wp:term":[{"taxonomy":"product_brand","embeddable":true,"href":"https:\/\/stylingagenten.com\/no\/wp-json\/wp\/v2\/product_brand?post=375177"},{"taxonomy":"product_cat","embeddable":true,"href":"https:\/\/stylingagenten.com\/no\/wp-json\/wp\/v2\/product_cat?post=375177"},{"taxonomy":"product_tag","embeddable":true,"href":"https:\/\/stylingagenten.com\/no\/wp-json\/wp\/v2\/product_tag?post=375177"},{"taxonomy":"berocket_brand","embeddable":true,"href":"https:\/\/stylingagenten.com\/no\/wp-json\/wp\/v2\/berocket_brand?post=375177"}],"curies":[{"name":"wp","href":"https:\/\/api.w.org\/{rel}","templated":true}]}}