{"id":375171,"date":"2025-05-18T20:53:07","date_gmt":"2025-05-18T20:53:07","guid":{"rendered":"https:\/\/staging2.stylingagenten.com\/no\/produkt\/marc-jacobs-daisy-pop-edt-50ml\/"},"modified":"2026-03-11T22:01:06","modified_gmt":"2026-03-11T22:01:06","slug":"marc-jacobs-daisy-pop-edt-50ml","status":"publish","type":"product","link":"https:\/\/stylingagenten.com\/no\/produkt\/marc-jacobs-daisy-pop-edt-50ml\/","title":{"rendered":"Marc Jacobs Daisy Pop Edt 50ml"},"content":{"rendered":"<p>Marc Jacobs Daisy Pop Edt har en frisk symfoni av sprudlende grapefrukt balansert av eteriske toner av yuzu og fiolblad. I hjertet samles hint av jasmin med frisk kumquat og blomstrende fiolakkorder, f\u00f8r de jordes med jordn\u00e6r musk og treaktige undertoner av varm pamplewood og beroligende vanilje. Notene danser sammen for \u00e5 skape en ekstraordin\u00e6r kombinasjon av uventede sitrusaromaer som gnistrer.<\/p>\n<p>Denne overraskende fruktige, men likevel blomstrede duftbuketten, som kommer i en begrenset utgave av en matt rosa flaske, er inspirert av fargeblokker og distinkte teksturer som finnes i Marc Jacobs&#8217; motekolleksjoner. De i\u00f8ynefallende, lekne flaskene har f\u00e5tt en helt ny matt rosa farge med innslag av lilla, gr\u00f8nt og r\u00f8dt som gir korkene en overraskende vri!<\/p>\n<p>50ml<\/p>\n","protected":false},"excerpt":{"rendered":"<p>Marc Jacobs Daisy Pop Edt har en frisk symfoni av sprudlende grapefrukt balansert av eteriske toner av yuzu og fiolblad. I hjertet samles hint av jasmin med frisk kumquat og blomstrende fiolakkorder, f\u00f8r de jordes med jordn\u00e6r musk og treaktige undertoner av varm pamplewood og beroligende vanilje. Notene danser sammen for \u00e5 skape en ekstraordin\u00e6r [&hellip;]<\/p>\n","protected":false},"featured_media":375147,"comment_status":"open","ping_status":"closed","template":"","meta":{"_trash_the_other_posts":false},"product_brand":[],"product_cat":[707,735,999],"product_tag":[],"berocket_brand":[1069],"class_list":{"0":"post-375171","1":"product","2":"type-product","3":"status-publish","4":"has-post-thumbnail","6":"product_cat-eau-de-toilette-dame","7":"product_cat-kampanje","8":"product_cat-kampanjetilbud-for-henne","9":"pa_brand-marc-jacobs","10":"berocket_brand-marc-jacobs","12":"first","13":"instock","14":"sale","15":"taxable","16":"shipping-taxable","17":"purchasable","18":"product-type-simple"},"_links":{"self":[{"href":"https:\/\/stylingagenten.com\/no\/wp-json\/wp\/v2\/product\/375171","targetHints":{"allow":["GET"]}}],"collection":[{"href":"https:\/\/stylingagenten.com\/no\/wp-json\/wp\/v2\/product"}],"about":[{"href":"https:\/\/stylingagenten.com\/no\/wp-json\/wp\/v2\/types\/product"}],"replies":[{"embeddable":true,"href":"https:\/\/stylingagenten.com\/no\/wp-json\/wp\/v2\/comments?post=375171"}],"version-history":[{"count":0,"href":"https:\/\/stylingagenten.com\/no\/wp-json\/wp\/v2\/product\/375171\/revisions"}],"wp:featuredmedia":[{"embeddable":true,"href":"https:\/\/stylingagenten.com\/no\/wp-json\/wp\/v2\/media\/375147"}],"wp:attachment":[{"href":"https:\/\/stylingagenten.com\/no\/wp-json\/wp\/v2\/media?parent=375171"}],"wp:term":[{"taxonomy":"product_brand","embeddable":true,"href":"https:\/\/stylingagenten.com\/no\/wp-json\/wp\/v2\/product_brand?post=375171"},{"taxonomy":"product_cat","embeddable":true,"href":"https:\/\/stylingagenten.com\/no\/wp-json\/wp\/v2\/product_cat?post=375171"},{"taxonomy":"product_tag","embeddable":true,"href":"https:\/\/stylingagenten.com\/no\/wp-json\/wp\/v2\/product_tag?post=375171"},{"taxonomy":"berocket_brand","embeddable":true,"href":"https:\/\/stylingagenten.com\/no\/wp-json\/wp\/v2\/berocket_brand?post=375171"}],"curies":[{"name":"wp","href":"https:\/\/api.w.org\/{rel}","templated":true}]}}