{"id":375156,"date":"2025-05-18T20:53:06","date_gmt":"2025-05-18T20:53:06","guid":{"rendered":"https:\/\/staging2.stylingagenten.com\/no\/produkt\/lattafa-yara-edp-100ml\/"},"modified":"2026-03-30T02:18:45","modified_gmt":"2026-03-30T02:18:45","slug":"lattafa-yara-edp-100ml","status":"publish","type":"product","link":"https:\/\/stylingagenten.com\/no\/produkt\/lattafa-yara-edp-100ml\/","title":{"rendered":"Lattafa Yara Edp 100ml"},"content":{"rendered":"<p>Unn deg en duft som f\u00e5r deg til \u00e5 f\u00f8le deg str\u00e5lende uansett hvor du er! Lattafa Yara er en Eau de Parfum for kvinner som symboliserer luksus og eksklusivitet, og selv de mest kresne vil v\u00e6re mer enn forn\u00f8yde med dens sofistikerte duftkomposisjon. <\/p>\n<p>Toppnoter: Heliotrop, Mandarin, Orkide<br \/>\n<br \/>Hjertenoter: Blomster, Tropisk frukt<br \/>\n<br \/>Basenoter: Vanilje, Sandeltre, Musk<\/p>\n<p>100ml<\/p>\n","protected":false},"excerpt":{"rendered":"<p>Unn deg en duft som f\u00e5r deg til \u00e5 f\u00f8le deg str\u00e5lende uansett hvor du er! Lattafa Yara er en Eau de Parfum for kvinner som symboliserer luksus og eksklusivitet, og selv de mest kresne vil v\u00e6re mer enn forn\u00f8yde med dens sofistikerte duftkomposisjon. Toppnoter: Heliotrop, Mandarin, Orkide Hjertenoter: Blomster, Tropisk frukt Basenoter: Vanilje, Sandeltre, [&hellip;]<\/p>\n","protected":false},"featured_media":375150,"comment_status":"open","ping_status":"closed","template":"","meta":{"_trash_the_other_posts":false},"product_brand":[],"product_cat":[706,735,999],"product_tag":[],"berocket_brand":[1414],"class_list":{"0":"post-375156","1":"product","2":"type-product","3":"status-publish","4":"has-post-thumbnail","6":"product_cat-eau-de-parfum-dame","7":"product_cat-kampanje","8":"product_cat-kampanjetilbud-for-henne","9":"pa_brand-lattafa","10":"berocket_brand-lattafa","12":"first","13":"instock","14":"sale","15":"taxable","16":"shipping-taxable","17":"purchasable","18":"product-type-simple"},"_links":{"self":[{"href":"https:\/\/stylingagenten.com\/no\/wp-json\/wp\/v2\/product\/375156","targetHints":{"allow":["GET"]}}],"collection":[{"href":"https:\/\/stylingagenten.com\/no\/wp-json\/wp\/v2\/product"}],"about":[{"href":"https:\/\/stylingagenten.com\/no\/wp-json\/wp\/v2\/types\/product"}],"replies":[{"embeddable":true,"href":"https:\/\/stylingagenten.com\/no\/wp-json\/wp\/v2\/comments?post=375156"}],"version-history":[{"count":0,"href":"https:\/\/stylingagenten.com\/no\/wp-json\/wp\/v2\/product\/375156\/revisions"}],"wp:featuredmedia":[{"embeddable":true,"href":"https:\/\/stylingagenten.com\/no\/wp-json\/wp\/v2\/media\/375150"}],"wp:attachment":[{"href":"https:\/\/stylingagenten.com\/no\/wp-json\/wp\/v2\/media?parent=375156"}],"wp:term":[{"taxonomy":"product_brand","embeddable":true,"href":"https:\/\/stylingagenten.com\/no\/wp-json\/wp\/v2\/product_brand?post=375156"},{"taxonomy":"product_cat","embeddable":true,"href":"https:\/\/stylingagenten.com\/no\/wp-json\/wp\/v2\/product_cat?post=375156"},{"taxonomy":"product_tag","embeddable":true,"href":"https:\/\/stylingagenten.com\/no\/wp-json\/wp\/v2\/product_tag?post=375156"},{"taxonomy":"berocket_brand","embeddable":true,"href":"https:\/\/stylingagenten.com\/no\/wp-json\/wp\/v2\/berocket_brand?post=375156"}],"curies":[{"name":"wp","href":"https:\/\/api.w.org\/{rel}","templated":true}]}}