{"id":375128,"date":"2025-05-18T20:53:01","date_gmt":"2025-05-18T20:53:01","guid":{"rendered":"https:\/\/staging2.stylingagenten.com\/no\/produkt\/elizabeth-arden-white-tea-edp-50ml\/"},"modified":"2026-03-22T08:07:39","modified_gmt":"2026-03-22T08:07:39","slug":"elizabeth-arden-white-tea-edp-50ml","status":"publish","type":"product","link":"https:\/\/stylingagenten.com\/no\/produkt\/elizabeth-arden-white-tea-edp-50ml\/","title":{"rendered":"Elizabeth Arden White Tea Edp 50ml"},"content":{"rendered":"<p>Elizabeth Arden White Tea hyller gleden av livet. Oppdag gleden i \u00e5 ta et \u00f8yeblikk for deg selv og nyte den personlige refleksjonen som f\u00f8lger med det. Pust dypt, la roen omfavne deg, og nyt \u00f8yeblikket. White Tea inviterer deg til \u00e5 ta del i skj\u00f8nnheten som omgir deg hver dag.<\/p>\n<p>Fra skaperne av den opprinnelige White Tea Eau de Toilette, introduserer Elizabeth Arden den nye duften White Tea Eau de Parfum. En frisk floral duft hvis myke varme ligger igjen p\u00e5 huden som en omfavnelse. Utviklet med sensorisk innovasjon i form av VivaScentz\u2122-teknologi, vekker denne eau de parfumen en dypere f\u00f8lelse av velv\u00e6re hos brukeren.<\/p>\n<p>Toppnoter: Italiensk mandarin, Havbris-akkord, Salvie<br \/>\n<br \/>Hjertenoter: Hvitt te-akkord, Mate Absolutt, Rosenvann, Jasmineblad<br \/>\n<br \/>Basenoter: Etisk produsert Tonkab\u00f8nne absolutt, Musk, Amber tre<\/p>\n<p>50ml<\/p>\n","protected":false},"excerpt":{"rendered":"<p>Elizabeth Arden White Tea hyller gleden av livet. Oppdag gleden i \u00e5 ta et \u00f8yeblikk for deg selv og nyte den personlige refleksjonen som f\u00f8lger med det. Pust dypt, la roen omfavne deg, og nyt \u00f8yeblikket. White Tea inviterer deg til \u00e5 ta del i skj\u00f8nnheten som omgir deg hver dag. Fra skaperne av den [&hellip;]<\/p>\n","protected":false},"featured_media":375123,"comment_status":"open","ping_status":"closed","template":"","meta":{"_trash_the_other_posts":false},"product_brand":[],"product_cat":[706,735,999],"product_tag":[2869],"berocket_brand":[1303],"class_list":{"0":"post-375128","1":"product","2":"type-product","3":"status-publish","4":"has-post-thumbnail","6":"product_cat-eau-de-parfum-dame","7":"product_cat-kampanje","8":"product_cat-kampanjetilbud-for-henne","9":"product_tag-elizabeth-arden-white-tea-edp","10":"pa_brand-elizabeth-arden","11":"pa_variant-50ml","12":"berocket_brand-elizabeth-arden","14":"first","15":"outofstock","16":"sale","17":"taxable","18":"shipping-taxable","19":"purchasable","20":"product-type-simple"},"_links":{"self":[{"href":"https:\/\/stylingagenten.com\/no\/wp-json\/wp\/v2\/product\/375128","targetHints":{"allow":["GET"]}}],"collection":[{"href":"https:\/\/stylingagenten.com\/no\/wp-json\/wp\/v2\/product"}],"about":[{"href":"https:\/\/stylingagenten.com\/no\/wp-json\/wp\/v2\/types\/product"}],"replies":[{"embeddable":true,"href":"https:\/\/stylingagenten.com\/no\/wp-json\/wp\/v2\/comments?post=375128"}],"version-history":[{"count":0,"href":"https:\/\/stylingagenten.com\/no\/wp-json\/wp\/v2\/product\/375128\/revisions"}],"wp:featuredmedia":[{"embeddable":true,"href":"https:\/\/stylingagenten.com\/no\/wp-json\/wp\/v2\/media\/375123"}],"wp:attachment":[{"href":"https:\/\/stylingagenten.com\/no\/wp-json\/wp\/v2\/media?parent=375128"}],"wp:term":[{"taxonomy":"product_brand","embeddable":true,"href":"https:\/\/stylingagenten.com\/no\/wp-json\/wp\/v2\/product_brand?post=375128"},{"taxonomy":"product_cat","embeddable":true,"href":"https:\/\/stylingagenten.com\/no\/wp-json\/wp\/v2\/product_cat?post=375128"},{"taxonomy":"product_tag","embeddable":true,"href":"https:\/\/stylingagenten.com\/no\/wp-json\/wp\/v2\/product_tag?post=375128"},{"taxonomy":"berocket_brand","embeddable":true,"href":"https:\/\/stylingagenten.com\/no\/wp-json\/wp\/v2\/berocket_brand?post=375128"}],"curies":[{"name":"wp","href":"https:\/\/api.w.org\/{rel}","templated":true}]}}