{"id":375121,"date":"2025-05-18T20:52:58","date_gmt":"2025-05-18T20:52:58","guid":{"rendered":"https:\/\/staging2.stylingagenten.com\/no\/produkt\/lattafa-oud-mood-reminiscence-edp-100ml\/"},"modified":"2026-03-11T21:48:38","modified_gmt":"2026-03-11T21:48:38","slug":"lattafa-oud-mood-reminiscence-edp-100ml","status":"publish","type":"product","link":"https:\/\/stylingagenten.com\/no\/produkt\/lattafa-oud-mood-reminiscence-edp-100ml\/","title":{"rendered":"Lattafa Oud Mood Reminiscence Edp 100ml"},"content":{"rendered":"<p>Eau de Parfum for menn, Lattafa Oud Mood Reminiscence, hjelper deg \u00e5 finne din indre maskulinitet, styrke og mot. Duften overrasker med sin maskulinitet og fremhever p\u00e5 en perfekt m\u00e5te din karakter i alle situasjoner.<\/p>\n<p>Toppnoter: Bergamot, Eple, Ananas<br \/>\n<br \/>Hjertenoter: Rose, Patchouli, Bj\u00f8rk, Jasmin<br \/>\n<br \/>Basenoter: Sl\u00e5nlav, Musk, Amber, Vanilje<\/p>\n<p>100ml<\/p>\n","protected":false},"excerpt":{"rendered":"<p>Eau de Parfum for menn, Lattafa Oud Mood Reminiscence, hjelper deg \u00e5 finne din indre maskulinitet, styrke og mot. Duften overrasker med sin maskulinitet og fremhever p\u00e5 en perfekt m\u00e5te din karakter i alle situasjoner. Toppnoter: Bergamot, Eple, Ananas Hjertenoter: Rose, Patchouli, Bj\u00f8rk, Jasmin Basenoter: Sl\u00e5nlav, Musk, Amber, Vanilje 100ml<\/p>\n","protected":false},"featured_media":375119,"comment_status":"open","ping_status":"closed","template":"","meta":{"_trash_the_other_posts":false},"product_brand":[],"product_cat":[708,735,999],"product_tag":[],"berocket_brand":[1414],"class_list":{"0":"post-375121","1":"product","2":"type-product","3":"status-publish","4":"has-post-thumbnail","6":"product_cat-eau-de-parfum-herr","7":"product_cat-kampanje","8":"product_cat-kampanjetilbud-for-henne","9":"pa_brand-lattafa","10":"berocket_brand-lattafa","12":"first","13":"instock","14":"sale","15":"taxable","16":"shipping-taxable","17":"purchasable","18":"product-type-simple"},"_links":{"self":[{"href":"https:\/\/stylingagenten.com\/no\/wp-json\/wp\/v2\/product\/375121","targetHints":{"allow":["GET"]}}],"collection":[{"href":"https:\/\/stylingagenten.com\/no\/wp-json\/wp\/v2\/product"}],"about":[{"href":"https:\/\/stylingagenten.com\/no\/wp-json\/wp\/v2\/types\/product"}],"replies":[{"embeddable":true,"href":"https:\/\/stylingagenten.com\/no\/wp-json\/wp\/v2\/comments?post=375121"}],"version-history":[{"count":0,"href":"https:\/\/stylingagenten.com\/no\/wp-json\/wp\/v2\/product\/375121\/revisions"}],"wp:featuredmedia":[{"embeddable":true,"href":"https:\/\/stylingagenten.com\/no\/wp-json\/wp\/v2\/media\/375119"}],"wp:attachment":[{"href":"https:\/\/stylingagenten.com\/no\/wp-json\/wp\/v2\/media?parent=375121"}],"wp:term":[{"taxonomy":"product_brand","embeddable":true,"href":"https:\/\/stylingagenten.com\/no\/wp-json\/wp\/v2\/product_brand?post=375121"},{"taxonomy":"product_cat","embeddable":true,"href":"https:\/\/stylingagenten.com\/no\/wp-json\/wp\/v2\/product_cat?post=375121"},{"taxonomy":"product_tag","embeddable":true,"href":"https:\/\/stylingagenten.com\/no\/wp-json\/wp\/v2\/product_tag?post=375121"},{"taxonomy":"berocket_brand","embeddable":true,"href":"https:\/\/stylingagenten.com\/no\/wp-json\/wp\/v2\/berocket_brand?post=375121"}],"curies":[{"name":"wp","href":"https:\/\/api.w.org\/{rel}","templated":true}]}}