{"id":375107,"date":"2025-05-18T20:52:55","date_gmt":"2025-05-18T20:52:55","guid":{"rendered":"https:\/\/staging2.stylingagenten.com\/no\/produkt\/lattafa-mayar-natural-intense-edp-100ml\/"},"modified":"2026-03-17T17:17:39","modified_gmt":"2026-03-17T17:17:39","slug":"lattafa-mayar-natural-intense-edp-100ml","status":"publish","type":"product","link":"https:\/\/stylingagenten.com\/no\/produkt\/lattafa-mayar-natural-intense-edp-100ml\/","title":{"rendered":"Lattafa Mayar Natural Intense Edp 100ml"},"content":{"rendered":"<p>La deg omfavnes av en duft som f\u00e5r deg til \u00e5 f\u00f8le deg fantastisk hele d\u00f8gnet. Lattafa Mayar Natural Intense er en Eau de Parfum for kvinner som st\u00e5r for optimisme og en f\u00f8lelse av fullstendig lykke.<\/p>\n<p>Toppnoter: Fiken, Gr\u00f8nn mandarin, Kokosvann, Melon<br \/>\n<br \/>Hjertenoter: Vannlilje, Jasmin, Lotus<br \/>\n<br \/>Basenoter: Vanilje, Sandeltre, Ambroxan, Musk<\/p>\n<p>100ml<\/p>\n","protected":false},"excerpt":{"rendered":"<p>La deg omfavnes av en duft som f\u00e5r deg til \u00e5 f\u00f8le deg fantastisk hele d\u00f8gnet. Lattafa Mayar Natural Intense er en Eau de Parfum for kvinner som st\u00e5r for optimisme og en f\u00f8lelse av fullstendig lykke. Toppnoter: Fiken, Gr\u00f8nn mandarin, Kokosvann, Melon Hjertenoter: Vannlilje, Jasmin, Lotus Basenoter: Vanilje, Sandeltre, Ambroxan, Musk 100ml<\/p>\n","protected":false},"featured_media":375103,"comment_status":"open","ping_status":"closed","template":"","meta":{"_trash_the_other_posts":false},"product_brand":[],"product_cat":[706,735,999],"product_tag":[],"berocket_brand":[1414],"class_list":{"0":"post-375107","1":"product","2":"type-product","3":"status-publish","4":"has-post-thumbnail","6":"product_cat-eau-de-parfum-dame","7":"product_cat-kampanje","8":"product_cat-kampanjetilbud-for-henne","9":"pa_brand-lattafa","10":"berocket_brand-lattafa","12":"first","13":"instock","14":"sale","15":"taxable","16":"shipping-taxable","17":"purchasable","18":"product-type-simple"},"_links":{"self":[{"href":"https:\/\/stylingagenten.com\/no\/wp-json\/wp\/v2\/product\/375107","targetHints":{"allow":["GET"]}}],"collection":[{"href":"https:\/\/stylingagenten.com\/no\/wp-json\/wp\/v2\/product"}],"about":[{"href":"https:\/\/stylingagenten.com\/no\/wp-json\/wp\/v2\/types\/product"}],"replies":[{"embeddable":true,"href":"https:\/\/stylingagenten.com\/no\/wp-json\/wp\/v2\/comments?post=375107"}],"version-history":[{"count":0,"href":"https:\/\/stylingagenten.com\/no\/wp-json\/wp\/v2\/product\/375107\/revisions"}],"wp:featuredmedia":[{"embeddable":true,"href":"https:\/\/stylingagenten.com\/no\/wp-json\/wp\/v2\/media\/375103"}],"wp:attachment":[{"href":"https:\/\/stylingagenten.com\/no\/wp-json\/wp\/v2\/media?parent=375107"}],"wp:term":[{"taxonomy":"product_brand","embeddable":true,"href":"https:\/\/stylingagenten.com\/no\/wp-json\/wp\/v2\/product_brand?post=375107"},{"taxonomy":"product_cat","embeddable":true,"href":"https:\/\/stylingagenten.com\/no\/wp-json\/wp\/v2\/product_cat?post=375107"},{"taxonomy":"product_tag","embeddable":true,"href":"https:\/\/stylingagenten.com\/no\/wp-json\/wp\/v2\/product_tag?post=375107"},{"taxonomy":"berocket_brand","embeddable":true,"href":"https:\/\/stylingagenten.com\/no\/wp-json\/wp\/v2\/berocket_brand?post=375107"}],"curies":[{"name":"wp","href":"https:\/\/api.w.org\/{rel}","templated":true}]}}