{"id":375098,"date":"2025-05-18T20:52:53","date_gmt":"2025-05-18T20:52:53","guid":{"rendered":"https:\/\/staging2.stylingagenten.com\/no\/produkt\/lattafa-badee-al-oud-amethyst-edp-100ml\/"},"modified":"2026-04-13T13:38:48","modified_gmt":"2026-04-13T13:38:48","slug":"lattafa-badee-al-oud-amethyst-edp-100ml","status":"publish","type":"product","link":"https:\/\/stylingagenten.com\/no\/produkt\/lattafa-badee-al-oud-amethyst-edp-100ml\/","title":{"rendered":"Lattafa Bade&#8217;e Al Oud Amethyst Edp 100ml"},"content":{"rendered":"<p>Pakk deg inn i en duft som smelter sammen med kroppen din og blir din nye signatur. Eau de parfumen Lattafa Badee Al Oud Ametyst vil du elske fra f\u00f8rste duft, og den vil aldri slutte \u00e5 overraske deg.<\/p>\n<p>Toppnoter: Ros\u00e9peppar, Bergamott<br \/>\n<br \/>Hjertenoter: Damaskusrose, Bulgarsk rose, Jasmin<br \/>\n<br \/>Basenoter: Agarwood r\u00f8yk, Rav, Vanilje<\/p>\n<p>100ml<\/p>\n","protected":false},"excerpt":{"rendered":"<p>Pakk deg inn i en duft som smelter sammen med kroppen din og blir din nye signatur. Eau de parfumen Lattafa Badee Al Oud Ametyst vil du elske fra f\u00f8rste duft, og den vil aldri slutte \u00e5 overraske deg. Toppnoter: Ros\u00e9peppar, Bergamott Hjertenoter: Damaskusrose, Bulgarsk rose, Jasmin Basenoter: Agarwood r\u00f8yk, Rav, Vanilje 100ml<\/p>\n","protected":false},"featured_media":375094,"comment_status":"open","ping_status":"closed","template":"","meta":{"_trash_the_other_posts":false},"product_brand":[],"product_cat":[706],"product_tag":[],"berocket_brand":[1414],"class_list":{"0":"post-375098","1":"product","2":"type-product","3":"status-publish","4":"has-post-thumbnail","6":"product_cat-eau-de-parfum-dame","7":"pa_brand-lattafa","8":"berocket_brand-lattafa","10":"first","11":"instock","12":"sale","13":"taxable","14":"shipping-taxable","15":"purchasable","16":"product-type-simple"},"_links":{"self":[{"href":"https:\/\/stylingagenten.com\/no\/wp-json\/wp\/v2\/product\/375098","targetHints":{"allow":["GET"]}}],"collection":[{"href":"https:\/\/stylingagenten.com\/no\/wp-json\/wp\/v2\/product"}],"about":[{"href":"https:\/\/stylingagenten.com\/no\/wp-json\/wp\/v2\/types\/product"}],"replies":[{"embeddable":true,"href":"https:\/\/stylingagenten.com\/no\/wp-json\/wp\/v2\/comments?post=375098"}],"version-history":[{"count":0,"href":"https:\/\/stylingagenten.com\/no\/wp-json\/wp\/v2\/product\/375098\/revisions"}],"wp:featuredmedia":[{"embeddable":true,"href":"https:\/\/stylingagenten.com\/no\/wp-json\/wp\/v2\/media\/375094"}],"wp:attachment":[{"href":"https:\/\/stylingagenten.com\/no\/wp-json\/wp\/v2\/media?parent=375098"}],"wp:term":[{"taxonomy":"product_brand","embeddable":true,"href":"https:\/\/stylingagenten.com\/no\/wp-json\/wp\/v2\/product_brand?post=375098"},{"taxonomy":"product_cat","embeddable":true,"href":"https:\/\/stylingagenten.com\/no\/wp-json\/wp\/v2\/product_cat?post=375098"},{"taxonomy":"product_tag","embeddable":true,"href":"https:\/\/stylingagenten.com\/no\/wp-json\/wp\/v2\/product_tag?post=375098"},{"taxonomy":"berocket_brand","embeddable":true,"href":"https:\/\/stylingagenten.com\/no\/wp-json\/wp\/v2\/berocket_brand?post=375098"}],"curies":[{"name":"wp","href":"https:\/\/api.w.org\/{rel}","templated":true}]}}