{"id":375095,"date":"2025-05-18T20:52:53","date_gmt":"2025-05-18T20:52:53","guid":{"rendered":"https:\/\/staging2.stylingagenten.com\/no\/produkt\/jimmy-choo-fever-edp-40ml\/"},"modified":"2026-04-06T17:58:39","modified_gmt":"2026-04-06T17:58:39","slug":"jimmy-choo-fever-edp-40ml","status":"publish","type":"product","link":"https:\/\/stylingagenten.com\/no\/produkt\/jimmy-choo-fever-edp-40ml\/","title":{"rendered":"Jimmy Choo Fever Edp 40ml"},"content":{"rendered":"<p>Jimmy Choo Fever EdP \u00e5pner med den overveldende, men likevel herlig saftige s\u00f8dmen av plomme, vevd sammen med roselignende litchi-nyanser og subtile, bitre grapefruktakkorder. I hjertenoten smelter heliotropens myke pudderkonsistens sammen med eksotisk vaniljeorkid\u00e9, effektivt kontrastert av ultra-feminin jasmin. I basen utvikler kremet sandeltre, balsamisk-varm benzoin og mandellignende ristede toner av tonkab\u00f8nner en uendelig fascinasjon og tilf\u00f8rer duften sin uovertrufne fl\u00f8yelsmyke og meget sensuelle karakter.<\/p>\n<p>Toppnoter: Svart plommenektar, Litchi, Grapefrukt<br \/>\n<br \/>Hjertenoter: Heliotrop, Vaniljeorkid\u00e9, Jasmin<br \/>\n<br \/>Bunnoter: Ristede Tonkab\u00f8nner, Benzoin, Sandeltre<\/p>\n<p>40ml<\/p>\n","protected":false},"excerpt":{"rendered":"<p>Jimmy Choo Fever EdP \u00e5pner med den overveldende, men likevel herlig saftige s\u00f8dmen av plomme, vevd sammen med roselignende litchi-nyanser og subtile, bitre grapefruktakkorder. I hjertenoten smelter heliotropens myke pudderkonsistens sammen med eksotisk vaniljeorkid\u00e9, effektivt kontrastert av ultra-feminin jasmin. I basen utvikler kremet sandeltre, balsamisk-varm benzoin og mandellignende ristede toner av tonkab\u00f8nner en uendelig fascinasjon [&hellip;]<\/p>\n","protected":false},"featured_media":375089,"comment_status":"open","ping_status":"closed","template":"","meta":{"_trash_the_other_posts":false},"product_brand":[],"product_cat":[706,735,999],"product_tag":[],"berocket_brand":[1122],"class_list":{"0":"post-375095","1":"product","2":"type-product","3":"status-publish","4":"has-post-thumbnail","6":"product_cat-eau-de-parfum-dame","7":"product_cat-kampanje","8":"product_cat-kampanjetilbud-for-henne","9":"pa_brand-jimmy-choo","10":"berocket_brand-jimmy-choo","12":"first","13":"instock","14":"sale","15":"taxable","16":"shipping-taxable","17":"purchasable","18":"product-type-simple"},"_links":{"self":[{"href":"https:\/\/stylingagenten.com\/no\/wp-json\/wp\/v2\/product\/375095","targetHints":{"allow":["GET"]}}],"collection":[{"href":"https:\/\/stylingagenten.com\/no\/wp-json\/wp\/v2\/product"}],"about":[{"href":"https:\/\/stylingagenten.com\/no\/wp-json\/wp\/v2\/types\/product"}],"replies":[{"embeddable":true,"href":"https:\/\/stylingagenten.com\/no\/wp-json\/wp\/v2\/comments?post=375095"}],"version-history":[{"count":0,"href":"https:\/\/stylingagenten.com\/no\/wp-json\/wp\/v2\/product\/375095\/revisions"}],"wp:featuredmedia":[{"embeddable":true,"href":"https:\/\/stylingagenten.com\/no\/wp-json\/wp\/v2\/media\/375089"}],"wp:attachment":[{"href":"https:\/\/stylingagenten.com\/no\/wp-json\/wp\/v2\/media?parent=375095"}],"wp:term":[{"taxonomy":"product_brand","embeddable":true,"href":"https:\/\/stylingagenten.com\/no\/wp-json\/wp\/v2\/product_brand?post=375095"},{"taxonomy":"product_cat","embeddable":true,"href":"https:\/\/stylingagenten.com\/no\/wp-json\/wp\/v2\/product_cat?post=375095"},{"taxonomy":"product_tag","embeddable":true,"href":"https:\/\/stylingagenten.com\/no\/wp-json\/wp\/v2\/product_tag?post=375095"},{"taxonomy":"berocket_brand","embeddable":true,"href":"https:\/\/stylingagenten.com\/no\/wp-json\/wp\/v2\/berocket_brand?post=375095"}],"curies":[{"name":"wp","href":"https:\/\/api.w.org\/{rel}","templated":true}]}}