{"id":375077,"date":"2025-05-18T20:52:49","date_gmt":"2025-05-18T20:52:49","guid":{"rendered":"https:\/\/staging2.stylingagenten.com\/no\/produkt\/replay-green-on-me-woman-edp-100ml\/"},"modified":"2026-02-24T22:46:40","modified_gmt":"2026-02-24T22:46:40","slug":"replay-green-on-me-woman-edp-100ml","status":"publish","type":"product","link":"https:\/\/stylingagenten.com\/no\/produkt\/replay-green-on-me-woman-edp-100ml\/","title":{"rendered":"Replay Green On Me Woman Edp 100ml"},"content":{"rendered":"<p>Replay Green On Me Woman EdP skal vekke f\u00f8lelsen av et drivhus tidlig om morgenen. Solstr\u00e5lene begynner \u00e5 sive inn gjennom vinduene, som fortsatt er duggete fra ettermiddagens varme. Blomstene, fortsatt fuktige av dugg, begynner \u00e5 blomstre og avsl\u00f8rer forsiktig sine klare farger mens de sprer naturens forf\u00f8rende duft.<\/p>\n<p>Toppnoter: bergamott, gul mandarin, ef\u00f8y<br \/>\n<br \/>Hjertenoter: heliotrop, appelsinblomst, gr\u00f8nt eple<br \/>\n<br \/>Bunnoter: vanilje, sandeltre, patchouliblader<\/p>\n<p>100ml<\/p>\n","protected":false},"excerpt":{"rendered":"<p>Replay Green On Me Woman EdP skal vekke f\u00f8lelsen av et drivhus tidlig om morgenen. Solstr\u00e5lene begynner \u00e5 sive inn gjennom vinduene, som fortsatt er duggete fra ettermiddagens varme. Blomstene, fortsatt fuktige av dugg, begynner \u00e5 blomstre og avsl\u00f8rer forsiktig sine klare farger mens de sprer naturens forf\u00f8rende duft. Toppnoter: bergamott, gul mandarin, ef\u00f8y Hjertenoter: [&hellip;]<\/p>\n","protected":false},"featured_media":375064,"comment_status":"open","ping_status":"closed","template":"","meta":{"_trash_the_other_posts":false},"product_brand":[],"product_cat":[706,735,999],"product_tag":[3893],"berocket_brand":[1120],"class_list":{"0":"post-375077","1":"product","2":"type-product","3":"status-publish","4":"has-post-thumbnail","6":"product_cat-eau-de-parfum-dame","7":"product_cat-kampanje","8":"product_cat-kampanjetilbud-for-henne","9":"product_tag-replay-green-on-me-woman-edp","10":"pa_brand-replay","11":"pa_variant-100ml","12":"berocket_brand-replay","14":"first","15":"instock","16":"sale","17":"taxable","18":"shipping-taxable","19":"purchasable","20":"product-type-simple"},"_links":{"self":[{"href":"https:\/\/stylingagenten.com\/no\/wp-json\/wp\/v2\/product\/375077","targetHints":{"allow":["GET"]}}],"collection":[{"href":"https:\/\/stylingagenten.com\/no\/wp-json\/wp\/v2\/product"}],"about":[{"href":"https:\/\/stylingagenten.com\/no\/wp-json\/wp\/v2\/types\/product"}],"replies":[{"embeddable":true,"href":"https:\/\/stylingagenten.com\/no\/wp-json\/wp\/v2\/comments?post=375077"}],"version-history":[{"count":0,"href":"https:\/\/stylingagenten.com\/no\/wp-json\/wp\/v2\/product\/375077\/revisions"}],"wp:featuredmedia":[{"embeddable":true,"href":"https:\/\/stylingagenten.com\/no\/wp-json\/wp\/v2\/media\/375064"}],"wp:attachment":[{"href":"https:\/\/stylingagenten.com\/no\/wp-json\/wp\/v2\/media?parent=375077"}],"wp:term":[{"taxonomy":"product_brand","embeddable":true,"href":"https:\/\/stylingagenten.com\/no\/wp-json\/wp\/v2\/product_brand?post=375077"},{"taxonomy":"product_cat","embeddable":true,"href":"https:\/\/stylingagenten.com\/no\/wp-json\/wp\/v2\/product_cat?post=375077"},{"taxonomy":"product_tag","embeddable":true,"href":"https:\/\/stylingagenten.com\/no\/wp-json\/wp\/v2\/product_tag?post=375077"},{"taxonomy":"berocket_brand","embeddable":true,"href":"https:\/\/stylingagenten.com\/no\/wp-json\/wp\/v2\/berocket_brand?post=375077"}],"curies":[{"name":"wp","href":"https:\/\/api.w.org\/{rel}","templated":true}]}}