{"id":375052,"date":"2025-05-18T20:52:45","date_gmt":"2025-05-18T20:52:45","guid":{"rendered":"https:\/\/staging2.stylingagenten.com\/no\/produkt\/anna-sui-fantasia-mermaid-edt-75ml\/"},"modified":"2026-03-24T20:56:33","modified_gmt":"2026-03-24T20:56:33","slug":"anna-sui-fantasia-mermaid-edt-75ml","status":"publish","type":"product","link":"https:\/\/stylingagenten.com\/no\/produkt\/anna-sui-fantasia-mermaid-edt-75ml\/","title":{"rendered":"Anna Sui Fantasia Mermaid Edt 75ml"},"content":{"rendered":"<p>Anna Sui dykker ned i en fantasifull undervannsverden med en ny duft: Fantasia Mermaid.<br \/>\n<br \/>Etter \u00e5 ha vandret gjennom mystiske land med Fantasia, er det p\u00e5 tide \u00e5 fortsette reisen under de glitrende havene. En sorgl\u00f8s og sensuell duft, Fantasia Mermaid\u2019s maritime, fruktige og blomstrende noter fremkaller mysterium, fortryllelse og eventyr.<\/p>\n<p>Toppnoter: Blodappelsin, Mandarin, Kardemomme<br \/>\n<br \/>Hjertenoter: Jasmin, Vannlitchi<br \/>\n<br \/>Basenoter: Lyst tre, Vanilje, Honning, Tonkab\u00f8nne<\/p>\n<p>75ml<\/p>\n","protected":false},"excerpt":{"rendered":"<p>Anna Sui dykker ned i en fantasifull undervannsverden med en ny duft: Fantasia Mermaid. Etter \u00e5 ha vandret gjennom mystiske land med Fantasia, er det p\u00e5 tide \u00e5 fortsette reisen under de glitrende havene. En sorgl\u00f8s og sensuell duft, Fantasia Mermaid\u2019s maritime, fruktige og blomstrende noter fremkaller mysterium, fortryllelse og eventyr. Toppnoter: Blodappelsin, Mandarin, Kardemomme [&hellip;]<\/p>\n","protected":false},"featured_media":375046,"comment_status":"open","ping_status":"closed","template":"","meta":{"_trash_the_other_posts":false},"product_brand":[],"product_cat":[707,735,999],"product_tag":[2367],"berocket_brand":[1247],"class_list":{"0":"post-375052","1":"product","2":"type-product","3":"status-publish","4":"has-post-thumbnail","6":"product_cat-eau-de-toilette-dame","7":"product_cat-kampanje","8":"product_cat-kampanjetilbud-for-henne","9":"product_tag-anna-sui-fantasia-mermaid-edt","10":"pa_brand-anna-sui","11":"pa_variant-75ml","12":"berocket_brand-anna-sui","14":"first","15":"instock","16":"sale","17":"taxable","18":"shipping-taxable","19":"purchasable","20":"product-type-simple"},"_links":{"self":[{"href":"https:\/\/stylingagenten.com\/no\/wp-json\/wp\/v2\/product\/375052","targetHints":{"allow":["GET"]}}],"collection":[{"href":"https:\/\/stylingagenten.com\/no\/wp-json\/wp\/v2\/product"}],"about":[{"href":"https:\/\/stylingagenten.com\/no\/wp-json\/wp\/v2\/types\/product"}],"replies":[{"embeddable":true,"href":"https:\/\/stylingagenten.com\/no\/wp-json\/wp\/v2\/comments?post=375052"}],"version-history":[{"count":0,"href":"https:\/\/stylingagenten.com\/no\/wp-json\/wp\/v2\/product\/375052\/revisions"}],"wp:featuredmedia":[{"embeddable":true,"href":"https:\/\/stylingagenten.com\/no\/wp-json\/wp\/v2\/media\/375046"}],"wp:attachment":[{"href":"https:\/\/stylingagenten.com\/no\/wp-json\/wp\/v2\/media?parent=375052"}],"wp:term":[{"taxonomy":"product_brand","embeddable":true,"href":"https:\/\/stylingagenten.com\/no\/wp-json\/wp\/v2\/product_brand?post=375052"},{"taxonomy":"product_cat","embeddable":true,"href":"https:\/\/stylingagenten.com\/no\/wp-json\/wp\/v2\/product_cat?post=375052"},{"taxonomy":"product_tag","embeddable":true,"href":"https:\/\/stylingagenten.com\/no\/wp-json\/wp\/v2\/product_tag?post=375052"},{"taxonomy":"berocket_brand","embeddable":true,"href":"https:\/\/stylingagenten.com\/no\/wp-json\/wp\/v2\/berocket_brand?post=375052"}],"curies":[{"name":"wp","href":"https:\/\/api.w.org\/{rel}","templated":true}]}}