{"id":375045,"date":"2025-05-18T20:52:43","date_gmt":"2025-05-18T20:52:43","guid":{"rendered":"https:\/\/staging2.stylingagenten.com\/no\/produkt\/creed-acqua-fiorentina-edp-75ml\/"},"modified":"2026-04-06T09:19:13","modified_gmt":"2026-04-06T09:19:13","slug":"creed-acqua-fiorentina-edp-75ml","status":"publish","type":"product","link":"https:\/\/stylingagenten.com\/no\/produkt\/creed-acqua-fiorentina-edp-75ml\/","title":{"rendered":"Creed Acqua Fiorentina Edp 75ml"},"content":{"rendered":"<p>Den fruktige Acqua Fiorentina er en mild og fyldig duft som lukter som en landlig hage midt p\u00e5 sommeren. De deilige sitrustoppnotene smelter sammen med en saftig kjerne av rose, plomme og eple. En krydret blanding av Virginiansk sedertre kombineres med en lykkelig hvit musk som blir v\u00e6rende p\u00e5 huden n\u00e5r duften v\u00e5kner til liv.<\/p>\n<p>Toppnoter: Plomme, Eple<br \/>\n<br \/>Hjertenoter: Bergamott, Sitron, P\u00e6re, Rose, Siciliansk Bergamott<br \/>\n<br \/>Basenoter: Sandeltre, Virginiansk Sedertre, Hvit Grapefrukt<\/p>\n<p>75ml<\/p>\n","protected":false},"excerpt":{"rendered":"<p>Den fruktige Acqua Fiorentina er en mild og fyldig duft som lukter som en landlig hage midt p\u00e5 sommeren. De deilige sitrustoppnotene smelter sammen med en saftig kjerne av rose, plomme og eple. En krydret blanding av Virginiansk sedertre kombineres med en lykkelig hvit musk som blir v\u00e6rende p\u00e5 huden n\u00e5r duften v\u00e5kner til liv. [&hellip;]<\/p>\n","protected":false},"featured_media":375026,"comment_status":"open","ping_status":"closed","template":"","meta":{"_trash_the_other_posts":false},"product_brand":[],"product_cat":[706,735,999],"product_tag":[2730],"berocket_brand":[1236],"class_list":{"0":"post-375045","1":"product","2":"type-product","3":"status-publish","4":"has-post-thumbnail","6":"product_cat-eau-de-parfum-dame","7":"product_cat-kampanje","8":"product_cat-kampanjetilbud-for-henne","9":"product_tag-creed-acqua-fiorentina-edp","10":"pa_brand-creed","11":"pa_variant-75ml","12":"berocket_brand-creed","14":"first","15":"instock","16":"sale","17":"taxable","18":"shipping-taxable","19":"purchasable","20":"product-type-simple"},"_links":{"self":[{"href":"https:\/\/stylingagenten.com\/no\/wp-json\/wp\/v2\/product\/375045","targetHints":{"allow":["GET"]}}],"collection":[{"href":"https:\/\/stylingagenten.com\/no\/wp-json\/wp\/v2\/product"}],"about":[{"href":"https:\/\/stylingagenten.com\/no\/wp-json\/wp\/v2\/types\/product"}],"replies":[{"embeddable":true,"href":"https:\/\/stylingagenten.com\/no\/wp-json\/wp\/v2\/comments?post=375045"}],"version-history":[{"count":0,"href":"https:\/\/stylingagenten.com\/no\/wp-json\/wp\/v2\/product\/375045\/revisions"}],"wp:featuredmedia":[{"embeddable":true,"href":"https:\/\/stylingagenten.com\/no\/wp-json\/wp\/v2\/media\/375026"}],"wp:attachment":[{"href":"https:\/\/stylingagenten.com\/no\/wp-json\/wp\/v2\/media?parent=375045"}],"wp:term":[{"taxonomy":"product_brand","embeddable":true,"href":"https:\/\/stylingagenten.com\/no\/wp-json\/wp\/v2\/product_brand?post=375045"},{"taxonomy":"product_cat","embeddable":true,"href":"https:\/\/stylingagenten.com\/no\/wp-json\/wp\/v2\/product_cat?post=375045"},{"taxonomy":"product_tag","embeddable":true,"href":"https:\/\/stylingagenten.com\/no\/wp-json\/wp\/v2\/product_tag?post=375045"},{"taxonomy":"berocket_brand","embeddable":true,"href":"https:\/\/stylingagenten.com\/no\/wp-json\/wp\/v2\/berocket_brand?post=375045"}],"curies":[{"name":"wp","href":"https:\/\/api.w.org\/{rel}","templated":true}]}}