{"id":375042,"date":"2025-05-18T20:52:43","date_gmt":"2025-05-18T20:52:43","guid":{"rendered":"https:\/\/staging2.stylingagenten.com\/no\/produkt\/creed-aventus-for-her-edp-75ml\/"},"modified":"2026-02-04T21:11:48","modified_gmt":"2026-02-04T21:11:48","slug":"creed-aventus-for-her-edp-75ml","status":"publish","type":"product","link":"https:\/\/stylingagenten.com\/no\/produkt\/creed-aventus-for-her-edp-75ml\/","title":{"rendered":"Creed Aventus For Her Edp 75ml"},"content":{"rendered":"<p>Creed Aventus For Her er en spennende duft inspirert av noen av historiens mektigste kvinner: keiserinner, dronninger og statsoverhoder. Det tok nesten tre \u00e5r \u00e5 skape den. Mange av dem har v\u00e6rt eller er Creed-kunder. Duften gjenspeiler makt, visjon og suksess. Aventus For Her komplementerer og reflekterer \u00e5nden til sin ber\u00f8mte og edle mannlige motpart, Creed Aventus. Den symboliserer styrke, kraft, visjon, suksess og er en hyllest til &laquo;Femme Forte&raquo; (sterke kvinner).<\/p>\n<p>Toppnoter: Egyptiske gr\u00f8nne epler, rosa b\u00e6r, patchouli, italiensk bergamott<br \/>\n<br \/>Hjertenoter: Bulgarske og tyrkiske roser, sandeltre, styrax, moskus<br \/>\n<br \/>Basenoter: S\u00f8t fersken, solb\u00e6r, syrin, amber, ylang-ylang<\/p>\n<p>75ml<\/p>\n","protected":false},"excerpt":{"rendered":"<p>Creed Aventus For Her er en spennende duft inspirert av noen av historiens mektigste kvinner: keiserinner, dronninger og statsoverhoder. Det tok nesten tre \u00e5r \u00e5 skape den. Mange av dem har v\u00e6rt eller er Creed-kunder. Duften gjenspeiler makt, visjon og suksess. Aventus For Her komplementerer og reflekterer \u00e5nden til sin ber\u00f8mte og edle mannlige motpart, [&hellip;]<\/p>\n","protected":false},"featured_media":375028,"comment_status":"open","ping_status":"closed","template":"","meta":{"_trash_the_other_posts":false},"product_brand":[],"product_cat":[706],"product_tag":[2733],"berocket_brand":[1236],"class_list":{"0":"post-375042","1":"product","2":"type-product","3":"status-publish","4":"has-post-thumbnail","6":"product_cat-eau-de-parfum-dame","7":"product_tag-creed-aventus-for-her-edp","8":"pa_brand-creed","9":"pa_variant-75ml","10":"berocket_brand-creed","12":"first","13":"outofstock","14":"taxable","15":"shipping-taxable","16":"purchasable","17":"product-type-simple"},"_links":{"self":[{"href":"https:\/\/stylingagenten.com\/no\/wp-json\/wp\/v2\/product\/375042","targetHints":{"allow":["GET"]}}],"collection":[{"href":"https:\/\/stylingagenten.com\/no\/wp-json\/wp\/v2\/product"}],"about":[{"href":"https:\/\/stylingagenten.com\/no\/wp-json\/wp\/v2\/types\/product"}],"replies":[{"embeddable":true,"href":"https:\/\/stylingagenten.com\/no\/wp-json\/wp\/v2\/comments?post=375042"}],"version-history":[{"count":0,"href":"https:\/\/stylingagenten.com\/no\/wp-json\/wp\/v2\/product\/375042\/revisions"}],"wp:featuredmedia":[{"embeddable":true,"href":"https:\/\/stylingagenten.com\/no\/wp-json\/wp\/v2\/media\/375028"}],"wp:attachment":[{"href":"https:\/\/stylingagenten.com\/no\/wp-json\/wp\/v2\/media?parent=375042"}],"wp:term":[{"taxonomy":"product_brand","embeddable":true,"href":"https:\/\/stylingagenten.com\/no\/wp-json\/wp\/v2\/product_brand?post=375042"},{"taxonomy":"product_cat","embeddable":true,"href":"https:\/\/stylingagenten.com\/no\/wp-json\/wp\/v2\/product_cat?post=375042"},{"taxonomy":"product_tag","embeddable":true,"href":"https:\/\/stylingagenten.com\/no\/wp-json\/wp\/v2\/product_tag?post=375042"},{"taxonomy":"berocket_brand","embeddable":true,"href":"https:\/\/stylingagenten.com\/no\/wp-json\/wp\/v2\/berocket_brand?post=375042"}],"curies":[{"name":"wp","href":"https:\/\/api.w.org\/{rel}","templated":true}]}}