{"id":375014,"date":"2025-05-18T20:52:38","date_gmt":"2025-05-18T20:52:38","guid":{"rendered":"https:\/\/staging2.stylingagenten.com\/no\/produkt\/creed-love-in-black-edp-75ml\/"},"modified":"2026-03-11T22:01:56","modified_gmt":"2026-03-11T22:01:56","slug":"creed-love-in-black-edp-75ml","status":"publish","type":"product","link":"https:\/\/stylingagenten.com\/no\/produkt\/creed-love-in-black-edp-75ml\/","title":{"rendered":"Creed Love In Black Edp 75ml"},"content":{"rendered":"<p>Creed Love In Black Edp er Creeds hyllest til Jacqueline Kennedy Onassis og er ment \u00e5 fremkalle den unike besluttsomheten til Mrs. Onassis: \u00abHennes mystiske \u00f8yne bak de m\u00f8rke solbrillene, hennes m\u00f8rke, b\u00f8lgete h\u00e5r, den fantastiske figuren, kledd i svart stoff.\u00bb I Love in Black forenes elementer som er symboliske for hennes liv.<\/p>\n<p>Toppnoter: Fiol, Virginiansk Sedertre<br \/>\n<br \/>Hjertenoter: Iris Florentina, Nellik, Musk<br \/>\n<br \/>Basenoter: Gresk Fiol, Solb\u00e6r, Rose<\/p>\n<p>75ml<\/p>\n","protected":false},"excerpt":{"rendered":"<p>Creed Love In Black Edp er Creeds hyllest til Jacqueline Kennedy Onassis og er ment \u00e5 fremkalle den unike besluttsomheten til Mrs. Onassis: \u00abHennes mystiske \u00f8yne bak de m\u00f8rke solbrillene, hennes m\u00f8rke, b\u00f8lgete h\u00e5r, den fantastiske figuren, kledd i svart stoff.\u00bb I Love in Black forenes elementer som er symboliske for hennes liv. Toppnoter: Fiol, [&hellip;]<\/p>\n","protected":false},"featured_media":375004,"comment_status":"open","ping_status":"closed","template":"","meta":{"_trash_the_other_posts":false},"product_brand":[],"product_cat":[706,735,999],"product_tag":[],"berocket_brand":[1236],"class_list":{"0":"post-375014","1":"product","2":"type-product","3":"status-publish","4":"has-post-thumbnail","6":"product_cat-eau-de-parfum-dame","7":"product_cat-kampanje","8":"product_cat-kampanjetilbud-for-henne","9":"pa_brand-creed","10":"berocket_brand-creed","12":"first","13":"instock","14":"sale","15":"taxable","16":"shipping-taxable","17":"purchasable","18":"product-type-simple"},"_links":{"self":[{"href":"https:\/\/stylingagenten.com\/no\/wp-json\/wp\/v2\/product\/375014","targetHints":{"allow":["GET"]}}],"collection":[{"href":"https:\/\/stylingagenten.com\/no\/wp-json\/wp\/v2\/product"}],"about":[{"href":"https:\/\/stylingagenten.com\/no\/wp-json\/wp\/v2\/types\/product"}],"replies":[{"embeddable":true,"href":"https:\/\/stylingagenten.com\/no\/wp-json\/wp\/v2\/comments?post=375014"}],"version-history":[{"count":0,"href":"https:\/\/stylingagenten.com\/no\/wp-json\/wp\/v2\/product\/375014\/revisions"}],"wp:featuredmedia":[{"embeddable":true,"href":"https:\/\/stylingagenten.com\/no\/wp-json\/wp\/v2\/media\/375004"}],"wp:attachment":[{"href":"https:\/\/stylingagenten.com\/no\/wp-json\/wp\/v2\/media?parent=375014"}],"wp:term":[{"taxonomy":"product_brand","embeddable":true,"href":"https:\/\/stylingagenten.com\/no\/wp-json\/wp\/v2\/product_brand?post=375014"},{"taxonomy":"product_cat","embeddable":true,"href":"https:\/\/stylingagenten.com\/no\/wp-json\/wp\/v2\/product_cat?post=375014"},{"taxonomy":"product_tag","embeddable":true,"href":"https:\/\/stylingagenten.com\/no\/wp-json\/wp\/v2\/product_tag?post=375014"},{"taxonomy":"berocket_brand","embeddable":true,"href":"https:\/\/stylingagenten.com\/no\/wp-json\/wp\/v2\/berocket_brand?post=375014"}],"curies":[{"name":"wp","href":"https:\/\/api.w.org\/{rel}","templated":true}]}}