{"id":374973,"date":"2025-05-18T20:52:31","date_gmt":"2025-05-18T20:52:31","guid":{"rendered":"https:\/\/staging2.stylingagenten.com\/no\/produkt\/marc-jacobs-perfect-intense-edp-10ml\/"},"modified":"2026-03-27T13:08:58","modified_gmt":"2026-03-27T13:08:58","slug":"marc-jacobs-perfect-intense-edp-10ml","status":"publish","type":"product","link":"https:\/\/stylingagenten.com\/no\/produkt\/marc-jacobs-perfect-intense-edp-10ml\/","title":{"rendered":"Marc Jacobs Perfect Intense Edp 10ml"},"content":{"rendered":"<p>Fyldig. Gylden. Modig.<\/p>\n<p>Hyll skj\u00f8nnheten i \u00e5 v\u00e6re ekte, fryktl\u00f8s og #PerfectAsIAm med den nye duften for kvinner fra Marc Jacobs, Perfect Intense Eau de Parfum.<\/p>\n<p>Akkurat som den bestselgende originalduften Perfect, er Perfect Intense inspirert av Marc Jacobs\u2019 personlige mantra &laquo;jeg er perfekt som jeg er&raquo;, symbolisert av tatoveringen &laquo;perfect&raquo; p\u00e5 h\u00e5ndleddet hans.<\/p>\n<p>Tilh\u00f8rende duftfamilien floral, \u00e5pner Perfect Intense med str\u00e5lende noter av p\u00e5skelilje og hvit nattjasmin. Gyldne ristede mandler m\u00f8ter sandeltre og gir parfymen en varm, myk duftopplevelse. En fyldig, leken duft som varer lenge p\u00e5 huden og passer for alle kvinner.<\/p>\n<p>Duftfamilie: Comfort floral<br \/>\n<br \/>Toppnoter: Ristede mandler, ros\u00e9pepper<br \/>\n<br \/>Hjertenoter: Sitrus-absolutt, sjasmin sambac<br \/>\n<br \/>Bunnoter: Sesamolje, sandeltre, cashmeran<\/p>\n<p>10ml<\/p>\n","protected":false},"excerpt":{"rendered":"<p>Fyldig. Gylden. Modig. Hyll skj\u00f8nnheten i \u00e5 v\u00e6re ekte, fryktl\u00f8s og #PerfectAsIAm med den nye duften for kvinner fra Marc Jacobs, Perfect Intense Eau de Parfum. Akkurat som den bestselgende originalduften Perfect, er Perfect Intense inspirert av Marc Jacobs\u2019 personlige mantra &laquo;jeg er perfekt som jeg er&raquo;, symbolisert av tatoveringen &laquo;perfect&raquo; p\u00e5 h\u00e5ndleddet hans. Tilh\u00f8rende [&hellip;]<\/p>\n","protected":false},"featured_media":374964,"comment_status":"open","ping_status":"closed","template":"","meta":{"_trash_the_other_posts":false},"product_brand":[],"product_cat":[706,735,999],"product_tag":[3385],"berocket_brand":[1069],"class_list":{"0":"post-374973","1":"product","2":"type-product","3":"status-publish","4":"has-post-thumbnail","6":"product_cat-eau-de-parfum-dame","7":"product_cat-kampanje","8":"product_cat-kampanjetilbud-for-henne","9":"product_tag-marc-jacobs-perfect-intense-edp","10":"pa_brand-marc-jacobs","11":"pa_variant-10ml","12":"berocket_brand-marc-jacobs","14":"first","15":"instock","16":"sale","17":"taxable","18":"shipping-taxable","19":"purchasable","20":"product-type-simple"},"_links":{"self":[{"href":"https:\/\/stylingagenten.com\/no\/wp-json\/wp\/v2\/product\/374973","targetHints":{"allow":["GET"]}}],"collection":[{"href":"https:\/\/stylingagenten.com\/no\/wp-json\/wp\/v2\/product"}],"about":[{"href":"https:\/\/stylingagenten.com\/no\/wp-json\/wp\/v2\/types\/product"}],"replies":[{"embeddable":true,"href":"https:\/\/stylingagenten.com\/no\/wp-json\/wp\/v2\/comments?post=374973"}],"version-history":[{"count":0,"href":"https:\/\/stylingagenten.com\/no\/wp-json\/wp\/v2\/product\/374973\/revisions"}],"wp:featuredmedia":[{"embeddable":true,"href":"https:\/\/stylingagenten.com\/no\/wp-json\/wp\/v2\/media\/374964"}],"wp:attachment":[{"href":"https:\/\/stylingagenten.com\/no\/wp-json\/wp\/v2\/media?parent=374973"}],"wp:term":[{"taxonomy":"product_brand","embeddable":true,"href":"https:\/\/stylingagenten.com\/no\/wp-json\/wp\/v2\/product_brand?post=374973"},{"taxonomy":"product_cat","embeddable":true,"href":"https:\/\/stylingagenten.com\/no\/wp-json\/wp\/v2\/product_cat?post=374973"},{"taxonomy":"product_tag","embeddable":true,"href":"https:\/\/stylingagenten.com\/no\/wp-json\/wp\/v2\/product_tag?post=374973"},{"taxonomy":"berocket_brand","embeddable":true,"href":"https:\/\/stylingagenten.com\/no\/wp-json\/wp\/v2\/berocket_brand?post=374973"}],"curies":[{"name":"wp","href":"https:\/\/api.w.org\/{rel}","templated":true}]}}