{"id":374947,"date":"2025-05-18T20:52:26","date_gmt":"2025-05-18T20:52:26","guid":{"rendered":"https:\/\/staging2.stylingagenten.com\/no\/produkt\/gucci-bamboo-edp-75ml\/"},"modified":"2026-04-08T15:31:19","modified_gmt":"2026-04-08T15:31:19","slug":"gucci-bamboo-edp-75ml","status":"publish","type":"product","link":"https:\/\/stylingagenten.com\/no\/produkt\/gucci-bamboo-edp-75ml\/","title":{"rendered":"Gucci Bamboo Edp 75ml"},"content":{"rendered":"<p>Gucci Bamboo EdP er en uts\u00f8kt treaktig, blomstrende parfyme for den moderne, allsidige kvinnen. Den er b\u00e5de myk og intens og utstr\u00e5ler styrke og femininitet.<\/p>\n<p>Treaktige og varme duftnoter vibrerer gjennom hjertet og basen. Fyldig sandeltre, berusende tahitisk vanilje og unike akkorder av gr\u00e5 amber skaper en komplement\u00e6r kontrast til den iboende kvinneligheten som finnes i eksotiske blomsterdufter av myk Casablanca-lilje, delikat appelsinblomst og uts\u00f8kt ylang ylang \u2013 kraftfull og grasi\u00f8s. Bambus trives under ekstreme forhold; den kan motst\u00e5 styrken fra en orkan og har en naturlig styrke. Den er slank, elegant og hever seg over all annen vegetasjon. Den moderne Gucci-kvinnen deler bambusens egenskaper. Hun balanserer styrke og selvtillit med sin iboende kvinnelighet og balanse.<\/p>\n<p>Toppnoter: Sitrus &amp; appelsinblomst<br \/>\n<br \/>Hjertenoter: Ylang ylang, Casablanca-lilje, sjasmin &amp; kronblader<br \/>\n<br \/>Bunnoter: Tahitisk vanilje &amp; sandeltre<\/p>\n<p>75 ml<\/p>\n","protected":false},"excerpt":{"rendered":"<p>Gucci Bamboo EdP er en uts\u00f8kt treaktig, blomstrende parfyme for den moderne, allsidige kvinnen. Den er b\u00e5de myk og intens og utstr\u00e5ler styrke og femininitet. Treaktige og varme duftnoter vibrerer gjennom hjertet og basen. Fyldig sandeltre, berusende tahitisk vanilje og unike akkorder av gr\u00e5 amber skaper en komplement\u00e6r kontrast til den iboende kvinneligheten som finnes [&hellip;]<\/p>\n","protected":false},"featured_media":374938,"comment_status":"open","ping_status":"closed","template":"","meta":{"_trash_the_other_posts":false},"product_brand":[],"product_cat":[706,735,999],"product_tag":[2928],"berocket_brand":[1329],"class_list":{"0":"post-374947","1":"product","2":"type-product","3":"status-publish","4":"has-post-thumbnail","6":"product_cat-eau-de-parfum-dame","7":"product_cat-kampanje","8":"product_cat-kampanjetilbud-for-henne","9":"product_tag-gucci-bamboo-edp","10":"pa_brand-gucci","11":"pa_variant-75ml","12":"berocket_brand-gucci","14":"first","15":"instock","16":"sale","17":"taxable","18":"shipping-taxable","19":"purchasable","20":"product-type-simple"},"_links":{"self":[{"href":"https:\/\/stylingagenten.com\/no\/wp-json\/wp\/v2\/product\/374947","targetHints":{"allow":["GET"]}}],"collection":[{"href":"https:\/\/stylingagenten.com\/no\/wp-json\/wp\/v2\/product"}],"about":[{"href":"https:\/\/stylingagenten.com\/no\/wp-json\/wp\/v2\/types\/product"}],"replies":[{"embeddable":true,"href":"https:\/\/stylingagenten.com\/no\/wp-json\/wp\/v2\/comments?post=374947"}],"version-history":[{"count":0,"href":"https:\/\/stylingagenten.com\/no\/wp-json\/wp\/v2\/product\/374947\/revisions"}],"wp:featuredmedia":[{"embeddable":true,"href":"https:\/\/stylingagenten.com\/no\/wp-json\/wp\/v2\/media\/374938"}],"wp:attachment":[{"href":"https:\/\/stylingagenten.com\/no\/wp-json\/wp\/v2\/media?parent=374947"}],"wp:term":[{"taxonomy":"product_brand","embeddable":true,"href":"https:\/\/stylingagenten.com\/no\/wp-json\/wp\/v2\/product_brand?post=374947"},{"taxonomy":"product_cat","embeddable":true,"href":"https:\/\/stylingagenten.com\/no\/wp-json\/wp\/v2\/product_cat?post=374947"},{"taxonomy":"product_tag","embeddable":true,"href":"https:\/\/stylingagenten.com\/no\/wp-json\/wp\/v2\/product_tag?post=374947"},{"taxonomy":"berocket_brand","embeddable":true,"href":"https:\/\/stylingagenten.com\/no\/wp-json\/wp\/v2\/berocket_brand?post=374947"}],"curies":[{"name":"wp","href":"https:\/\/api.w.org\/{rel}","templated":true}]}}