{"id":374944,"date":"2025-05-18T20:52:26","date_gmt":"2025-05-18T20:52:26","guid":{"rendered":"https:\/\/staging2.stylingagenten.com\/no\/produkt\/marc-jacobs-daisy-ever-so-fresh-edp-125ml\/"},"modified":"2026-04-09T07:18:39","modified_gmt":"2026-04-09T07:18:39","slug":"marc-jacobs-daisy-ever-so-fresh-edp-125ml","status":"publish","type":"product","link":"https:\/\/stylingagenten.com\/no\/produkt\/marc-jacobs-daisy-ever-so-fresh-edp-125ml\/","title":{"rendered":"Marc Jacobs Daisy Ever So Fresh Edp 125ml"},"content":{"rendered":"<p>Gnistrende. Livlig. Energigivende. Vi presenterer Daisy Ever So Fresh, den nyeste duften i den ikoniske Daisy-kolleksjonen fra Marc Jacobs. Daisy Ever So Fresh er en langvarig duft med en solrik bukett av saftige sitrusnoter, som sammen med gnistrende rosenvann oppleves som en bris av blomsterduft. Kashmirtre gir duften en luftig, men energisk varme. De harmoniske notene skaper et fortryllende inntrykk og en duft som varer lenge. Den ungdommelige sjarmen inspirerer b\u00e6reren til \u00e5 t\u00f8rre \u00e5 v\u00e6re spontan.<\/p>\n<p>125ml<\/p>\n","protected":false},"excerpt":{"rendered":"<p>Gnistrende. Livlig. Energigivende. Vi presenterer Daisy Ever So Fresh, den nyeste duften i den ikoniske Daisy-kolleksjonen fra Marc Jacobs. Daisy Ever So Fresh er en langvarig duft med en solrik bukett av saftige sitrusnoter, som sammen med gnistrende rosenvann oppleves som en bris av blomsterduft. Kashmirtre gir duften en luftig, men energisk varme. De harmoniske [&hellip;]<\/p>\n","protected":false},"featured_media":374928,"comment_status":"open","ping_status":"closed","template":"","meta":{"_trash_the_other_posts":false},"product_brand":[],"product_cat":[706,735,999],"product_tag":[3378],"berocket_brand":[1069],"class_list":{"0":"post-374944","1":"product","2":"type-product","3":"status-publish","4":"has-post-thumbnail","6":"product_cat-eau-de-parfum-dame","7":"product_cat-kampanje","8":"product_cat-kampanjetilbud-for-henne","9":"product_tag-marc-jacobs-daisy-ever-so-fresh-edp","10":"pa_brand-marc-jacobs","11":"pa_variant-125ml","12":"berocket_brand-marc-jacobs","14":"first","15":"instock","16":"sale","17":"taxable","18":"shipping-taxable","19":"purchasable","20":"product-type-simple"},"_links":{"self":[{"href":"https:\/\/stylingagenten.com\/no\/wp-json\/wp\/v2\/product\/374944","targetHints":{"allow":["GET"]}}],"collection":[{"href":"https:\/\/stylingagenten.com\/no\/wp-json\/wp\/v2\/product"}],"about":[{"href":"https:\/\/stylingagenten.com\/no\/wp-json\/wp\/v2\/types\/product"}],"replies":[{"embeddable":true,"href":"https:\/\/stylingagenten.com\/no\/wp-json\/wp\/v2\/comments?post=374944"}],"version-history":[{"count":0,"href":"https:\/\/stylingagenten.com\/no\/wp-json\/wp\/v2\/product\/374944\/revisions"}],"wp:featuredmedia":[{"embeddable":true,"href":"https:\/\/stylingagenten.com\/no\/wp-json\/wp\/v2\/media\/374928"}],"wp:attachment":[{"href":"https:\/\/stylingagenten.com\/no\/wp-json\/wp\/v2\/media?parent=374944"}],"wp:term":[{"taxonomy":"product_brand","embeddable":true,"href":"https:\/\/stylingagenten.com\/no\/wp-json\/wp\/v2\/product_brand?post=374944"},{"taxonomy":"product_cat","embeddable":true,"href":"https:\/\/stylingagenten.com\/no\/wp-json\/wp\/v2\/product_cat?post=374944"},{"taxonomy":"product_tag","embeddable":true,"href":"https:\/\/stylingagenten.com\/no\/wp-json\/wp\/v2\/product_tag?post=374944"},{"taxonomy":"berocket_brand","embeddable":true,"href":"https:\/\/stylingagenten.com\/no\/wp-json\/wp\/v2\/berocket_brand?post=374944"}],"curies":[{"name":"wp","href":"https:\/\/api.w.org\/{rel}","templated":true}]}}