{"id":374924,"date":"2025-05-18T20:52:22","date_gmt":"2025-05-18T20:52:22","guid":{"rendered":"https:\/\/staging2.stylingagenten.com\/no\/produkt\/chloe-signature-edp-75ml\/"},"modified":"2026-04-13T18:45:34","modified_gmt":"2026-04-13T18:45:34","slug":"chloe-signature-edp-75ml","status":"publish","type":"product","link":"https:\/\/stylingagenten.com\/no\/produkt\/chloe-signature-edp-75ml\/","title":{"rendered":"Chlo\u00e9 Signature Edp 75ml"},"content":{"rendered":"<p>Denne parfymen fanger den kreative, selvsikre individualismen til en trygg, uavhengig kvinne med en medf\u00f8dt f\u00f8lelse av sjarm og naturlig sensualitet. Chloe Eau de Parfum endrer begrepet femininitet ved \u00e5 ta en klassisk, vakker rose og forvandle den til en moderne, vibrerende, pudderaktig og blomsterduft. Det er en varm, forf\u00f8rende og helt avhengighetsskapende duft.<\/p>\n<p>Friske, gr\u00f8nne, luftige noter blir sterkere og mer sensuelle, og avsl\u00f8rer den fl\u00f8yelsmyke innsiden av rosen. Basen best\u00e5r av varm amber, honning og elegant sedertre, som skaper en myk og betryggende avslutning.<\/p>\n<p>75 ml<\/p>\n","protected":false},"excerpt":{"rendered":"<p>Denne parfymen fanger den kreative, selvsikre individualismen til en trygg, uavhengig kvinne med en medf\u00f8dt f\u00f8lelse av sjarm og naturlig sensualitet. Chloe Eau de Parfum endrer begrepet femininitet ved \u00e5 ta en klassisk, vakker rose og forvandle den til en moderne, vibrerende, pudderaktig og blomsterduft. Det er en varm, forf\u00f8rende og helt avhengighetsskapende duft. Friske, [&hellip;]<\/p>\n","protected":false},"featured_media":374918,"comment_status":"open","ping_status":"closed","template":"","meta":{"_trash_the_other_posts":false},"product_brand":[],"product_cat":[706,735,999],"product_tag":[],"berocket_brand":[1101],"class_list":{"0":"post-374924","1":"product","2":"type-product","3":"status-publish","4":"has-post-thumbnail","6":"product_cat-eau-de-parfum-dame","7":"product_cat-kampanje","8":"product_cat-kampanjetilbud-for-henne","9":"pa_brand-chloe","10":"berocket_brand-chloe","12":"first","13":"outofstock","14":"sale","15":"taxable","16":"shipping-taxable","17":"purchasable","18":"product-type-simple"},"_links":{"self":[{"href":"https:\/\/stylingagenten.com\/no\/wp-json\/wp\/v2\/product\/374924","targetHints":{"allow":["GET"]}}],"collection":[{"href":"https:\/\/stylingagenten.com\/no\/wp-json\/wp\/v2\/product"}],"about":[{"href":"https:\/\/stylingagenten.com\/no\/wp-json\/wp\/v2\/types\/product"}],"replies":[{"embeddable":true,"href":"https:\/\/stylingagenten.com\/no\/wp-json\/wp\/v2\/comments?post=374924"}],"version-history":[{"count":0,"href":"https:\/\/stylingagenten.com\/no\/wp-json\/wp\/v2\/product\/374924\/revisions"}],"wp:featuredmedia":[{"embeddable":true,"href":"https:\/\/stylingagenten.com\/no\/wp-json\/wp\/v2\/media\/374918"}],"wp:attachment":[{"href":"https:\/\/stylingagenten.com\/no\/wp-json\/wp\/v2\/media?parent=374924"}],"wp:term":[{"taxonomy":"product_brand","embeddable":true,"href":"https:\/\/stylingagenten.com\/no\/wp-json\/wp\/v2\/product_brand?post=374924"},{"taxonomy":"product_cat","embeddable":true,"href":"https:\/\/stylingagenten.com\/no\/wp-json\/wp\/v2\/product_cat?post=374924"},{"taxonomy":"product_tag","embeddable":true,"href":"https:\/\/stylingagenten.com\/no\/wp-json\/wp\/v2\/product_tag?post=374924"},{"taxonomy":"berocket_brand","embeddable":true,"href":"https:\/\/stylingagenten.com\/no\/wp-json\/wp\/v2\/berocket_brand?post=374924"}],"curies":[{"name":"wp","href":"https:\/\/api.w.org\/{rel}","templated":true}]}}