{"id":374921,"date":"2025-05-18T20:52:21","date_gmt":"2025-05-18T20:52:21","guid":{"rendered":"https:\/\/staging2.stylingagenten.com\/no\/produkt\/guess-seductive-for-her-edt-125ml\/"},"modified":"2026-03-13T13:57:35","modified_gmt":"2026-03-13T13:57:35","slug":"guess-seductive-for-her-edt-125ml","status":"publish","type":"product","link":"https:\/\/stylingagenten.com\/no\/produkt\/guess-seductive-for-her-edt-125ml\/","title":{"rendered":"Guess Seductive For Her Edt 125ml"},"content":{"rendered":"<p>Guess Seductive EDT gir deg selvtilliten du trenger for alltid \u00e5 ha overtaket. Dens fruktige blomsteraktige noter fremhever perfekt din femininitet og distinkte sjarm, som gj\u00f8r at ingen kan motst\u00e5 deg.<\/p>\n<p>Toppnoter: Bergamot, Svartsurb\u00e6r, P\u00e6re<\/p>\n<p>Hjerte noter: Jasmine, Appelsinblomst, Irisrot<\/p>\n<p>Bunn noter: R\u00f8kelse, Vanilje<\/p>\n<p>125 ml<\/p>\n","protected":false},"excerpt":{"rendered":"<p>Guess Seductive EDT gir deg selvtilliten du trenger for alltid \u00e5 ha overtaket. Dens fruktige blomsteraktige noter fremhever perfekt din femininitet og distinkte sjarm, som gj\u00f8r at ingen kan motst\u00e5 deg. Toppnoter: Bergamot, Svartsurb\u00e6r, P\u00e6re Hjerte noter: Jasmine, Appelsinblomst, Irisrot Bunn noter: R\u00f8kelse, Vanilje 125 ml<\/p>\n","protected":false},"featured_media":374917,"comment_status":"open","ping_status":"closed","template":"","meta":{"_trash_the_other_posts":false},"product_brand":[],"product_cat":[707,735,999],"product_tag":[2955],"berocket_brand":[1331],"class_list":{"0":"post-374921","1":"product","2":"type-product","3":"status-publish","4":"has-post-thumbnail","6":"product_cat-eau-de-toilette-dame","7":"product_cat-kampanje","8":"product_cat-kampanjetilbud-for-henne","9":"product_tag-guess-seductive-for-her-edt","10":"pa_brand-guess","11":"pa_variant-125ml","12":"berocket_brand-guess","14":"first","15":"instock","16":"sale","17":"taxable","18":"shipping-taxable","19":"purchasable","20":"product-type-simple"},"_links":{"self":[{"href":"https:\/\/stylingagenten.com\/no\/wp-json\/wp\/v2\/product\/374921","targetHints":{"allow":["GET"]}}],"collection":[{"href":"https:\/\/stylingagenten.com\/no\/wp-json\/wp\/v2\/product"}],"about":[{"href":"https:\/\/stylingagenten.com\/no\/wp-json\/wp\/v2\/types\/product"}],"replies":[{"embeddable":true,"href":"https:\/\/stylingagenten.com\/no\/wp-json\/wp\/v2\/comments?post=374921"}],"version-history":[{"count":0,"href":"https:\/\/stylingagenten.com\/no\/wp-json\/wp\/v2\/product\/374921\/revisions"}],"wp:featuredmedia":[{"embeddable":true,"href":"https:\/\/stylingagenten.com\/no\/wp-json\/wp\/v2\/media\/374917"}],"wp:attachment":[{"href":"https:\/\/stylingagenten.com\/no\/wp-json\/wp\/v2\/media?parent=374921"}],"wp:term":[{"taxonomy":"product_brand","embeddable":true,"href":"https:\/\/stylingagenten.com\/no\/wp-json\/wp\/v2\/product_brand?post=374921"},{"taxonomy":"product_cat","embeddable":true,"href":"https:\/\/stylingagenten.com\/no\/wp-json\/wp\/v2\/product_cat?post=374921"},{"taxonomy":"product_tag","embeddable":true,"href":"https:\/\/stylingagenten.com\/no\/wp-json\/wp\/v2\/product_tag?post=374921"},{"taxonomy":"berocket_brand","embeddable":true,"href":"https:\/\/stylingagenten.com\/no\/wp-json\/wp\/v2\/berocket_brand?post=374921"}],"curies":[{"name":"wp","href":"https:\/\/api.w.org\/{rel}","templated":true}]}}