{"id":374912,"date":"2025-05-18T20:52:20","date_gmt":"2025-05-18T20:52:20","guid":{"rendered":"https:\/\/staging2.stylingagenten.com\/no\/produkt\/coach-dreams-edp-40ml\/"},"modified":"2026-01-08T12:56:38","modified_gmt":"2026-01-08T12:56:38","slug":"coach-dreams-edp-40ml","status":"publish","type":"product","link":"https:\/\/stylingagenten.com\/no\/produkt\/coach-dreams-edp-40ml\/","title":{"rendered":"Coach Dreams Edp 40ml"},"content":{"rendered":"<p>Coach Dreams. En morsom og unik historie som taler til oss alle. Coach Dreams-duften henter inspirasjon fra Californias vakre og uforutsigbare \u00f8rken, som inspirerer og lokker deg til \u00e5 oppdage dine dr\u00f8mmer. Det er en delikat og feminin duft, med en vri av fruktig friskhet.<\/p>\n<p>Toppnoter: P\u00e6re, Bitterappelsin.<\/p>\n<p>Hjertenoter: Gardenia, Kaktusblomst.<\/p>\n<p>Bunnoter: Ambroxan, Joshua Tre.<\/p>\n<p>40 ml<\/p>\n","protected":false},"excerpt":{"rendered":"<p>Coach Dreams. En morsom og unik historie som taler til oss alle. Coach Dreams-duften henter inspirasjon fra Californias vakre og uforutsigbare \u00f8rken, som inspirerer og lokker deg til \u00e5 oppdage dine dr\u00f8mmer. Det er en delikat og feminin duft, med en vri av fruktig friskhet. Toppnoter: P\u00e6re, Bitterappelsin. Hjertenoter: Gardenia, Kaktusblomst. Bunnoter: Ambroxan, Joshua Tre. [&hellip;]<\/p>\n","protected":false},"featured_media":374900,"comment_status":"open","ping_status":"closed","template":"","meta":{"_trash_the_other_posts":false},"product_brand":[],"product_cat":[706],"product_tag":[2724],"berocket_brand":[1991],"class_list":{"0":"post-374912","1":"product","2":"type-product","3":"status-publish","4":"has-post-thumbnail","6":"product_cat-eau-de-parfum-dame","7":"product_tag-coach-dreams-edp","8":"pa_brand-coach","9":"pa_variant-40ml","10":"berocket_brand-coach","12":"first","13":"outofstock","14":"taxable","15":"shipping-taxable","16":"purchasable","17":"product-type-simple"},"_links":{"self":[{"href":"https:\/\/stylingagenten.com\/no\/wp-json\/wp\/v2\/product\/374912","targetHints":{"allow":["GET"]}}],"collection":[{"href":"https:\/\/stylingagenten.com\/no\/wp-json\/wp\/v2\/product"}],"about":[{"href":"https:\/\/stylingagenten.com\/no\/wp-json\/wp\/v2\/types\/product"}],"replies":[{"embeddable":true,"href":"https:\/\/stylingagenten.com\/no\/wp-json\/wp\/v2\/comments?post=374912"}],"version-history":[{"count":0,"href":"https:\/\/stylingagenten.com\/no\/wp-json\/wp\/v2\/product\/374912\/revisions"}],"wp:featuredmedia":[{"embeddable":true,"href":"https:\/\/stylingagenten.com\/no\/wp-json\/wp\/v2\/media\/374900"}],"wp:attachment":[{"href":"https:\/\/stylingagenten.com\/no\/wp-json\/wp\/v2\/media?parent=374912"}],"wp:term":[{"taxonomy":"product_brand","embeddable":true,"href":"https:\/\/stylingagenten.com\/no\/wp-json\/wp\/v2\/product_brand?post=374912"},{"taxonomy":"product_cat","embeddable":true,"href":"https:\/\/stylingagenten.com\/no\/wp-json\/wp\/v2\/product_cat?post=374912"},{"taxonomy":"product_tag","embeddable":true,"href":"https:\/\/stylingagenten.com\/no\/wp-json\/wp\/v2\/product_tag?post=374912"},{"taxonomy":"berocket_brand","embeddable":true,"href":"https:\/\/stylingagenten.com\/no\/wp-json\/wp\/v2\/berocket_brand?post=374912"}],"curies":[{"name":"wp","href":"https:\/\/api.w.org\/{rel}","templated":true}]}}