{"id":374874,"date":"2025-05-18T20:52:12","date_gmt":"2025-05-18T20:52:12","guid":{"rendered":"https:\/\/staging2.stylingagenten.com\/no\/produkt\/clean-classic-pure-soap-edp-60ml\/"},"modified":"2026-04-08T15:31:34","modified_gmt":"2026-04-08T15:31:34","slug":"clean-classic-pure-soap-edp-60ml","status":"publish","type":"product","link":"https:\/\/stylingagenten.com\/no\/produkt\/clean-classic-pure-soap-edp-60ml\/","title":{"rendered":"Clean Classic Pure Soap Edp 60ml"},"content":{"rendered":"<p>Clean Classic Pure Soap EdP er inspirert av den velkjente, oppl\u00f8ftende duften av fersk s\u00e5pe som stimulerer og forynger, og gir deg en herlig ren f\u00f8lelse. Denne duften vekker sansene med den forfriskende renheten av aromatiske noter i perfekt harmoni med beroligende lavendel og en blanding av myke blomster og oppkvikkende musk.<\/p>\n<p>Toppnoter: Aldehyder, mandarin og gr\u00f8nne noter<br \/>Hjertenoter: Lavendel, alpefiol og jasmin<br \/>Basenoter: Appelsinblomst, musk og sandeltre<\/p>\n<p>60ml<\/p>\n","protected":false},"excerpt":{"rendered":"<p>Clean Classic Pure Soap EdP er inspirert av den velkjente, oppl\u00f8ftende duften av fersk s\u00e5pe som stimulerer og forynger, og gir deg en herlig ren f\u00f8lelse. Denne duften vekker sansene med den forfriskende renheten av aromatiske noter i perfekt harmoni med beroligende lavendel og en blanding av myke blomster og oppkvikkende musk. Toppnoter: Aldehyder, mandarin [&hellip;]<\/p>\n","protected":false},"featured_media":374866,"comment_status":"open","ping_status":"closed","template":"","meta":{"_trash_the_other_posts":false},"product_brand":[],"product_cat":[706,735,999],"product_tag":[2705],"berocket_brand":[1116],"class_list":{"0":"post-374874","1":"product","2":"type-product","3":"status-publish","4":"has-post-thumbnail","6":"product_cat-eau-de-parfum-dame","7":"product_cat-kampanje","8":"product_cat-kampanjetilbud-for-henne","9":"product_tag-clean-classic-pure-soap-edp","10":"pa_brand-clean","11":"pa_variant-60ml","12":"berocket_brand-clean","14":"first","15":"instock","16":"sale","17":"taxable","18":"shipping-taxable","19":"purchasable","20":"product-type-simple"},"_links":{"self":[{"href":"https:\/\/stylingagenten.com\/no\/wp-json\/wp\/v2\/product\/374874","targetHints":{"allow":["GET"]}}],"collection":[{"href":"https:\/\/stylingagenten.com\/no\/wp-json\/wp\/v2\/product"}],"about":[{"href":"https:\/\/stylingagenten.com\/no\/wp-json\/wp\/v2\/types\/product"}],"replies":[{"embeddable":true,"href":"https:\/\/stylingagenten.com\/no\/wp-json\/wp\/v2\/comments?post=374874"}],"version-history":[{"count":0,"href":"https:\/\/stylingagenten.com\/no\/wp-json\/wp\/v2\/product\/374874\/revisions"}],"wp:featuredmedia":[{"embeddable":true,"href":"https:\/\/stylingagenten.com\/no\/wp-json\/wp\/v2\/media\/374866"}],"wp:attachment":[{"href":"https:\/\/stylingagenten.com\/no\/wp-json\/wp\/v2\/media?parent=374874"}],"wp:term":[{"taxonomy":"product_brand","embeddable":true,"href":"https:\/\/stylingagenten.com\/no\/wp-json\/wp\/v2\/product_brand?post=374874"},{"taxonomy":"product_cat","embeddable":true,"href":"https:\/\/stylingagenten.com\/no\/wp-json\/wp\/v2\/product_cat?post=374874"},{"taxonomy":"product_tag","embeddable":true,"href":"https:\/\/stylingagenten.com\/no\/wp-json\/wp\/v2\/product_tag?post=374874"},{"taxonomy":"berocket_brand","embeddable":true,"href":"https:\/\/stylingagenten.com\/no\/wp-json\/wp\/v2\/berocket_brand?post=374874"}],"curies":[{"name":"wp","href":"https:\/\/api.w.org\/{rel}","templated":true}]}}