{"id":374865,"date":"2025-05-18T20:52:09","date_gmt":"2025-05-18T20:52:09","guid":{"rendered":"https:\/\/staging2.stylingagenten.com\/no\/produkt\/vera-wang-embrace-french-lavender-tuberose-edt-30ml\/"},"modified":"2026-04-12T15:38:33","modified_gmt":"2026-04-12T15:38:33","slug":"vera-wang-embrace-french-lavender-tuberose-edt-30ml","status":"publish","type":"product","link":"https:\/\/stylingagenten.com\/no\/produkt\/vera-wang-embrace-french-lavender-tuberose-edt-30ml\/","title":{"rendered":"Vera Wang Embrace French Lavender &amp; Tuberose Edt 30ml"},"content":{"rendered":"<p>En moderne samling av duftnoter inspirert av f\u00f8lelsen av romantikk og n\u00e6r intimitet. Vera Wang Embrace French Lavender &amp; Tuberose er en dr\u00f8mmende, blomsteraktig og fruktig duft. En spennende eksplosjon av sprudlende mandarin, sjarmerende noter av tuberose, fransk lavendel og en uimotst\u00e5elig varme av kakaob\u00f8nner og vanilje.<\/p>\n<p>30ml<\/p>\n","protected":false},"excerpt":{"rendered":"<p>En moderne samling av duftnoter inspirert av f\u00f8lelsen av romantikk og n\u00e6r intimitet. Vera Wang Embrace French Lavender &amp; Tuberose er en dr\u00f8mmende, blomsteraktig og fruktig duft. En spennende eksplosjon av sprudlende mandarin, sjarmerende noter av tuberose, fransk lavendel og en uimotst\u00e5elig varme av kakaob\u00f8nner og vanilje. 30ml<\/p>\n","protected":false},"featured_media":374854,"comment_status":"open","ping_status":"closed","template":"","meta":{"_trash_the_other_posts":false},"product_brand":[],"product_cat":[707,735,999],"product_tag":[],"berocket_brand":[1078],"class_list":{"0":"post-374865","1":"product","2":"type-product","3":"status-publish","4":"has-post-thumbnail","6":"product_cat-eau-de-toilette-dame","7":"product_cat-kampanje","8":"product_cat-kampanjetilbud-for-henne","9":"pa_brand-vera-wang","10":"berocket_brand-vera-wang","12":"first","13":"instock","14":"sale","15":"taxable","16":"shipping-taxable","17":"purchasable","18":"product-type-simple"},"_links":{"self":[{"href":"https:\/\/stylingagenten.com\/no\/wp-json\/wp\/v2\/product\/374865","targetHints":{"allow":["GET"]}}],"collection":[{"href":"https:\/\/stylingagenten.com\/no\/wp-json\/wp\/v2\/product"}],"about":[{"href":"https:\/\/stylingagenten.com\/no\/wp-json\/wp\/v2\/types\/product"}],"replies":[{"embeddable":true,"href":"https:\/\/stylingagenten.com\/no\/wp-json\/wp\/v2\/comments?post=374865"}],"version-history":[{"count":0,"href":"https:\/\/stylingagenten.com\/no\/wp-json\/wp\/v2\/product\/374865\/revisions"}],"wp:featuredmedia":[{"embeddable":true,"href":"https:\/\/stylingagenten.com\/no\/wp-json\/wp\/v2\/media\/374854"}],"wp:attachment":[{"href":"https:\/\/stylingagenten.com\/no\/wp-json\/wp\/v2\/media?parent=374865"}],"wp:term":[{"taxonomy":"product_brand","embeddable":true,"href":"https:\/\/stylingagenten.com\/no\/wp-json\/wp\/v2\/product_brand?post=374865"},{"taxonomy":"product_cat","embeddable":true,"href":"https:\/\/stylingagenten.com\/no\/wp-json\/wp\/v2\/product_cat?post=374865"},{"taxonomy":"product_tag","embeddable":true,"href":"https:\/\/stylingagenten.com\/no\/wp-json\/wp\/v2\/product_tag?post=374865"},{"taxonomy":"berocket_brand","embeddable":true,"href":"https:\/\/stylingagenten.com\/no\/wp-json\/wp\/v2\/berocket_brand?post=374865"}],"curies":[{"name":"wp","href":"https:\/\/api.w.org\/{rel}","templated":true}]}}