{"id":374855,"date":"2025-05-18T20:52:08","date_gmt":"2025-05-18T20:52:08","guid":{"rendered":"https:\/\/staging2.stylingagenten.com\/no\/produkt\/vera-wang-embrace-periwinkle-iris-edt-30ml\/"},"modified":"2026-04-07T09:39:08","modified_gmt":"2026-04-07T09:39:08","slug":"vera-wang-embrace-periwinkle-iris-edt-30ml","status":"publish","type":"product","link":"https:\/\/stylingagenten.com\/no\/produkt\/vera-wang-embrace-periwinkle-iris-edt-30ml\/","title":{"rendered":"Vera Wang Embrace Periwinkle &amp; Iris Edt 30ml"},"content":{"rendered":"<p>Vera Wang Embrace Periwinkle &amp; Iris EdT er en moderne duft inspirert av intimitet og sterke f\u00f8lelser. Den \u00e5pner med noter av bergamot og mandarin, som gir duften en frisk f\u00f8lelse, f\u00f8r den g\u00e5r over i et hjerte av fiol, jasmin, iris og vintergr\u00f8nt. Den lander mykt i en s\u00f8t base av vanilje, krem og sukker.<\/p>\n<p>30ml<\/p>\n","protected":false},"excerpt":{"rendered":"<p>Vera Wang Embrace Periwinkle &amp; Iris EdT er en moderne duft inspirert av intimitet og sterke f\u00f8lelser. Den \u00e5pner med noter av bergamot og mandarin, som gir duften en frisk f\u00f8lelse, f\u00f8r den g\u00e5r over i et hjerte av fiol, jasmin, iris og vintergr\u00f8nt. Den lander mykt i en s\u00f8t base av vanilje, krem og [&hellip;]<\/p>\n","protected":false},"featured_media":374847,"comment_status":"open","ping_status":"closed","template":"","meta":{"_trash_the_other_posts":false},"product_brand":[],"product_cat":[707,735,999],"product_tag":[],"berocket_brand":[1078],"class_list":{"0":"post-374855","1":"product","2":"type-product","3":"status-publish","4":"has-post-thumbnail","6":"product_cat-eau-de-toilette-dame","7":"product_cat-kampanje","8":"product_cat-kampanjetilbud-for-henne","9":"pa_brand-vera-wang","10":"berocket_brand-vera-wang","12":"first","13":"instock","14":"sale","15":"taxable","16":"shipping-taxable","17":"purchasable","18":"product-type-simple"},"_links":{"self":[{"href":"https:\/\/stylingagenten.com\/no\/wp-json\/wp\/v2\/product\/374855","targetHints":{"allow":["GET"]}}],"collection":[{"href":"https:\/\/stylingagenten.com\/no\/wp-json\/wp\/v2\/product"}],"about":[{"href":"https:\/\/stylingagenten.com\/no\/wp-json\/wp\/v2\/types\/product"}],"replies":[{"embeddable":true,"href":"https:\/\/stylingagenten.com\/no\/wp-json\/wp\/v2\/comments?post=374855"}],"version-history":[{"count":0,"href":"https:\/\/stylingagenten.com\/no\/wp-json\/wp\/v2\/product\/374855\/revisions"}],"wp:featuredmedia":[{"embeddable":true,"href":"https:\/\/stylingagenten.com\/no\/wp-json\/wp\/v2\/media\/374847"}],"wp:attachment":[{"href":"https:\/\/stylingagenten.com\/no\/wp-json\/wp\/v2\/media?parent=374855"}],"wp:term":[{"taxonomy":"product_brand","embeddable":true,"href":"https:\/\/stylingagenten.com\/no\/wp-json\/wp\/v2\/product_brand?post=374855"},{"taxonomy":"product_cat","embeddable":true,"href":"https:\/\/stylingagenten.com\/no\/wp-json\/wp\/v2\/product_cat?post=374855"},{"taxonomy":"product_tag","embeddable":true,"href":"https:\/\/stylingagenten.com\/no\/wp-json\/wp\/v2\/product_tag?post=374855"},{"taxonomy":"berocket_brand","embeddable":true,"href":"https:\/\/stylingagenten.com\/no\/wp-json\/wp\/v2\/berocket_brand?post=374855"}],"curies":[{"name":"wp","href":"https:\/\/api.w.org\/{rel}","templated":true}]}}