{"id":374844,"date":"2025-05-18T20:52:05","date_gmt":"2025-05-18T20:52:05","guid":{"rendered":"https:\/\/staging2.stylingagenten.com\/no\/produkt\/armaf-club-de-nuit-woman-edp-105ml\/"},"modified":"2026-04-06T08:48:40","modified_gmt":"2026-04-06T08:48:40","slug":"armaf-club-de-nuit-woman-edp-105ml","status":"publish","type":"product","link":"https:\/\/stylingagenten.com\/no\/produkt\/armaf-club-de-nuit-woman-edp-105ml\/","title":{"rendered":"Armaf Club De Nuit Woman Edp 105ml"},"content":{"rendered":"<p>Bli forelsket i en virkelig sensuell feminin duftkomposisjon som vil forf\u00f8re deg med den pudderaktige duften av roser og den friske tropiske duften av litchi. Armaf Club de Nuit Woman er en eau de parfum som legemliggj\u00f8r tidl\u00f8s perfeksjon og \u00f8mhet gjennom en eksplosjon av elegante dufter som er b\u00e5de sofistikerte og forf\u00f8rende. Club de Nuit Woman er en fortryllende duft som tilf\u00f8rer en touch av sjarm til alt du gj\u00f8r.<\/p>\n<p>Toppnoter: Appelsin, Fersken, Sitron, Kardemomme<br \/>Hjertenoter: Rose, Litchi, Geranium, Jasmin<br \/>Bunnoter: Vetiver, Vanilje, Patchouli, Musk<\/p>\n<p>105ml<\/p>\n","protected":false},"excerpt":{"rendered":"<p>Bli forelsket i en virkelig sensuell feminin duftkomposisjon som vil forf\u00f8re deg med den pudderaktige duften av roser og den friske tropiske duften av litchi. Armaf Club de Nuit Woman er en eau de parfum som legemliggj\u00f8r tidl\u00f8s perfeksjon og \u00f8mhet gjennom en eksplosjon av elegante dufter som er b\u00e5de sofistikerte og forf\u00f8rende. Club de [&hellip;]<\/p>\n","protected":false},"featured_media":374842,"comment_status":"open","ping_status":"closed","template":"","meta":{"_trash_the_other_posts":false},"product_brand":[],"product_cat":[706,735,999],"product_tag":[],"berocket_brand":[1989],"class_list":{"0":"post-374844","1":"product","2":"type-product","3":"status-publish","4":"has-post-thumbnail","6":"product_cat-eau-de-parfum-dame","7":"product_cat-kampanje","8":"product_cat-kampanjetilbud-for-henne","9":"pa_brand-armaf","10":"berocket_brand-armaf","12":"first","13":"instock","14":"sale","15":"taxable","16":"shipping-taxable","17":"purchasable","18":"product-type-simple"},"_links":{"self":[{"href":"https:\/\/stylingagenten.com\/no\/wp-json\/wp\/v2\/product\/374844","targetHints":{"allow":["GET"]}}],"collection":[{"href":"https:\/\/stylingagenten.com\/no\/wp-json\/wp\/v2\/product"}],"about":[{"href":"https:\/\/stylingagenten.com\/no\/wp-json\/wp\/v2\/types\/product"}],"replies":[{"embeddable":true,"href":"https:\/\/stylingagenten.com\/no\/wp-json\/wp\/v2\/comments?post=374844"}],"version-history":[{"count":0,"href":"https:\/\/stylingagenten.com\/no\/wp-json\/wp\/v2\/product\/374844\/revisions"}],"wp:featuredmedia":[{"embeddable":true,"href":"https:\/\/stylingagenten.com\/no\/wp-json\/wp\/v2\/media\/374842"}],"wp:attachment":[{"href":"https:\/\/stylingagenten.com\/no\/wp-json\/wp\/v2\/media?parent=374844"}],"wp:term":[{"taxonomy":"product_brand","embeddable":true,"href":"https:\/\/stylingagenten.com\/no\/wp-json\/wp\/v2\/product_brand?post=374844"},{"taxonomy":"product_cat","embeddable":true,"href":"https:\/\/stylingagenten.com\/no\/wp-json\/wp\/v2\/product_cat?post=374844"},{"taxonomy":"product_tag","embeddable":true,"href":"https:\/\/stylingagenten.com\/no\/wp-json\/wp\/v2\/product_tag?post=374844"},{"taxonomy":"berocket_brand","embeddable":true,"href":"https:\/\/stylingagenten.com\/no\/wp-json\/wp\/v2\/berocket_brand?post=374844"}],"curies":[{"name":"wp","href":"https:\/\/api.w.org\/{rel}","templated":true}]}}