{"id":374841,"date":"2025-05-18T20:52:04","date_gmt":"2025-05-18T20:52:04","guid":{"rendered":"https:\/\/staging2.stylingagenten.com\/no\/produkt\/gucci-guilty-pour-femme-intense-edp-50ml\/"},"modified":"2026-03-11T22:01:41","modified_gmt":"2026-03-11T22:01:41","slug":"gucci-guilty-pour-femme-intense-edp-50ml","status":"publish","type":"product","link":"https:\/\/stylingagenten.com\/no\/produkt\/gucci-guilty-pour-femme-intense-edp-50ml\/","title":{"rendered":"Gucci Guilty Pour Femme Intense Edp 50ml"},"content":{"rendered":"<p>#ForeverGuilty-universet fortsetter jakten p\u00e5 fri lidenskap med Gucci Guilty Pour Femme Eau de Parfum Intense for Women. Denne Gucci-parfymen er en tolkning av den klassiske Gucci Guilty For Her, og denne nye duften har en enda mer intens tiltrekningskraft.<\/p>\n<p>Denne dameparfymen er et symbol p\u00e5 b\u00e5ndet mellom alle mennesker som \u00f8nsker \u00e5 uttrykke sin kj\u00e6rlighet fritt, uten samfunnets regler og definisjoner. Et fantastisk nytt tilskudd til Gucci Guilty-familien innen dameparfyme.<\/p>\n<p>Guccis nye Eau de Parfum Intense For Her er en varm blomsterduft med trenoter \u2013 en vakker tolkning av selve essensen i Gucci Guilty For Her. Den friske duften av mandora-sitrus og saftig litchi smelter sammen med fiol og skaper en moderne toppnote. Hjertenotens vakre bukett av ylang-ylang og tuberose forsterkes av sensuell og m\u00f8rk plomme. De kraftfulle trenotene av patchouli og vetiver i bunnoten blander seg med vanilje og skaper en dristig og feminin signatur som varer lenge.<\/p>\n<p>50 ml<\/p>\n","protected":false},"excerpt":{"rendered":"<p>#ForeverGuilty-universet fortsetter jakten p\u00e5 fri lidenskap med Gucci Guilty Pour Femme Eau de Parfum Intense for Women. Denne Gucci-parfymen er en tolkning av den klassiske Gucci Guilty For Her, og denne nye duften har en enda mer intens tiltrekningskraft. Denne dameparfymen er et symbol p\u00e5 b\u00e5ndet mellom alle mennesker som \u00f8nsker \u00e5 uttrykke sin kj\u00e6rlighet [&hellip;]<\/p>\n","protected":false},"featured_media":374821,"comment_status":"open","ping_status":"closed","template":"","meta":{"_trash_the_other_posts":false},"product_brand":[],"product_cat":[706,735,999],"product_tag":[],"berocket_brand":[1329],"class_list":{"0":"post-374841","1":"product","2":"type-product","3":"status-publish","4":"has-post-thumbnail","6":"product_cat-eau-de-parfum-dame","7":"product_cat-kampanje","8":"product_cat-kampanjetilbud-for-henne","9":"pa_brand-gucci","10":"berocket_brand-gucci","12":"first","13":"instock","14":"sale","15":"taxable","16":"shipping-taxable","17":"purchasable","18":"product-type-simple"},"_links":{"self":[{"href":"https:\/\/stylingagenten.com\/no\/wp-json\/wp\/v2\/product\/374841","targetHints":{"allow":["GET"]}}],"collection":[{"href":"https:\/\/stylingagenten.com\/no\/wp-json\/wp\/v2\/product"}],"about":[{"href":"https:\/\/stylingagenten.com\/no\/wp-json\/wp\/v2\/types\/product"}],"replies":[{"embeddable":true,"href":"https:\/\/stylingagenten.com\/no\/wp-json\/wp\/v2\/comments?post=374841"}],"version-history":[{"count":0,"href":"https:\/\/stylingagenten.com\/no\/wp-json\/wp\/v2\/product\/374841\/revisions"}],"wp:featuredmedia":[{"embeddable":true,"href":"https:\/\/stylingagenten.com\/no\/wp-json\/wp\/v2\/media\/374821"}],"wp:attachment":[{"href":"https:\/\/stylingagenten.com\/no\/wp-json\/wp\/v2\/media?parent=374841"}],"wp:term":[{"taxonomy":"product_brand","embeddable":true,"href":"https:\/\/stylingagenten.com\/no\/wp-json\/wp\/v2\/product_brand?post=374841"},{"taxonomy":"product_cat","embeddable":true,"href":"https:\/\/stylingagenten.com\/no\/wp-json\/wp\/v2\/product_cat?post=374841"},{"taxonomy":"product_tag","embeddable":true,"href":"https:\/\/stylingagenten.com\/no\/wp-json\/wp\/v2\/product_tag?post=374841"},{"taxonomy":"berocket_brand","embeddable":true,"href":"https:\/\/stylingagenten.com\/no\/wp-json\/wp\/v2\/berocket_brand?post=374841"}],"curies":[{"name":"wp","href":"https:\/\/api.w.org\/{rel}","templated":true}]}}