{"id":374832,"date":"2025-05-18T20:52:03","date_gmt":"2025-05-18T20:52:03","guid":{"rendered":"https:\/\/staging2.stylingagenten.com\/no\/produkt\/gucci-bloom-edt-30ml\/"},"modified":"2026-03-11T22:00:48","modified_gmt":"2026-03-11T22:00:48","slug":"gucci-bloom-edt-30ml","status":"publish","type":"product","link":"https:\/\/stylingagenten.com\/no\/produkt\/gucci-bloom-edt-30ml\/","title":{"rendered":"Gucci Bloom Edt 30ml"},"content":{"rendered":"<p>Blomstre og vis ditt sanne jeg med den nye Gucci Bloom Eau de Toilette. Denne blomsterduften ligger tett p\u00e5 den originale Bloom-signaturen og er en inspirerende reise mot selvinnsikt, basert p\u00e5 styrken i vennskap til tross for forskjeller.<\/p>\n<p>Den nyeste tilskuddet til Bloom-duftene er en lettere og mer str\u00e5lende tolkning av Bloom-signaturen, som oppmuntrer kvinner til \u00e5 blomstre og bli den beste versjonen av seg selv.<\/p>\n<p>Den karakteristiske trioen av jasmin, tuberose og Rangoon creeper f\u00e5r n\u00e5 en lettere aura med en s\u00f8t neroli-akkord. Akkurat som duftens navn blomstrer Gucci Bloom-kvinnen naturlig, uttrykksfullt og individuelt, uten \u00e5 la seg begrense av regler og konvensjoner. Duften presenteres i en rosa, frostet firkantet glassflaske, som symboliserer duftens friskhet og vitalitet.<\/p>\n<p>Gucci Bloom Eau de Toilette for Women er en hyllest til vitaliteten og allsidigheten til de som identifiserer seg med Guccis moderne filosofi.<\/p>\n<p>30ml<\/p>\n","protected":false},"excerpt":{"rendered":"<p>Blomstre og vis ditt sanne jeg med den nye Gucci Bloom Eau de Toilette. Denne blomsterduften ligger tett p\u00e5 den originale Bloom-signaturen og er en inspirerende reise mot selvinnsikt, basert p\u00e5 styrken i vennskap til tross for forskjeller. Den nyeste tilskuddet til Bloom-duftene er en lettere og mer str\u00e5lende tolkning av Bloom-signaturen, som oppmuntrer kvinner [&hellip;]<\/p>\n","protected":false},"featured_media":374822,"comment_status":"open","ping_status":"closed","template":"","meta":{"_trash_the_other_posts":false},"product_brand":[],"product_cat":[707,735,999],"product_tag":[2931],"berocket_brand":[1329],"class_list":{"0":"post-374832","1":"product","2":"type-product","3":"status-publish","4":"has-post-thumbnail","6":"product_cat-eau-de-toilette-dame","7":"product_cat-kampanje","8":"product_cat-kampanjetilbud-for-henne","9":"product_tag-gucci-bloom-edt","10":"pa_brand-gucci","11":"pa_variant-30ml","12":"berocket_brand-gucci","14":"first","15":"instock","16":"sale","17":"taxable","18":"shipping-taxable","19":"purchasable","20":"product-type-simple"},"_links":{"self":[{"href":"https:\/\/stylingagenten.com\/no\/wp-json\/wp\/v2\/product\/374832","targetHints":{"allow":["GET"]}}],"collection":[{"href":"https:\/\/stylingagenten.com\/no\/wp-json\/wp\/v2\/product"}],"about":[{"href":"https:\/\/stylingagenten.com\/no\/wp-json\/wp\/v2\/types\/product"}],"replies":[{"embeddable":true,"href":"https:\/\/stylingagenten.com\/no\/wp-json\/wp\/v2\/comments?post=374832"}],"version-history":[{"count":0,"href":"https:\/\/stylingagenten.com\/no\/wp-json\/wp\/v2\/product\/374832\/revisions"}],"wp:featuredmedia":[{"embeddable":true,"href":"https:\/\/stylingagenten.com\/no\/wp-json\/wp\/v2\/media\/374822"}],"wp:attachment":[{"href":"https:\/\/stylingagenten.com\/no\/wp-json\/wp\/v2\/media?parent=374832"}],"wp:term":[{"taxonomy":"product_brand","embeddable":true,"href":"https:\/\/stylingagenten.com\/no\/wp-json\/wp\/v2\/product_brand?post=374832"},{"taxonomy":"product_cat","embeddable":true,"href":"https:\/\/stylingagenten.com\/no\/wp-json\/wp\/v2\/product_cat?post=374832"},{"taxonomy":"product_tag","embeddable":true,"href":"https:\/\/stylingagenten.com\/no\/wp-json\/wp\/v2\/product_tag?post=374832"},{"taxonomy":"berocket_brand","embeddable":true,"href":"https:\/\/stylingagenten.com\/no\/wp-json\/wp\/v2\/berocket_brand?post=374832"}],"curies":[{"name":"wp","href":"https:\/\/api.w.org\/{rel}","templated":true}]}}