{"id":374816,"date":"2025-05-18T20:51:59","date_gmt":"2025-05-18T20:51:59","guid":{"rendered":"https:\/\/staging2.stylingagenten.com\/no\/produkt\/gucci-flora-gorgeous-gardenia-edp-50ml\/"},"modified":"2026-03-30T13:36:43","modified_gmt":"2026-03-30T13:36:43","slug":"gucci-flora-gorgeous-gardenia-edp-50ml","status":"publish","type":"product","link":"https:\/\/stylingagenten.com\/no\/produkt\/gucci-flora-gorgeous-gardenia-edp-50ml\/","title":{"rendered":"Gucci Flora Gorgeous Gardenia Edp 50ml"},"content":{"rendered":"<p>Oppdag en sprudlende fantasiverden med Gucci Flora, n\u00e5 utviklet til en herlig Eau de Parfum. Blomstrende og s\u00f8t, Gucci Flora Gorgeous Gardenia relanseres i en ny kampanje inspirert av japansk anime. En ny signaturduft for kvinner, fylt med positiv energi.<\/p>\n<p>Parfymen er bygget rundt Gardenia, en ikonisk blomst som sies \u00e5 bli brukt i eliksirer og magiske drikker. Inspirert av denne legenden og ideen om blomsternes mystiske kraft, tilf\u00f8rer Gucci Jasmine absolute og sprudlende p\u00e6resblomst. Et hint av brunt sukker avrunder duften og gir den en deilig s\u00f8dme.<\/p>\n<p>Med denne relanseringen f\u00e5r Gucci Flora Gorgeous Gardenia et nytt flaske-design, med rosa lakkert glass og en gyllen flaskehals. Guccis ikoniske Flora-m\u00f8nster, et maleri av fargerike blomster laget av kunstneren Vittorio Accornero for Gucci i 1966, er n\u00e5 omformet etter Alessandro Micheles visjon og pryder flaskens midte.<\/p>\n<p>Toppnoter: P\u00e6resblomst<br \/>Hjertenoter: Hvit Gardenia, Jasmine absolute<br \/>Basenoter: Brunt sukker<\/p>\n<p>50ml<\/p>\n","protected":false},"excerpt":{"rendered":"<p>Oppdag en sprudlende fantasiverden med Gucci Flora, n\u00e5 utviklet til en herlig Eau de Parfum. Blomstrende og s\u00f8t, Gucci Flora Gorgeous Gardenia relanseres i en ny kampanje inspirert av japansk anime. En ny signaturduft for kvinner, fylt med positiv energi. Parfymen er bygget rundt Gardenia, en ikonisk blomst som sies \u00e5 bli brukt i eliksirer [&hellip;]<\/p>\n","protected":false},"featured_media":374803,"comment_status":"open","ping_status":"closed","template":"","meta":{"_trash_the_other_posts":false},"product_brand":[],"product_cat":[706],"product_tag":[2933],"berocket_brand":[1329],"class_list":{"0":"post-374816","1":"product","2":"type-product","3":"status-publish","4":"has-post-thumbnail","6":"product_cat-eau-de-parfum-dame","7":"product_tag-gucci-flora-gorgeous-gardenia-edp","8":"pa_brand-gucci","9":"pa_variant-50ml","10":"berocket_brand-gucci","12":"first","13":"instock","14":"sale","15":"taxable","16":"shipping-taxable","17":"purchasable","18":"product-type-simple"},"_links":{"self":[{"href":"https:\/\/stylingagenten.com\/no\/wp-json\/wp\/v2\/product\/374816","targetHints":{"allow":["GET"]}}],"collection":[{"href":"https:\/\/stylingagenten.com\/no\/wp-json\/wp\/v2\/product"}],"about":[{"href":"https:\/\/stylingagenten.com\/no\/wp-json\/wp\/v2\/types\/product"}],"replies":[{"embeddable":true,"href":"https:\/\/stylingagenten.com\/no\/wp-json\/wp\/v2\/comments?post=374816"}],"version-history":[{"count":0,"href":"https:\/\/stylingagenten.com\/no\/wp-json\/wp\/v2\/product\/374816\/revisions"}],"wp:featuredmedia":[{"embeddable":true,"href":"https:\/\/stylingagenten.com\/no\/wp-json\/wp\/v2\/media\/374803"}],"wp:attachment":[{"href":"https:\/\/stylingagenten.com\/no\/wp-json\/wp\/v2\/media?parent=374816"}],"wp:term":[{"taxonomy":"product_brand","embeddable":true,"href":"https:\/\/stylingagenten.com\/no\/wp-json\/wp\/v2\/product_brand?post=374816"},{"taxonomy":"product_cat","embeddable":true,"href":"https:\/\/stylingagenten.com\/no\/wp-json\/wp\/v2\/product_cat?post=374816"},{"taxonomy":"product_tag","embeddable":true,"href":"https:\/\/stylingagenten.com\/no\/wp-json\/wp\/v2\/product_tag?post=374816"},{"taxonomy":"berocket_brand","embeddable":true,"href":"https:\/\/stylingagenten.com\/no\/wp-json\/wp\/v2\/berocket_brand?post=374816"}],"curies":[{"name":"wp","href":"https:\/\/api.w.org\/{rel}","templated":true}]}}