{"id":374776,"date":"2025-05-18T20:51:52","date_gmt":"2025-05-18T20:51:52","guid":{"rendered":"https:\/\/staging2.stylingagenten.com\/no\/produkt\/liu-jo-lovely-me-edp-30ml\/"},"modified":"2026-04-08T15:30:39","modified_gmt":"2026-04-08T15:30:39","slug":"liu-jo-lovely-me-edp-30ml","status":"publish","type":"product","link":"https:\/\/stylingagenten.com\/no\/produkt\/liu-jo-lovely-me-edp-30ml\/","title":{"rendered":"Liu Jo Lovely Me Edp 30ml"},"content":{"rendered":"<p>Liu Jo Lovely Me For Women Eau De Parfum er en fengslende duft skapt for \u00e5 fremheve hver kvinnes naturlige sjarm. Denne uts\u00f8kte parfymen er den perfekte f\u00f8lgesvennen for den som verdsetter en f\u00f8lelse av eleganse. Med sine subtile, men likevel kraftfulle noter omslutter den sin b\u00e6rer i en fortryllende aura, og gir en f\u00f8lelse av selvtillit og stil.<\/p>\n<p>Toppnoter: Bergamott, Eple, Bringeb\u00e6r<br \/>Hjertenoter: Jasmin, Appelsinblomst, Tuberose<br \/>Basenoter: Popcorn, Sedertre, Ambroksan<\/p>\n<p>30ml<\/p>\n","protected":false},"excerpt":{"rendered":"<p>Liu Jo Lovely Me For Women Eau De Parfum er en fengslende duft skapt for \u00e5 fremheve hver kvinnes naturlige sjarm. Denne uts\u00f8kte parfymen er den perfekte f\u00f8lgesvennen for den som verdsetter en f\u00f8lelse av eleganse. Med sine subtile, men likevel kraftfulle noter omslutter den sin b\u00e6rer i en fortryllende aura, og gir en f\u00f8lelse [&hellip;]<\/p>\n","protected":false},"featured_media":374774,"comment_status":"open","ping_status":"closed","template":"","meta":{"_trash_the_other_posts":false},"product_brand":[],"product_cat":[706,735,999],"product_tag":[3215],"berocket_brand":[1377],"class_list":{"0":"post-374776","1":"product","2":"type-product","3":"status-publish","4":"has-post-thumbnail","6":"product_cat-eau-de-parfum-dame","7":"product_cat-kampanje","8":"product_cat-kampanjetilbud-for-henne","9":"product_tag-liu-jo-lovely-me-edp","10":"pa_brand-liu-jo","11":"pa_variant-30ml","12":"berocket_brand-liu-jo","14":"first","15":"instock","16":"sale","17":"taxable","18":"shipping-taxable","19":"purchasable","20":"product-type-simple"},"_links":{"self":[{"href":"https:\/\/stylingagenten.com\/no\/wp-json\/wp\/v2\/product\/374776","targetHints":{"allow":["GET"]}}],"collection":[{"href":"https:\/\/stylingagenten.com\/no\/wp-json\/wp\/v2\/product"}],"about":[{"href":"https:\/\/stylingagenten.com\/no\/wp-json\/wp\/v2\/types\/product"}],"replies":[{"embeddable":true,"href":"https:\/\/stylingagenten.com\/no\/wp-json\/wp\/v2\/comments?post=374776"}],"version-history":[{"count":0,"href":"https:\/\/stylingagenten.com\/no\/wp-json\/wp\/v2\/product\/374776\/revisions"}],"wp:featuredmedia":[{"embeddable":true,"href":"https:\/\/stylingagenten.com\/no\/wp-json\/wp\/v2\/media\/374774"}],"wp:attachment":[{"href":"https:\/\/stylingagenten.com\/no\/wp-json\/wp\/v2\/media?parent=374776"}],"wp:term":[{"taxonomy":"product_brand","embeddable":true,"href":"https:\/\/stylingagenten.com\/no\/wp-json\/wp\/v2\/product_brand?post=374776"},{"taxonomy":"product_cat","embeddable":true,"href":"https:\/\/stylingagenten.com\/no\/wp-json\/wp\/v2\/product_cat?post=374776"},{"taxonomy":"product_tag","embeddable":true,"href":"https:\/\/stylingagenten.com\/no\/wp-json\/wp\/v2\/product_tag?post=374776"},{"taxonomy":"berocket_brand","embeddable":true,"href":"https:\/\/stylingagenten.com\/no\/wp-json\/wp\/v2\/berocket_brand?post=374776"}],"curies":[{"name":"wp","href":"https:\/\/api.w.org\/{rel}","templated":true}]}}