{"id":374766,"date":"2025-05-18T20:51:50","date_gmt":"2025-05-18T20:51:50","guid":{"rendered":"https:\/\/staging2.stylingagenten.com\/no\/produkt\/gucci-flora-gorgeous-magnolia-edp-100ml\/"},"modified":"2026-03-11T22:01:55","modified_gmt":"2026-03-11T22:01:55","slug":"gucci-flora-gorgeous-magnolia-edp-100ml","status":"publish","type":"product","link":"https:\/\/stylingagenten.com\/no\/produkt\/gucci-flora-gorgeous-magnolia-edp-100ml\/","title":{"rendered":"Gucci Flora Gorgeous Magnolia Edp 100ml"},"content":{"rendered":"<p>Gucci Flora Gorgeous Magnolia Eau de Parfum for kvinner er den tredje Gucci-duften i #FloraFantasy-kolleksjonen og en invitasjon til \u00e5 slippe fantasien l\u00f8s med selvtillit. De myke og sensuelle duftene av magnoliaessens, duggkirseb\u00e6r og patchouliessens tar deg med til en verden av str\u00e5lende blomsterkraft og skaper en Eau de Parfum for selvsikre kvinner.<\/p>\n<p>Flasken, dekorert med et fortryllende blomsterm\u00f8nster og en fengslende nyanse av lilla, symboliserer det grensel\u00f8se potensialet som finnes i deg. Denne herlige duften er en urokkelig alliert for Flora-kvinnen som \u00f8nsker \u00e5 utforske alle muligheter \u2013 en unik bukett full av gledelig blomsterkraft som minner deg p\u00e5 \u00e5 stole p\u00e5 deg selv og frigj\u00f8re fantasien din.<\/p>\n<p>Toppnoter: Duggkirseb\u00e6r og Kokos<br \/>Hjertenoter: Magnolia, Jasmin Sambac og Muskatellsalvie<br \/>Bunnoter: Musk, Patchouli og Lyst Tre<\/p>\n<p>100ml<\/p>\n","protected":false},"excerpt":{"rendered":"<p>Gucci Flora Gorgeous Magnolia Eau de Parfum for kvinner er den tredje Gucci-duften i #FloraFantasy-kolleksjonen og en invitasjon til \u00e5 slippe fantasien l\u00f8s med selvtillit. De myke og sensuelle duftene av magnoliaessens, duggkirseb\u00e6r og patchouliessens tar deg med til en verden av str\u00e5lende blomsterkraft og skaper en Eau de Parfum for selvsikre kvinner. Flasken, dekorert [&hellip;]<\/p>\n","protected":false},"featured_media":374748,"comment_status":"open","ping_status":"closed","template":"","meta":{"_trash_the_other_posts":false},"product_brand":[],"product_cat":[706,735,999],"product_tag":[2935],"berocket_brand":[1329],"class_list":{"0":"post-374766","1":"product","2":"type-product","3":"status-publish","4":"has-post-thumbnail","6":"product_cat-eau-de-parfum-dame","7":"product_cat-kampanje","8":"product_cat-kampanjetilbud-for-henne","9":"product_tag-gucci-flora-gorgeous-magnolia-edp","10":"pa_brand-gucci","11":"pa_variant-100ml","12":"berocket_brand-gucci","14":"first","15":"instock","16":"sale","17":"taxable","18":"shipping-taxable","19":"purchasable","20":"product-type-simple"},"_links":{"self":[{"href":"https:\/\/stylingagenten.com\/no\/wp-json\/wp\/v2\/product\/374766","targetHints":{"allow":["GET"]}}],"collection":[{"href":"https:\/\/stylingagenten.com\/no\/wp-json\/wp\/v2\/product"}],"about":[{"href":"https:\/\/stylingagenten.com\/no\/wp-json\/wp\/v2\/types\/product"}],"replies":[{"embeddable":true,"href":"https:\/\/stylingagenten.com\/no\/wp-json\/wp\/v2\/comments?post=374766"}],"version-history":[{"count":0,"href":"https:\/\/stylingagenten.com\/no\/wp-json\/wp\/v2\/product\/374766\/revisions"}],"wp:featuredmedia":[{"embeddable":true,"href":"https:\/\/stylingagenten.com\/no\/wp-json\/wp\/v2\/media\/374748"}],"wp:attachment":[{"href":"https:\/\/stylingagenten.com\/no\/wp-json\/wp\/v2\/media?parent=374766"}],"wp:term":[{"taxonomy":"product_brand","embeddable":true,"href":"https:\/\/stylingagenten.com\/no\/wp-json\/wp\/v2\/product_brand?post=374766"},{"taxonomy":"product_cat","embeddable":true,"href":"https:\/\/stylingagenten.com\/no\/wp-json\/wp\/v2\/product_cat?post=374766"},{"taxonomy":"product_tag","embeddable":true,"href":"https:\/\/stylingagenten.com\/no\/wp-json\/wp\/v2\/product_tag?post=374766"},{"taxonomy":"berocket_brand","embeddable":true,"href":"https:\/\/stylingagenten.com\/no\/wp-json\/wp\/v2\/berocket_brand?post=374766"}],"curies":[{"name":"wp","href":"https:\/\/api.w.org\/{rel}","templated":true}]}}