{"id":374746,"date":"2025-05-18T20:51:47","date_gmt":"2025-05-18T20:51:47","guid":{"rendered":"https:\/\/staging2.stylingagenten.com\/no\/produkt\/liu-jo-glam-edp-50ml\/"},"modified":"2026-04-08T15:31:02","modified_gmt":"2026-04-08T15:31:02","slug":"liu-jo-glam-edp-50ml","status":"publish","type":"product","link":"https:\/\/stylingagenten.com\/no\/produkt\/liu-jo-glam-edp-50ml\/","title":{"rendered":"Liu Jo Glam Edp 50ml"},"content":{"rendered":"<p>Liu Jo Glam-duften \u00e5pner med en frisk kombinasjon av grapefrukt og rips, komplettert med krydret ingef\u00e6r. I hjertet av parfymen avsl\u00f8res en delikat blomsterbukett, best\u00e5ende av noter av peon, jasmin og fresia. Basen forener sensuelle og intense noter av amber, vetiver og musk.<\/p>\n<p>Toppnoter: Grapefrukt, Ingef\u00e6r, Rips<br \/>Hjertenoter: Peon, Fresia, Jasmin<br \/>Basenoter: Rav, Vetiver, Musk<\/p>\n<p>50ml<\/p>\n","protected":false},"excerpt":{"rendered":"<p>Liu Jo Glam-duften \u00e5pner med en frisk kombinasjon av grapefrukt og rips, komplettert med krydret ingef\u00e6r. I hjertet av parfymen avsl\u00f8res en delikat blomsterbukett, best\u00e5ende av noter av peon, jasmin og fresia. Basen forener sensuelle og intense noter av amber, vetiver og musk. Toppnoter: Grapefrukt, Ingef\u00e6r, RipsHjertenoter: Peon, Fresia, JasminBasenoter: Rav, Vetiver, Musk 50ml<\/p>\n","protected":false},"featured_media":374744,"comment_status":"open","ping_status":"closed","template":"","meta":{"_trash_the_other_posts":false},"product_brand":[],"product_cat":[706,735,999],"product_tag":[3214],"berocket_brand":[1377],"class_list":{"0":"post-374746","1":"product","2":"type-product","3":"status-publish","4":"has-post-thumbnail","6":"product_cat-eau-de-parfum-dame","7":"product_cat-kampanje","8":"product_cat-kampanjetilbud-for-henne","9":"product_tag-liu-jo-glam-edp","10":"pa_brand-liu-jo","11":"pa_variant-50ml","12":"berocket_brand-liu-jo","14":"first","15":"instock","16":"sale","17":"taxable","18":"shipping-taxable","19":"purchasable","20":"product-type-simple"},"_links":{"self":[{"href":"https:\/\/stylingagenten.com\/no\/wp-json\/wp\/v2\/product\/374746","targetHints":{"allow":["GET"]}}],"collection":[{"href":"https:\/\/stylingagenten.com\/no\/wp-json\/wp\/v2\/product"}],"about":[{"href":"https:\/\/stylingagenten.com\/no\/wp-json\/wp\/v2\/types\/product"}],"replies":[{"embeddable":true,"href":"https:\/\/stylingagenten.com\/no\/wp-json\/wp\/v2\/comments?post=374746"}],"version-history":[{"count":0,"href":"https:\/\/stylingagenten.com\/no\/wp-json\/wp\/v2\/product\/374746\/revisions"}],"wp:featuredmedia":[{"embeddable":true,"href":"https:\/\/stylingagenten.com\/no\/wp-json\/wp\/v2\/media\/374744"}],"wp:attachment":[{"href":"https:\/\/stylingagenten.com\/no\/wp-json\/wp\/v2\/media?parent=374746"}],"wp:term":[{"taxonomy":"product_brand","embeddable":true,"href":"https:\/\/stylingagenten.com\/no\/wp-json\/wp\/v2\/product_brand?post=374746"},{"taxonomy":"product_cat","embeddable":true,"href":"https:\/\/stylingagenten.com\/no\/wp-json\/wp\/v2\/product_cat?post=374746"},{"taxonomy":"product_tag","embeddable":true,"href":"https:\/\/stylingagenten.com\/no\/wp-json\/wp\/v2\/product_tag?post=374746"},{"taxonomy":"berocket_brand","embeddable":true,"href":"https:\/\/stylingagenten.com\/no\/wp-json\/wp\/v2\/berocket_brand?post=374746"}],"curies":[{"name":"wp","href":"https:\/\/api.w.org\/{rel}","templated":true}]}}