{"id":374743,"date":"2025-05-18T20:51:45","date_gmt":"2025-05-18T20:51:45","guid":{"rendered":"https:\/\/staging2.stylingagenten.com\/no\/produkt\/liu-jo-lovely-u-edp-100ml\/"},"modified":"2026-04-08T15:30:44","modified_gmt":"2026-04-08T15:30:44","slug":"liu-jo-lovely-u-edp-100ml","status":"publish","type":"product","link":"https:\/\/stylingagenten.com\/no\/produkt\/liu-jo-lovely-u-edp-100ml\/","title":{"rendered":"Liu Jo Lovely U Edp 100ml"},"content":{"rendered":"<p>Liu Jo Lovely U EdP har en pikant syrlighet av saftige r\u00f8de rips, den modne honnings\u00f8dmen av nektarin og den jordb\u00e6rlignende skj\u00f8nnheten i physalis\u2014komponenter i den innledende akkorden, som smidig erstattes av lyden av en fyldig trio representert av luksuri\u00f8se blomsterlige toner, solrike mandarinaksenter og treaktig-kj\u00f8lige overtoner av hvit fresia. Det s\u00f8te, pudderaktige og raffinerte sl\u00f8ret av hvit musk kompletteres av samspillet med balsamisk patchouli og skaper en harmonisk sluttakkord, hvor hoveddekorasjonen er den seige og vevende karamell-ettertonen av toffee.<\/p>\n<p>Toppnoter: Nektarin, R\u00f8de rips, Physalis<br \/>Hjertenoter: Fresia, Mandarinblomst, Villrose<br \/>Basenoter: Toffee, Patchouli, Hvit musk<\/p>\n<p>100ml<\/p>\n","protected":false},"excerpt":{"rendered":"<p>Liu Jo Lovely U EdP har en pikant syrlighet av saftige r\u00f8de rips, den modne honnings\u00f8dmen av nektarin og den jordb\u00e6rlignende skj\u00f8nnheten i physalis\u2014komponenter i den innledende akkorden, som smidig erstattes av lyden av en fyldig trio representert av luksuri\u00f8se blomsterlige toner, solrike mandarinaksenter og treaktig-kj\u00f8lige overtoner av hvit fresia. Det s\u00f8te, pudderaktige og raffinerte [&hellip;]<\/p>\n","protected":false},"featured_media":374737,"comment_status":"open","ping_status":"closed","template":"","meta":{"_trash_the_other_posts":false},"product_brand":[],"product_cat":[706,735,999],"product_tag":[3216],"berocket_brand":[1377],"class_list":{"0":"post-374743","1":"product","2":"type-product","3":"status-publish","4":"has-post-thumbnail","6":"product_cat-eau-de-parfum-dame","7":"product_cat-kampanje","8":"product_cat-kampanjetilbud-for-henne","9":"product_tag-liu-jo-lovely-u-edp","10":"pa_brand-liu-jo","11":"pa_variant-100ml","12":"berocket_brand-liu-jo","14":"first","15":"instock","16":"sale","17":"taxable","18":"shipping-taxable","19":"purchasable","20":"product-type-simple"},"_links":{"self":[{"href":"https:\/\/stylingagenten.com\/no\/wp-json\/wp\/v2\/product\/374743","targetHints":{"allow":["GET"]}}],"collection":[{"href":"https:\/\/stylingagenten.com\/no\/wp-json\/wp\/v2\/product"}],"about":[{"href":"https:\/\/stylingagenten.com\/no\/wp-json\/wp\/v2\/types\/product"}],"replies":[{"embeddable":true,"href":"https:\/\/stylingagenten.com\/no\/wp-json\/wp\/v2\/comments?post=374743"}],"version-history":[{"count":0,"href":"https:\/\/stylingagenten.com\/no\/wp-json\/wp\/v2\/product\/374743\/revisions"}],"wp:featuredmedia":[{"embeddable":true,"href":"https:\/\/stylingagenten.com\/no\/wp-json\/wp\/v2\/media\/374737"}],"wp:attachment":[{"href":"https:\/\/stylingagenten.com\/no\/wp-json\/wp\/v2\/media?parent=374743"}],"wp:term":[{"taxonomy":"product_brand","embeddable":true,"href":"https:\/\/stylingagenten.com\/no\/wp-json\/wp\/v2\/product_brand?post=374743"},{"taxonomy":"product_cat","embeddable":true,"href":"https:\/\/stylingagenten.com\/no\/wp-json\/wp\/v2\/product_cat?post=374743"},{"taxonomy":"product_tag","embeddable":true,"href":"https:\/\/stylingagenten.com\/no\/wp-json\/wp\/v2\/product_tag?post=374743"},{"taxonomy":"berocket_brand","embeddable":true,"href":"https:\/\/stylingagenten.com\/no\/wp-json\/wp\/v2\/berocket_brand?post=374743"}],"curies":[{"name":"wp","href":"https:\/\/api.w.org\/{rel}","templated":true}]}}