{"id":374740,"date":"2025-05-18T20:51:44","date_gmt":"2025-05-18T20:51:44","guid":{"rendered":"https:\/\/staging2.stylingagenten.com\/no\/produkt\/salvador-dali-dali-woman-edp-100ml\/"},"modified":"2026-02-18T05:46:56","modified_gmt":"2026-02-18T05:46:56","slug":"salvador-dali-dali-woman-edp-100ml","status":"publish","type":"product","link":"https:\/\/stylingagenten.com\/no\/produkt\/salvador-dali-dali-woman-edp-100ml\/","title":{"rendered":"Salvador Dali Dali Woman Edp 100ml"},"content":{"rendered":"<p>Ikke g\u00e5 glipp av sjansen til \u00e5 bli kveldens dronning med Salvador Dali Dali EdP \u2013 en Eau de Parfum som p\u00e5 sekunder forvandler deg til en str\u00e5lende skapning, hvis sjarm fortryller alle rundt deg.<\/p>\n<p>Toppnoter: Aldehyder, Basilikum, Bergamott, Mandarin, Gr\u00f8nne noter, R\u00f8de frukter<br \/>Hjertenoter: Appelsinblomst, Jasmin, Lilje, Narsiss, Iris, Rose, Tuberose, Liljekonvall<br \/>Bunnoter: Rav, Benzoin, Sandeltre, Sedertre, Musk, Myrt, Vanilje<\/p>\n<p>100ml<\/p>\n","protected":false},"excerpt":{"rendered":"<p>Ikke g\u00e5 glipp av sjansen til \u00e5 bli kveldens dronning med Salvador Dali Dali EdP \u2013 en Eau de Parfum som p\u00e5 sekunder forvandler deg til en str\u00e5lende skapning, hvis sjarm fortryller alle rundt deg. Toppnoter: Aldehyder, Basilikum, Bergamott, Mandarin, Gr\u00f8nne noter, R\u00f8de frukterHjertenoter: Appelsinblomst, Jasmin, Lilje, Narsiss, Iris, Rose, Tuberose, LiljekonvallBunnoter: Rav, Benzoin, Sandeltre, [&hellip;]<\/p>\n","protected":false},"featured_media":374732,"comment_status":"open","ping_status":"closed","template":"","meta":{"_trash_the_other_posts":false},"product_brand":[],"product_cat":[706],"product_tag":[3961],"berocket_brand":[1192],"class_list":{"0":"post-374740","1":"product","2":"type-product","3":"status-publish","4":"has-post-thumbnail","6":"product_cat-eau-de-parfum-dame","7":"product_tag-salvador-dali-dali-woman-edp","8":"pa_brand-salvador-dali","9":"pa_variant-100ml","10":"berocket_brand-salvador-dali","12":"first","13":"outofstock","14":"sale","15":"taxable","16":"shipping-taxable","17":"purchasable","18":"product-type-simple"},"_links":{"self":[{"href":"https:\/\/stylingagenten.com\/no\/wp-json\/wp\/v2\/product\/374740","targetHints":{"allow":["GET"]}}],"collection":[{"href":"https:\/\/stylingagenten.com\/no\/wp-json\/wp\/v2\/product"}],"about":[{"href":"https:\/\/stylingagenten.com\/no\/wp-json\/wp\/v2\/types\/product"}],"replies":[{"embeddable":true,"href":"https:\/\/stylingagenten.com\/no\/wp-json\/wp\/v2\/comments?post=374740"}],"version-history":[{"count":0,"href":"https:\/\/stylingagenten.com\/no\/wp-json\/wp\/v2\/product\/374740\/revisions"}],"wp:featuredmedia":[{"embeddable":true,"href":"https:\/\/stylingagenten.com\/no\/wp-json\/wp\/v2\/media\/374732"}],"wp:attachment":[{"href":"https:\/\/stylingagenten.com\/no\/wp-json\/wp\/v2\/media?parent=374740"}],"wp:term":[{"taxonomy":"product_brand","embeddable":true,"href":"https:\/\/stylingagenten.com\/no\/wp-json\/wp\/v2\/product_brand?post=374740"},{"taxonomy":"product_cat","embeddable":true,"href":"https:\/\/stylingagenten.com\/no\/wp-json\/wp\/v2\/product_cat?post=374740"},{"taxonomy":"product_tag","embeddable":true,"href":"https:\/\/stylingagenten.com\/no\/wp-json\/wp\/v2\/product_tag?post=374740"},{"taxonomy":"berocket_brand","embeddable":true,"href":"https:\/\/stylingagenten.com\/no\/wp-json\/wp\/v2\/berocket_brand?post=374740"}],"curies":[{"name":"wp","href":"https:\/\/api.w.org\/{rel}","templated":true}]}}