{"id":374682,"date":"2025-05-18T20:51:25","date_gmt":"2025-05-18T20:51:25","guid":{"rendered":"https:\/\/staging2.stylingagenten.com\/no\/produkt\/giftset-replay-signature-lovers-woman-edt-100ml-pochette\/"},"modified":"2026-02-27T11:56:48","modified_gmt":"2026-02-27T11:56:48","slug":"giftset-replay-signature-lovers-woman-edt-100ml-pochette","status":"publish","type":"product","link":"https:\/\/stylingagenten.com\/no\/produkt\/giftset-replay-signature-lovers-woman-edt-100ml-pochette\/","title":{"rendered":"Giftset Replay Signature Lovers Woman Edt 100ml + Pochette"},"content":{"rendered":"<p>Replay Signature Lovers Woman er en ekstraordin\u00e6r skapelse hvor tatoveringene som gjenopprettes p\u00e5 emballasjen ikke er prangende, men snarere et element for \u00e5 formidle et budskap om kj\u00e6rlighet. Duften \u00e5pner med elegant rose kombinert med lidenskapelig gardenia, som knyttes sammen med en blomsterbukett i hjertenotene. Denne feminine tiltrekningen avsluttes mykt med orkid\u00e9 og luksuri\u00f8se blandinger av sjelden amber og vanilje.<\/p>\n<p>Toppnoter: Bringeb\u00e6r, Mandarin, Ros\u00e9peppar, Bergamot<br \/>\n<br \/>Hjertenoter: Gardenia, Rose, Ylang Ylang, Jasmin Sambac<br \/>\n<br \/>Bunnoter: Vaniljeorkid\u00e9, Ambertre, Sandeltre, Patchouli<\/p>\n<p>Gavesettet inneholder:<br \/>\n<br \/>Replay Signature Lovers Woman Edt 100ml<br \/>\n<br \/>Replay Denim Pochette<\/p>\n","protected":false},"excerpt":{"rendered":"<p>Replay Signature Lovers Woman er en ekstraordin\u00e6r skapelse hvor tatoveringene som gjenopprettes p\u00e5 emballasjen ikke er prangende, men snarere et element for \u00e5 formidle et budskap om kj\u00e6rlighet. Duften \u00e5pner med elegant rose kombinert med lidenskapelig gardenia, som knyttes sammen med en blomsterbukett i hjertenotene. Denne feminine tiltrekningen avsluttes mykt med orkid\u00e9 og luksuri\u00f8se blandinger [&hellip;]<\/p>\n","protected":false},"featured_media":374676,"comment_status":"open","ping_status":"closed","template":"","meta":{"_trash_the_other_posts":false},"product_brand":[],"product_cat":[706,544,735,999],"product_tag":[],"berocket_brand":[1120],"class_list":{"0":"post-374682","1":"product","2":"type-product","3":"status-publish","4":"has-post-thumbnail","6":"product_cat-eau-de-parfum-dame","7":"product_cat-gave-parfyme-dame","8":"product_cat-kampanje","9":"product_cat-kampanjetilbud-for-henne","10":"pa_brand-replay","11":"berocket_brand-replay","13":"first","14":"instock","15":"sale","16":"taxable","17":"shipping-taxable","18":"purchasable","19":"product-type-simple"},"_links":{"self":[{"href":"https:\/\/stylingagenten.com\/no\/wp-json\/wp\/v2\/product\/374682","targetHints":{"allow":["GET"]}}],"collection":[{"href":"https:\/\/stylingagenten.com\/no\/wp-json\/wp\/v2\/product"}],"about":[{"href":"https:\/\/stylingagenten.com\/no\/wp-json\/wp\/v2\/types\/product"}],"replies":[{"embeddable":true,"href":"https:\/\/stylingagenten.com\/no\/wp-json\/wp\/v2\/comments?post=374682"}],"version-history":[{"count":0,"href":"https:\/\/stylingagenten.com\/no\/wp-json\/wp\/v2\/product\/374682\/revisions"}],"wp:featuredmedia":[{"embeddable":true,"href":"https:\/\/stylingagenten.com\/no\/wp-json\/wp\/v2\/media\/374676"}],"wp:attachment":[{"href":"https:\/\/stylingagenten.com\/no\/wp-json\/wp\/v2\/media?parent=374682"}],"wp:term":[{"taxonomy":"product_brand","embeddable":true,"href":"https:\/\/stylingagenten.com\/no\/wp-json\/wp\/v2\/product_brand?post=374682"},{"taxonomy":"product_cat","embeddable":true,"href":"https:\/\/stylingagenten.com\/no\/wp-json\/wp\/v2\/product_cat?post=374682"},{"taxonomy":"product_tag","embeddable":true,"href":"https:\/\/stylingagenten.com\/no\/wp-json\/wp\/v2\/product_tag?post=374682"},{"taxonomy":"berocket_brand","embeddable":true,"href":"https:\/\/stylingagenten.com\/no\/wp-json\/wp\/v2\/berocket_brand?post=374682"}],"curies":[{"name":"wp","href":"https:\/\/api.w.org\/{rel}","templated":true}]}}