{"id":374664,"date":"2025-05-18T20:51:19","date_gmt":"2025-05-18T20:51:19","guid":{"rendered":"https:\/\/staging2.stylingagenten.com\/no\/produkt\/giftset-replay-green-on-me-woman-edp-100ml-pochette\/"},"modified":"2026-03-23T05:37:35","modified_gmt":"2026-03-23T05:37:35","slug":"giftset-replay-green-on-me-woman-edp-100ml-pochette","status":"publish","type":"product","link":"https:\/\/stylingagenten.com\/no\/produkt\/giftset-replay-green-on-me-woman-edp-100ml-pochette\/","title":{"rendered":"Giftset Replay Green On Me Woman Edp 100ml + Pochette"},"content":{"rendered":"<p>Replay Green On Me Woman Edp skal vekke f\u00f8lelsene av et drivhus tidlig om morgenen. Solens str\u00e5ler begynner \u00e5 sile inn gjennom vinduene, som fortsatt er duggfrie fra ettermiddagens varme. Blomstene, fortsatt fuktige av dagg, begynner \u00e5 blomstre og avsl\u00f8rer forsiktig sine klare farger samtidig som de sprer naturens forf\u00f8rende duft.<\/p>\n<p>Toppnoter: Bergamot, Gul mandarin, Murgr\u00f8nt<br \/>\n<br \/>Hjertenoter: Heliotrop, Appelsinblomst, Gr\u00f8nt eple<br \/>\n<br \/>Bunnoter: Vanilje, Sandeltre, Patchouli-blader<\/p>\n<p>Gavesettet inneholder:<br \/>\n<br \/>Replay Green On Me Woman Edp 100ml<br \/>\n<br \/>Replay Denim Pochette<br \/><\/p>\n","protected":false},"excerpt":{"rendered":"<p>Replay Green On Me Woman Edp skal vekke f\u00f8lelsene av et drivhus tidlig om morgenen. Solens str\u00e5ler begynner \u00e5 sile inn gjennom vinduene, som fortsatt er duggfrie fra ettermiddagens varme. Blomstene, fortsatt fuktige av dagg, begynner \u00e5 blomstre og avsl\u00f8rer forsiktig sine klare farger samtidig som de sprer naturens forf\u00f8rende duft. Toppnoter: Bergamot, Gul mandarin, [&hellip;]<\/p>\n","protected":false},"featured_media":374654,"comment_status":"open","ping_status":"closed","template":"","meta":{"_trash_the_other_posts":false},"product_brand":[],"product_cat":[706,544,735,999],"product_tag":[],"berocket_brand":[1120],"class_list":{"0":"post-374664","1":"product","2":"type-product","3":"status-publish","4":"has-post-thumbnail","6":"product_cat-eau-de-parfum-dame","7":"product_cat-gave-parfyme-dame","8":"product_cat-kampanje","9":"product_cat-kampanjetilbud-for-henne","10":"pa_brand-replay","11":"berocket_brand-replay","13":"first","14":"instock","15":"sale","16":"taxable","17":"shipping-taxable","18":"purchasable","19":"product-type-simple"},"_links":{"self":[{"href":"https:\/\/stylingagenten.com\/no\/wp-json\/wp\/v2\/product\/374664","targetHints":{"allow":["GET"]}}],"collection":[{"href":"https:\/\/stylingagenten.com\/no\/wp-json\/wp\/v2\/product"}],"about":[{"href":"https:\/\/stylingagenten.com\/no\/wp-json\/wp\/v2\/types\/product"}],"replies":[{"embeddable":true,"href":"https:\/\/stylingagenten.com\/no\/wp-json\/wp\/v2\/comments?post=374664"}],"version-history":[{"count":0,"href":"https:\/\/stylingagenten.com\/no\/wp-json\/wp\/v2\/product\/374664\/revisions"}],"wp:featuredmedia":[{"embeddable":true,"href":"https:\/\/stylingagenten.com\/no\/wp-json\/wp\/v2\/media\/374654"}],"wp:attachment":[{"href":"https:\/\/stylingagenten.com\/no\/wp-json\/wp\/v2\/media?parent=374664"}],"wp:term":[{"taxonomy":"product_brand","embeddable":true,"href":"https:\/\/stylingagenten.com\/no\/wp-json\/wp\/v2\/product_brand?post=374664"},{"taxonomy":"product_cat","embeddable":true,"href":"https:\/\/stylingagenten.com\/no\/wp-json\/wp\/v2\/product_cat?post=374664"},{"taxonomy":"product_tag","embeddable":true,"href":"https:\/\/stylingagenten.com\/no\/wp-json\/wp\/v2\/product_tag?post=374664"},{"taxonomy":"berocket_brand","embeddable":true,"href":"https:\/\/stylingagenten.com\/no\/wp-json\/wp\/v2\/berocket_brand?post=374664"}],"curies":[{"name":"wp","href":"https:\/\/api.w.org\/{rel}","templated":true}]}}