{"id":374662,"date":"2025-05-18T20:51:18","date_gmt":"2025-05-18T20:51:18","guid":{"rendered":"https:\/\/staging2.stylingagenten.com\/no\/produkt\/giftset-replay-source-of-life-woman-edp-100ml-pochette\/"},"modified":"2026-04-02T09:28:42","modified_gmt":"2026-04-02T09:28:42","slug":"giftset-replay-source-of-life-woman-edp-100ml-pochette","status":"publish","type":"product","link":"https:\/\/stylingagenten.com\/no\/produkt\/giftset-replay-source-of-life-woman-edp-100ml-pochette\/","title":{"rendered":"Giftset Replay Source Of Life Woman Edp 100ml + Pochette"},"content":{"rendered":"<p>Source of Life Woman Eau de Parfum er en feminin duft inspirert av jordens majestetiske skj\u00f8nnhet i elvene. Med sine forfriskende akvatiske noter fanger denne rene og spr\u00f8 duften essensen av en forfriskende str\u00f8m gjennom elven, og gir en flytende f\u00f8lelse som vekker sansene og fungerer som et sprut av forfriskende glede.<\/p>\n<p>Toppnoter: Bergamot fra Italia, Mandarin fra Italia Orpur\u00ae, Lime fra Italia Orpur\u00ae<br \/>\n<br \/>Hjertenoter: Geranium fra Egypt Orpur\u00ae, Jasmin<br \/>\n<br \/>Bunnoter: Patchouli fra Indonesia Orpur\u00ae, Ylang Ylang Extra Comores Orpur\u00ae, Naturlig Vanillin (fra nellik)<\/p>\n<p>Gavesettet inneholder:<br \/>\n<br \/>Replay Source of Life Woman Edp 100ml<br \/>\n<br \/>Replay Denim Pochette<\/p>\n","protected":false},"excerpt":{"rendered":"<p>Source of Life Woman Eau de Parfum er en feminin duft inspirert av jordens majestetiske skj\u00f8nnhet i elvene. Med sine forfriskende akvatiske noter fanger denne rene og spr\u00f8 duften essensen av en forfriskende str\u00f8m gjennom elven, og gir en flytende f\u00f8lelse som vekker sansene og fungerer som et sprut av forfriskende glede. Toppnoter: Bergamot fra [&hellip;]<\/p>\n","protected":false},"featured_media":374655,"comment_status":"open","ping_status":"closed","template":"","meta":{"_trash_the_other_posts":false},"product_brand":[],"product_cat":[706,544,735,999],"product_tag":[],"berocket_brand":[1120],"class_list":{"0":"post-374662","1":"product","2":"type-product","3":"status-publish","4":"has-post-thumbnail","6":"product_cat-eau-de-parfum-dame","7":"product_cat-gave-parfyme-dame","8":"product_cat-kampanje","9":"product_cat-kampanjetilbud-for-henne","10":"pa_brand-replay","11":"berocket_brand-replay","13":"first","14":"instock","15":"sale","16":"taxable","17":"shipping-taxable","18":"purchasable","19":"product-type-simple"},"_links":{"self":[{"href":"https:\/\/stylingagenten.com\/no\/wp-json\/wp\/v2\/product\/374662","targetHints":{"allow":["GET"]}}],"collection":[{"href":"https:\/\/stylingagenten.com\/no\/wp-json\/wp\/v2\/product"}],"about":[{"href":"https:\/\/stylingagenten.com\/no\/wp-json\/wp\/v2\/types\/product"}],"replies":[{"embeddable":true,"href":"https:\/\/stylingagenten.com\/no\/wp-json\/wp\/v2\/comments?post=374662"}],"version-history":[{"count":0,"href":"https:\/\/stylingagenten.com\/no\/wp-json\/wp\/v2\/product\/374662\/revisions"}],"wp:featuredmedia":[{"embeddable":true,"href":"https:\/\/stylingagenten.com\/no\/wp-json\/wp\/v2\/media\/374655"}],"wp:attachment":[{"href":"https:\/\/stylingagenten.com\/no\/wp-json\/wp\/v2\/media?parent=374662"}],"wp:term":[{"taxonomy":"product_brand","embeddable":true,"href":"https:\/\/stylingagenten.com\/no\/wp-json\/wp\/v2\/product_brand?post=374662"},{"taxonomy":"product_cat","embeddable":true,"href":"https:\/\/stylingagenten.com\/no\/wp-json\/wp\/v2\/product_cat?post=374662"},{"taxonomy":"product_tag","embeddable":true,"href":"https:\/\/stylingagenten.com\/no\/wp-json\/wp\/v2\/product_tag?post=374662"},{"taxonomy":"berocket_brand","embeddable":true,"href":"https:\/\/stylingagenten.com\/no\/wp-json\/wp\/v2\/berocket_brand?post=374662"}],"curies":[{"name":"wp","href":"https:\/\/api.w.org\/{rel}","templated":true}]}}