{"id":374658,"date":"2025-05-18T20:51:17","date_gmt":"2025-05-18T20:51:17","guid":{"rendered":"https:\/\/staging2.stylingagenten.com\/no\/produkt\/giftset-replay-signature-woman-edp-100ml-pochette\/"},"modified":"2026-03-30T08:48:44","modified_gmt":"2026-03-30T08:48:44","slug":"giftset-replay-signature-woman-edp-100ml-pochette","status":"publish","type":"product","link":"https:\/\/stylingagenten.com\/no\/produkt\/giftset-replay-signature-woman-edp-100ml-pochette\/","title":{"rendered":"Giftset Replay Signature Woman Edp 100ml + Pochette"},"content":{"rendered":"<p>Med sitt innovative design \u00f8nsker Replay Signature \u00e5 overf\u00f8re \u00e5nden fra Replay mote-kolleksjonen til parfymens verden. Den institusjonelle formen p\u00e5 flasken forsterkes av nagler p\u00e5 begge sider. Det blomstrete motivet dekorerer hele flasken og gj\u00f8r den utrolig elegant. Duften er en distinkt chypre-komposisjon med moderne femininitet og forf\u00f8rende kraft. I toppnotene sprer sitrusfrukter sin aroma for \u00e5 skape en f\u00f8lelse av naturlig friskhet. Luften er duftende av s\u00f8t mandarin og saftig nektarin. Den fortryllende hjertenoten kombinerer en bukett av sensuell geranium, fortryllende jasmin og eksotisk ylang ylang som smelter sammen og sprer ren sjarm. Den elegante basen av m\u00f8rk vetiver, jordlig patchouli, edel amber og ren musk harmoniserer dette eksepsjonelle mesterverket.<\/p>\n<p>Toppnoter: Nektarin, Mandarin, Sitrus<br \/>\n<br \/>Hjertenoter: Ylang Ylang, Jasmin, Geranium<br \/>\n<br \/>Bunnoter: Patchouli, Musk, Amber, Vetiver<\/p>\n<p>Gavesettet inneholder:<br \/>\n<br \/>Replay Signature Woman Edp 100ml<br \/>\n<br \/>Replay Denim Pochette<br \/><\/p>\n","protected":false},"excerpt":{"rendered":"<p>Med sitt innovative design \u00f8nsker Replay Signature \u00e5 overf\u00f8re \u00e5nden fra Replay mote-kolleksjonen til parfymens verden. Den institusjonelle formen p\u00e5 flasken forsterkes av nagler p\u00e5 begge sider. Det blomstrete motivet dekorerer hele flasken og gj\u00f8r den utrolig elegant. Duften er en distinkt chypre-komposisjon med moderne femininitet og forf\u00f8rende kraft. I toppnotene sprer sitrusfrukter sin aroma [&hellip;]<\/p>\n","protected":false},"featured_media":374650,"comment_status":"open","ping_status":"closed","template":"","meta":{"_trash_the_other_posts":false},"product_brand":[],"product_cat":[706,544,735,999],"product_tag":[],"berocket_brand":[1120],"class_list":{"0":"post-374658","1":"product","2":"type-product","3":"status-publish","4":"has-post-thumbnail","6":"product_cat-eau-de-parfum-dame","7":"product_cat-gave-parfyme-dame","8":"product_cat-kampanje","9":"product_cat-kampanjetilbud-for-henne","10":"pa_brand-replay","11":"berocket_brand-replay","13":"first","14":"instock","15":"sale","16":"taxable","17":"shipping-taxable","18":"purchasable","19":"product-type-simple"},"_links":{"self":[{"href":"https:\/\/stylingagenten.com\/no\/wp-json\/wp\/v2\/product\/374658","targetHints":{"allow":["GET"]}}],"collection":[{"href":"https:\/\/stylingagenten.com\/no\/wp-json\/wp\/v2\/product"}],"about":[{"href":"https:\/\/stylingagenten.com\/no\/wp-json\/wp\/v2\/types\/product"}],"replies":[{"embeddable":true,"href":"https:\/\/stylingagenten.com\/no\/wp-json\/wp\/v2\/comments?post=374658"}],"version-history":[{"count":0,"href":"https:\/\/stylingagenten.com\/no\/wp-json\/wp\/v2\/product\/374658\/revisions"}],"wp:featuredmedia":[{"embeddable":true,"href":"https:\/\/stylingagenten.com\/no\/wp-json\/wp\/v2\/media\/374650"}],"wp:attachment":[{"href":"https:\/\/stylingagenten.com\/no\/wp-json\/wp\/v2\/media?parent=374658"}],"wp:term":[{"taxonomy":"product_brand","embeddable":true,"href":"https:\/\/stylingagenten.com\/no\/wp-json\/wp\/v2\/product_brand?post=374658"},{"taxonomy":"product_cat","embeddable":true,"href":"https:\/\/stylingagenten.com\/no\/wp-json\/wp\/v2\/product_cat?post=374658"},{"taxonomy":"product_tag","embeddable":true,"href":"https:\/\/stylingagenten.com\/no\/wp-json\/wp\/v2\/product_tag?post=374658"},{"taxonomy":"berocket_brand","embeddable":true,"href":"https:\/\/stylingagenten.com\/no\/wp-json\/wp\/v2\/berocket_brand?post=374658"}],"curies":[{"name":"wp","href":"https:\/\/api.w.org\/{rel}","templated":true}]}}