{"id":374599,"date":"2025-05-18T20:50:56","date_gmt":"2025-05-18T20:50:56","guid":{"rendered":"https:\/\/staging2.stylingagenten.com\/no\/produkt\/acqua-di-parma-colonia-essenza-deo-spray-150ml\/"},"modified":"2026-03-16T09:37:40","modified_gmt":"2026-03-16T09:37:40","slug":"acqua-di-parma-colonia-essenza-deo-spray-150ml","status":"publish","type":"product","link":"https:\/\/stylingagenten.com\/no\/produkt\/acqua-di-parma-colonia-essenza-deo-spray-150ml\/","title":{"rendered":"Acqua Di Parma Colonia Essenza Deo Spray 150ml"},"content":{"rendered":"<p>En deodorant som bruker duften av Colonia Essenza for \u00e5 gi en f\u00f8lelse av friskhet og velv\u00e6re som varer hele dagen.<br \/>\n<br \/>Duften \u00e5pner med friske sitrusnoter av italiensk sitron, appelsin og bergamott, som harmonerer vakkert med en hjertenote av rosmarin, lilje og vetiver. Basenotene best\u00e5r av tretoner og myk musk, som sammen skaper en sofistikert og varig tilstedev\u00e6relse.<br \/>\n<br \/>150ml<\/p>\n","protected":false},"excerpt":{"rendered":"<p>En deodorant som bruker duften av Colonia Essenza for \u00e5 gi en f\u00f8lelse av friskhet og velv\u00e6re som varer hele dagen. Duften \u00e5pner med friske sitrusnoter av italiensk sitron, appelsin og bergamott, som harmonerer vakkert med en hjertenote av rosmarin, lilje og vetiver. Basenotene best\u00e5r av tretoner og myk musk, som sammen skaper en sofistikert [&hellip;]<\/p>\n","protected":false},"featured_media":374598,"comment_status":"open","ping_status":"closed","template":"","meta":{"_trash_the_other_posts":false},"product_brand":[],"product_cat":[722,735,1000],"product_tag":[],"berocket_brand":[1161],"class_list":{"0":"post-374599","1":"product","2":"type-product","3":"status-publish","4":"has-post-thumbnail","6":"product_cat-deospray-herre","7":"product_cat-kampanje","8":"product_cat-kampanjetilbud-for-ham","9":"pa_brand-acqua-di-parma","10":"berocket_brand-acqua-di-parma","12":"first","13":"instock","14":"sale","15":"taxable","16":"shipping-taxable","17":"purchasable","18":"product-type-simple"},"_links":{"self":[{"href":"https:\/\/stylingagenten.com\/no\/wp-json\/wp\/v2\/product\/374599","targetHints":{"allow":["GET"]}}],"collection":[{"href":"https:\/\/stylingagenten.com\/no\/wp-json\/wp\/v2\/product"}],"about":[{"href":"https:\/\/stylingagenten.com\/no\/wp-json\/wp\/v2\/types\/product"}],"replies":[{"embeddable":true,"href":"https:\/\/stylingagenten.com\/no\/wp-json\/wp\/v2\/comments?post=374599"}],"version-history":[{"count":0,"href":"https:\/\/stylingagenten.com\/no\/wp-json\/wp\/v2\/product\/374599\/revisions"}],"wp:featuredmedia":[{"embeddable":true,"href":"https:\/\/stylingagenten.com\/no\/wp-json\/wp\/v2\/media\/374598"}],"wp:attachment":[{"href":"https:\/\/stylingagenten.com\/no\/wp-json\/wp\/v2\/media?parent=374599"}],"wp:term":[{"taxonomy":"product_brand","embeddable":true,"href":"https:\/\/stylingagenten.com\/no\/wp-json\/wp\/v2\/product_brand?post=374599"},{"taxonomy":"product_cat","embeddable":true,"href":"https:\/\/stylingagenten.com\/no\/wp-json\/wp\/v2\/product_cat?post=374599"},{"taxonomy":"product_tag","embeddable":true,"href":"https:\/\/stylingagenten.com\/no\/wp-json\/wp\/v2\/product_tag?post=374599"},{"taxonomy":"berocket_brand","embeddable":true,"href":"https:\/\/stylingagenten.com\/no\/wp-json\/wp\/v2\/berocket_brand?post=374599"}],"curies":[{"name":"wp","href":"https:\/\/api.w.org\/{rel}","templated":true}]}}