{"id":374595,"date":"2025-05-18T20:50:54","date_gmt":"2025-05-18T20:50:54","guid":{"rendered":"https:\/\/staging2.stylingagenten.com\/no\/produkt\/calvin-klein-eternity-reflections-for-men-edt-100ml\/"},"modified":"2026-04-14T21:08:52","modified_gmt":"2026-04-14T21:08:52","slug":"calvin-klein-eternity-reflections-for-men-edt-100ml","status":"publish","type":"product","link":"https:\/\/stylingagenten.com\/no\/produkt\/calvin-klein-eternity-reflections-for-men-edt-100ml\/","title":{"rendered":"Calvin Klein Eternity Reflections For Men Edt 100ml"},"content":{"rendered":"<p>Calvin Klein Eternity Reflections Eau de Toilette for Men er en aromatisk foug\u00e8re-duft som \u00e5pner med gr\u00f8nne noter av absint. Hjertets deilige sjokoladenoter gir duften en uventet vri. Eikemose kombineres med sensuelt sandeltre og gir en fyldig struktur som er n\u00f8kkelen i Eternity-dufter.<\/p>\n<p>100ml<\/p>\n","protected":false},"excerpt":{"rendered":"<p>Calvin Klein Eternity Reflections Eau de Toilette for Men er en aromatisk foug\u00e8re-duft som \u00e5pner med gr\u00f8nne noter av absint. Hjertets deilige sjokoladenoter gir duften en uventet vri. Eikemose kombineres med sensuelt sandeltre og gir en fyldig struktur som er n\u00f8kkelen i Eternity-dufter. 100ml<\/p>\n","protected":false},"featured_media":374592,"comment_status":"open","ping_status":"closed","template":"","meta":{"_trash_the_other_posts":false},"product_brand":[],"product_cat":[709,735,1000],"product_tag":[],"berocket_brand":[1014],"class_list":{"0":"post-374595","1":"product","2":"type-product","3":"status-publish","4":"has-post-thumbnail","6":"product_cat-eau-de-toilette-herre","7":"product_cat-kampanje","8":"product_cat-kampanjetilbud-for-ham","9":"pa_brand-calvin-klein","10":"berocket_brand-calvin-klein","12":"first","13":"instock","14":"sale","15":"taxable","16":"shipping-taxable","17":"purchasable","18":"product-type-simple"},"_links":{"self":[{"href":"https:\/\/stylingagenten.com\/no\/wp-json\/wp\/v2\/product\/374595","targetHints":{"allow":["GET"]}}],"collection":[{"href":"https:\/\/stylingagenten.com\/no\/wp-json\/wp\/v2\/product"}],"about":[{"href":"https:\/\/stylingagenten.com\/no\/wp-json\/wp\/v2\/types\/product"}],"replies":[{"embeddable":true,"href":"https:\/\/stylingagenten.com\/no\/wp-json\/wp\/v2\/comments?post=374595"}],"version-history":[{"count":0,"href":"https:\/\/stylingagenten.com\/no\/wp-json\/wp\/v2\/product\/374595\/revisions"}],"wp:featuredmedia":[{"embeddable":true,"href":"https:\/\/stylingagenten.com\/no\/wp-json\/wp\/v2\/media\/374592"}],"wp:attachment":[{"href":"https:\/\/stylingagenten.com\/no\/wp-json\/wp\/v2\/media?parent=374595"}],"wp:term":[{"taxonomy":"product_brand","embeddable":true,"href":"https:\/\/stylingagenten.com\/no\/wp-json\/wp\/v2\/product_brand?post=374595"},{"taxonomy":"product_cat","embeddable":true,"href":"https:\/\/stylingagenten.com\/no\/wp-json\/wp\/v2\/product_cat?post=374595"},{"taxonomy":"product_tag","embeddable":true,"href":"https:\/\/stylingagenten.com\/no\/wp-json\/wp\/v2\/product_tag?post=374595"},{"taxonomy":"berocket_brand","embeddable":true,"href":"https:\/\/stylingagenten.com\/no\/wp-json\/wp\/v2\/berocket_brand?post=374595"}],"curies":[{"name":"wp","href":"https:\/\/api.w.org\/{rel}","templated":true}]}}