{"id":374589,"date":"2025-05-18T20:50:52","date_gmt":"2025-05-18T20:50:52","guid":{"rendered":"https:\/\/staging2.stylingagenten.com\/no\/produkt\/elizabeth-arden-green-tea-cream-deodorant-40ml\/"},"modified":"2026-04-05T11:08:44","modified_gmt":"2026-04-05T11:08:44","slug":"elizabeth-arden-green-tea-cream-deodorant-40ml","status":"publish","type":"product","link":"https:\/\/stylingagenten.com\/no\/produkt\/elizabeth-arden-green-tea-cream-deodorant-40ml\/","title":{"rendered":"Elizabeth Arden Green Tea Cream Deodorant 40ml"},"content":{"rendered":"<p>Elizabeth Arden Green Tea Cream Deodorant er en veldig frisk kremdeodorant, beriket med gr\u00f8nn te for en ren, frisk f\u00f8lelse. Deodoranten har en oppl\u00f8ftende duft som gir energi og frisker opp sansene dine.&nbsp;<\/p>\n","protected":false},"excerpt":{"rendered":"<p>Elizabeth Arden Green Tea Cream Deodorant er en veldig frisk kremdeodorant, beriket med gr\u00f8nn te for en ren, frisk f\u00f8lelse. Deodoranten har en oppl\u00f8ftende duft som gir energi og frisker opp sansene dine.&nbsp;<\/p>\n","protected":false},"featured_media":374584,"comment_status":"open","ping_status":"closed","template":"","meta":{"_trash_the_other_posts":false},"product_brand":[],"product_cat":[723,719,735,999],"product_tag":[],"berocket_brand":[1303],"class_list":{"0":"post-374589","1":"product","2":"type-product","3":"status-publish","4":"has-post-thumbnail","6":"product_cat-deo-roll-on-dame","7":"product_cat-deostick-dame","8":"product_cat-kampanje","9":"product_cat-kampanjetilbud-for-henne","10":"pa_brand-elizabeth-arden","11":"berocket_brand-elizabeth-arden","13":"first","14":"outofstock","15":"sale","16":"taxable","17":"shipping-taxable","18":"purchasable","19":"product-type-simple"},"_links":{"self":[{"href":"https:\/\/stylingagenten.com\/no\/wp-json\/wp\/v2\/product\/374589","targetHints":{"allow":["GET"]}}],"collection":[{"href":"https:\/\/stylingagenten.com\/no\/wp-json\/wp\/v2\/product"}],"about":[{"href":"https:\/\/stylingagenten.com\/no\/wp-json\/wp\/v2\/types\/product"}],"replies":[{"embeddable":true,"href":"https:\/\/stylingagenten.com\/no\/wp-json\/wp\/v2\/comments?post=374589"}],"version-history":[{"count":0,"href":"https:\/\/stylingagenten.com\/no\/wp-json\/wp\/v2\/product\/374589\/revisions"}],"wp:featuredmedia":[{"embeddable":true,"href":"https:\/\/stylingagenten.com\/no\/wp-json\/wp\/v2\/media\/374584"}],"wp:attachment":[{"href":"https:\/\/stylingagenten.com\/no\/wp-json\/wp\/v2\/media?parent=374589"}],"wp:term":[{"taxonomy":"product_brand","embeddable":true,"href":"https:\/\/stylingagenten.com\/no\/wp-json\/wp\/v2\/product_brand?post=374589"},{"taxonomy":"product_cat","embeddable":true,"href":"https:\/\/stylingagenten.com\/no\/wp-json\/wp\/v2\/product_cat?post=374589"},{"taxonomy":"product_tag","embeddable":true,"href":"https:\/\/stylingagenten.com\/no\/wp-json\/wp\/v2\/product_tag?post=374589"},{"taxonomy":"berocket_brand","embeddable":true,"href":"https:\/\/stylingagenten.com\/no\/wp-json\/wp\/v2\/berocket_brand?post=374589"}],"curies":[{"name":"wp","href":"https:\/\/api.w.org\/{rel}","templated":true}]}}