{"id":374533,"date":"2025-05-18T20:50:34","date_gmt":"2025-05-18T20:50:34","guid":{"rendered":"https:\/\/staging2.stylingagenten.com\/no\/produkt\/babor-hy-ol-cleanser-200ml\/"},"modified":"2026-04-09T06:39:36","modified_gmt":"2026-04-09T06:39:36","slug":"babor-hy-ol-cleanser-200ml","status":"publish","type":"product","link":"https:\/\/stylingagenten.com\/no\/produkt\/babor-hy-ol-cleanser-200ml\/","title":{"rendered":"BABOR HY-\u00d6l Cleanser 200ml"},"content":{"rendered":"<p>BABOR HY-\u00d6L Cleanser er en unik 2-fase rens utviklet med patent siden 1955. Dr. Michael BABOR var den f\u00f8rste som oppdaget kombinasjonen av olje og vann som gir den mest ideelle dyprensende effekten p\u00e5 huden. Hydrofile, vannelskende planteoljer, sammen med Phyto HY-\u00d6L\u00ae Booster, binder og fjerner b\u00e5de vann- og fettl\u00f8selige urenheter fra huden. En effektiv dyprens som bevarer hudens naturlige beskyttelsesbarriere. Huden blir perfekt renset, f\u00f8les verken fet eller stram, men balansert og fremfor alt ren. Passer alle hudtyper\/hudtilstander.<\/p>\n<p>200ml<\/p>\n","protected":false},"excerpt":{"rendered":"<p>BABOR HY-\u00d6L Cleanser er en unik 2-fase rens utviklet med patent siden 1955. Dr. Michael BABOR var den f\u00f8rste som oppdaget kombinasjonen av olje og vann som gir den mest ideelle dyprensende effekten p\u00e5 huden. Hydrofile, vannelskende planteoljer, sammen med Phyto HY-\u00d6L\u00ae Booster, binder og fjerner b\u00e5de vann- og fettl\u00f8selige urenheter fra huden. En effektiv [&hellip;]<\/p>\n","protected":false},"featured_media":374524,"comment_status":"open","ping_status":"closed","template":"","meta":{"_trash_the_other_posts":false},"product_brand":[],"product_cat":[609,735,1000,999],"product_tag":[],"berocket_brand":[1987],"class_list":{"0":"post-374533","1":"product","2":"type-product","3":"status-publish","4":"has-post-thumbnail","6":"product_cat-ansiktsrens","7":"product_cat-kampanje","8":"product_cat-kampanjetilbud-for-ham","9":"product_cat-kampanjetilbud-for-henne","10":"pa_brand-babor","11":"berocket_brand-babor","13":"first","14":"instock","15":"sale","16":"taxable","17":"shipping-taxable","18":"purchasable","19":"product-type-simple"},"_links":{"self":[{"href":"https:\/\/stylingagenten.com\/no\/wp-json\/wp\/v2\/product\/374533","targetHints":{"allow":["GET"]}}],"collection":[{"href":"https:\/\/stylingagenten.com\/no\/wp-json\/wp\/v2\/product"}],"about":[{"href":"https:\/\/stylingagenten.com\/no\/wp-json\/wp\/v2\/types\/product"}],"replies":[{"embeddable":true,"href":"https:\/\/stylingagenten.com\/no\/wp-json\/wp\/v2\/comments?post=374533"}],"version-history":[{"count":0,"href":"https:\/\/stylingagenten.com\/no\/wp-json\/wp\/v2\/product\/374533\/revisions"}],"wp:featuredmedia":[{"embeddable":true,"href":"https:\/\/stylingagenten.com\/no\/wp-json\/wp\/v2\/media\/374524"}],"wp:attachment":[{"href":"https:\/\/stylingagenten.com\/no\/wp-json\/wp\/v2\/media?parent=374533"}],"wp:term":[{"taxonomy":"product_brand","embeddable":true,"href":"https:\/\/stylingagenten.com\/no\/wp-json\/wp\/v2\/product_brand?post=374533"},{"taxonomy":"product_cat","embeddable":true,"href":"https:\/\/stylingagenten.com\/no\/wp-json\/wp\/v2\/product_cat?post=374533"},{"taxonomy":"product_tag","embeddable":true,"href":"https:\/\/stylingagenten.com\/no\/wp-json\/wp\/v2\/product_tag?post=374533"},{"taxonomy":"berocket_brand","embeddable":true,"href":"https:\/\/stylingagenten.com\/no\/wp-json\/wp\/v2\/berocket_brand?post=374533"}],"curies":[{"name":"wp","href":"https:\/\/api.w.org\/{rel}","templated":true}]}}