{"id":374523,"date":"2025-05-18T20:50:32","date_gmt":"2025-05-18T20:50:32","guid":{"rendered":"https:\/\/staging2.stylingagenten.com\/no\/produkt\/2-pack-fanola-no-yellow-shampoo-1000ml\/"},"modified":"2026-03-11T21:58:51","modified_gmt":"2026-03-11T21:58:51","slug":"2-pack-fanola-no-yellow-shampoo-1000ml","status":"publish","type":"product","link":"https:\/\/stylingagenten.com\/no\/produkt\/2-pack-fanola-no-yellow-shampoo-1000ml\/","title":{"rendered":"2-pack Fanola No Yellow Shampoo 1000ml"},"content":{"rendered":"<h1>Gi h\u00e5ret ditt nytt liv med Fanola No Yellow Shampoo! &nbsp;&nbsp;<\/h1>\n<p><\/p>\n<h2>Fanola No Yellow Shampoo er en s\u00f8lvsjampo med fiolette pigmenter som toner ned u\u00f8nskede gule nyanser og hjelper deg med gr\u00e5tt, sn\u00f8ret eller kveilisert h\u00e5r.<\/h2>\n<p><\/p>\n<h2><strong>Bruk:<\/strong> P\u00e5f\u00f8r i v\u00e5tt h\u00e5r og la det virke i 1-5 minutter avhengig av hvordan h\u00e5ret ser ut og hvor por\u00f8st det er. Skyll deretter produktet grundig.<\/p>\n<p><\/p>\n<p>Cruelty-Free<\/h2>\n","protected":false},"excerpt":{"rendered":"<p>Gi h\u00e5ret ditt nytt liv med Fanola No Yellow Shampoo! &nbsp;&nbsp; Fanola No Yellow Shampoo er en s\u00f8lvsjampo med fiolette pigmenter som toner ned u\u00f8nskede gule nyanser og hjelper deg med gr\u00e5tt, sn\u00f8ret eller kveilisert h\u00e5r. Bruk: P\u00e5f\u00f8r i v\u00e5tt h\u00e5r og la det virke i 1-5 minutter avhengig av hvordan h\u00e5ret ser ut og [&hellip;]<\/p>\n","protected":false},"featured_media":374522,"comment_status":"open","ping_status":"closed","template":"","meta":{"_trash_the_other_posts":false},"product_brand":[],"product_cat":[1003,672,1004],"product_tag":[2314],"berocket_brand":[1312],"class_list":{"0":"post-374523","1":"product","2":"type-product","3":"status-publish","4":"has-post-thumbnail","6":"product_cat-bestselgere","7":"product_cat-multipakke-har","8":"product_cat-silverschampo","9":"product_tag-2-pack-fanola-no-yellow-shampoo","10":"pa_brand-fanola","11":"pa_variant-1000ml","12":"berocket_brand-fanola","14":"first","15":"instock","16":"sale","17":"taxable","18":"shipping-taxable","19":"purchasable","20":"product-type-simple"},"_links":{"self":[{"href":"https:\/\/stylingagenten.com\/no\/wp-json\/wp\/v2\/product\/374523","targetHints":{"allow":["GET"]}}],"collection":[{"href":"https:\/\/stylingagenten.com\/no\/wp-json\/wp\/v2\/product"}],"about":[{"href":"https:\/\/stylingagenten.com\/no\/wp-json\/wp\/v2\/types\/product"}],"replies":[{"embeddable":true,"href":"https:\/\/stylingagenten.com\/no\/wp-json\/wp\/v2\/comments?post=374523"}],"version-history":[{"count":0,"href":"https:\/\/stylingagenten.com\/no\/wp-json\/wp\/v2\/product\/374523\/revisions"}],"wp:featuredmedia":[{"embeddable":true,"href":"https:\/\/stylingagenten.com\/no\/wp-json\/wp\/v2\/media\/374522"}],"wp:attachment":[{"href":"https:\/\/stylingagenten.com\/no\/wp-json\/wp\/v2\/media?parent=374523"}],"wp:term":[{"taxonomy":"product_brand","embeddable":true,"href":"https:\/\/stylingagenten.com\/no\/wp-json\/wp\/v2\/product_brand?post=374523"},{"taxonomy":"product_cat","embeddable":true,"href":"https:\/\/stylingagenten.com\/no\/wp-json\/wp\/v2\/product_cat?post=374523"},{"taxonomy":"product_tag","embeddable":true,"href":"https:\/\/stylingagenten.com\/no\/wp-json\/wp\/v2\/product_tag?post=374523"},{"taxonomy":"berocket_brand","embeddable":true,"href":"https:\/\/stylingagenten.com\/no\/wp-json\/wp\/v2\/berocket_brand?post=374523"}],"curies":[{"name":"wp","href":"https:\/\/api.w.org\/{rel}","templated":true}]}}