{"id":374513,"date":"2025-05-18T20:50:27","date_gmt":"2025-05-18T20:50:27","guid":{"rendered":"https:\/\/staging2.stylingagenten.com\/no\/produkt\/babor-lip-balm\/"},"modified":"2026-04-12T15:29:10","modified_gmt":"2026-04-12T15:29:10","slug":"babor-lip-balm","status":"publish","type":"product","link":"https:\/\/stylingagenten.com\/no\/produkt\/babor-lip-balm\/","title":{"rendered":"BABOR Lip Balm"},"content":{"rendered":"<p>BABOR Lip Balm er en fuktighetsgivende leppebalsam for t\u00f8rre, sprukne lepper som gir en langvarig beskyttende effekt med 100 % naturlige ingredienser. Supermyk med en sm\u00f8raktig tekstur basert p\u00e5 h\u00f8ykvalitets ingredienser som sheasm\u00f8r, jojobaolje, kokosolje og veganske vokser.<\/p>\n","protected":false},"excerpt":{"rendered":"<p>BABOR Lip Balm er en fuktighetsgivende leppebalsam for t\u00f8rre, sprukne lepper som gir en langvarig beskyttende effekt med 100 % naturlige ingredienser. Supermyk med en sm\u00f8raktig tekstur basert p\u00e5 h\u00f8ykvalitets ingredienser som sheasm\u00f8r, jojobaolje, kokosolje og veganske vokser.<\/p>\n","protected":false},"featured_media":374509,"comment_status":"open","ping_status":"closed","template":"","meta":{"_trash_the_other_posts":false},"product_brand":[],"product_cat":[735,999,580],"product_tag":[],"berocket_brand":[1987],"class_list":{"0":"post-374513","1":"product","2":"type-product","3":"status-publish","4":"has-post-thumbnail","6":"product_cat-kampanje","7":"product_cat-kampanjetilbud-for-henne","8":"product_cat-leppebalsam","9":"pa_brand-babor","10":"berocket_brand-babor","12":"first","13":"instock","14":"sale","15":"taxable","16":"shipping-taxable","17":"purchasable","18":"product-type-simple"},"_links":{"self":[{"href":"https:\/\/stylingagenten.com\/no\/wp-json\/wp\/v2\/product\/374513","targetHints":{"allow":["GET"]}}],"collection":[{"href":"https:\/\/stylingagenten.com\/no\/wp-json\/wp\/v2\/product"}],"about":[{"href":"https:\/\/stylingagenten.com\/no\/wp-json\/wp\/v2\/types\/product"}],"replies":[{"embeddable":true,"href":"https:\/\/stylingagenten.com\/no\/wp-json\/wp\/v2\/comments?post=374513"}],"version-history":[{"count":0,"href":"https:\/\/stylingagenten.com\/no\/wp-json\/wp\/v2\/product\/374513\/revisions"}],"wp:featuredmedia":[{"embeddable":true,"href":"https:\/\/stylingagenten.com\/no\/wp-json\/wp\/v2\/media\/374509"}],"wp:attachment":[{"href":"https:\/\/stylingagenten.com\/no\/wp-json\/wp\/v2\/media?parent=374513"}],"wp:term":[{"taxonomy":"product_brand","embeddable":true,"href":"https:\/\/stylingagenten.com\/no\/wp-json\/wp\/v2\/product_brand?post=374513"},{"taxonomy":"product_cat","embeddable":true,"href":"https:\/\/stylingagenten.com\/no\/wp-json\/wp\/v2\/product_cat?post=374513"},{"taxonomy":"product_tag","embeddable":true,"href":"https:\/\/stylingagenten.com\/no\/wp-json\/wp\/v2\/product_tag?post=374513"},{"taxonomy":"berocket_brand","embeddable":true,"href":"https:\/\/stylingagenten.com\/no\/wp-json\/wp\/v2\/berocket_brand?post=374513"}],"curies":[{"name":"wp","href":"https:\/\/api.w.org\/{rel}","templated":true}]}}