{"id":374045,"date":"2025-05-18T20:47:39","date_gmt":"2025-05-18T20:47:39","guid":{"rendered":"https:\/\/staging2.stylingagenten.com\/no\/produkt\/woodwick-medium-pomegranate\/"},"modified":"2026-03-11T21:53:55","modified_gmt":"2026-03-11T21:53:55","slug":"woodwick-medium-pomegranate","status":"publish","type":"product","link":"https:\/\/stylingagenten.com\/no\/produkt\/woodwick-medium-pomegranate\/","title":{"rendered":"WoodWick Medium &#8211; Pomegranate"},"content":{"rendered":"<p>WoodWick Medium &#8211; Pomegranate<br \/>\n<br \/>Krispe, komplekse granateplenoter med solb\u00e6r, myke blomster og rike undertoner av rom og musk.<\/p>\n<p>Toppnoter: Ananas, Grapefrukt, P\u00e6re, Fersken, R\u00f8dt eple, Solb\u00e6r<br \/>\n<br \/>Mellomnoter: Gr\u00f8nn dugg, Bringeb\u00e6r, Kandisert fiol, Lilje, Rose, Syrin<br \/>\n<br \/>Bunnoter: S\u00f8t musk, Karamellisert vanilje, M\u00f8rk rom, Treaktig<\/p>\n<p>Brukstid: Ca 60 timer.<\/p>\n","protected":false},"excerpt":{"rendered":"<p>WoodWick Medium &#8211; Pomegranate Krispe, komplekse granateplenoter med solb\u00e6r, myke blomster og rike undertoner av rom og musk. Toppnoter: Ananas, Grapefrukt, P\u00e6re, Fersken, R\u00f8dt eple, Solb\u00e6r Mellomnoter: Gr\u00f8nn dugg, Bringeb\u00e6r, Kandisert fiol, Lilje, Rose, Syrin Bunnoter: S\u00f8t musk, Karamellisert vanilje, M\u00f8rk rom, Treaktig Brukstid: Ca 60 timer.<\/p>\n","protected":false},"featured_media":374043,"comment_status":"open","ping_status":"closed","template":"","meta":{"_trash_the_other_posts":false},"product_brand":[],"product_cat":[540,735,1000,999],"product_tag":[],"berocket_brand":[1375],"class_list":{"0":"post-374045","1":"product","2":"type-product","3":"status-publish","4":"has-post-thumbnail","6":"product_cat-duftende-stearinlys","7":"product_cat-kampanje","8":"product_cat-kampanjetilbud-for-ham","9":"product_cat-kampanjetilbud-for-henne","10":"pa_brand-woodwick","11":"berocket_brand-woodwick","13":"first","14":"instock","15":"sale","16":"taxable","17":"shipping-taxable","18":"purchasable","19":"product-type-simple"},"_links":{"self":[{"href":"https:\/\/stylingagenten.com\/no\/wp-json\/wp\/v2\/product\/374045","targetHints":{"allow":["GET"]}}],"collection":[{"href":"https:\/\/stylingagenten.com\/no\/wp-json\/wp\/v2\/product"}],"about":[{"href":"https:\/\/stylingagenten.com\/no\/wp-json\/wp\/v2\/types\/product"}],"replies":[{"embeddable":true,"href":"https:\/\/stylingagenten.com\/no\/wp-json\/wp\/v2\/comments?post=374045"}],"version-history":[{"count":0,"href":"https:\/\/stylingagenten.com\/no\/wp-json\/wp\/v2\/product\/374045\/revisions"}],"wp:featuredmedia":[{"embeddable":true,"href":"https:\/\/stylingagenten.com\/no\/wp-json\/wp\/v2\/media\/374043"}],"wp:attachment":[{"href":"https:\/\/stylingagenten.com\/no\/wp-json\/wp\/v2\/media?parent=374045"}],"wp:term":[{"taxonomy":"product_brand","embeddable":true,"href":"https:\/\/stylingagenten.com\/no\/wp-json\/wp\/v2\/product_brand?post=374045"},{"taxonomy":"product_cat","embeddable":true,"href":"https:\/\/stylingagenten.com\/no\/wp-json\/wp\/v2\/product_cat?post=374045"},{"taxonomy":"product_tag","embeddable":true,"href":"https:\/\/stylingagenten.com\/no\/wp-json\/wp\/v2\/product_tag?post=374045"},{"taxonomy":"berocket_brand","embeddable":true,"href":"https:\/\/stylingagenten.com\/no\/wp-json\/wp\/v2\/berocket_brand?post=374045"}],"curies":[{"name":"wp","href":"https:\/\/api.w.org\/{rel}","templated":true}]}}