{"id":443117,"date":"2026-04-13T07:49:32","date_gmt":"2026-04-13T07:49:32","guid":{"rendered":"https:\/\/stylingagenten.com\/fi\/tuote\/eco-style-extreme-sculpting-hold-177ml\/"},"modified":"2026-04-13T07:49:32","modified_gmt":"2026-04-13T07:49:32","slug":"eco-style-extreme-sculpting-hold-177ml","status":"publish","type":"product","link":"https:\/\/stylingagenten.com\/fi\/tuote\/eco-style-extreme-sculpting-hold-177ml\/","title":{"rendered":"Eco Style Extreme Sculpting Hold 177ml"},"content":{"rendered":"<p>Eco Style Extreme Sculpting Hold on muotoilugeeli, joka sopii lyhyille ja keskipitkille hiuksille ja antaa joustavaa pitoa sek\u00e4 kiiltoa koko p\u00e4iv\u00e4ksi.<\/p>\n<p>Hiusgeeli on rikastettu biotiinilla ja antaa pitoa jopa 24 tunniksi. T\u00e4m\u00e4 geeli sopii lyhyille ja keskipitkille kampauksille, jotka tarvitsevat rakennetta. K\u00e4yt\u00e4 Extreme Sculpting Hold -geeli\u00e4 luodaksesi n\u00e4ytt\u00e4vi\u00e4 kampauksia jopa 10 kertaa voimakkaammalla pidolla levityksen j\u00e4lkeen!<\/p>\n<p>177 ml<\/p>\n","protected":false},"excerpt":{"rendered":"<p>Eco Style Extreme Sculpting Hold on muotoilugeeli, joka sopii lyhyille ja keskipitkille hiuksille ja antaa joustavaa pitoa sek\u00e4 kiiltoa koko p\u00e4iv\u00e4ksi. Hiusgeeli on rikastettu biotiinilla ja antaa pitoa jopa 24 tunniksi. T\u00e4m\u00e4 geeli sopii lyhyille ja keskipitkille kampauksille, jotka tarvitsevat rakennetta. K\u00e4yt\u00e4 Extreme Sculpting Hold -geeli\u00e4 luodaksesi n\u00e4ytt\u00e4vi\u00e4 kampauksia jopa 10 kertaa voimakkaammalla pidolla levityksen [&hellip;]<\/p>\n","protected":false},"featured_media":443116,"comment_status":"open","ping_status":"closed","template":"","meta":{"_trash_the_other_posts":false},"product_brand":[],"product_cat":[701],"product_tag":[],"berocket_brand":[],"class_list":{"0":"post-443117","1":"product","2":"type-product","3":"status-publish","4":"has-post-thumbnail","6":"product_cat-geeli","7":"pa_brand-eco-style","9":"first","10":"instock","11":"taxable","12":"shipping-taxable","13":"purchasable","14":"product-type-simple"},"_links":{"self":[{"href":"https:\/\/stylingagenten.com\/fi\/wp-json\/wp\/v2\/product\/443117","targetHints":{"allow":["GET"]}}],"collection":[{"href":"https:\/\/stylingagenten.com\/fi\/wp-json\/wp\/v2\/product"}],"about":[{"href":"https:\/\/stylingagenten.com\/fi\/wp-json\/wp\/v2\/types\/product"}],"replies":[{"embeddable":true,"href":"https:\/\/stylingagenten.com\/fi\/wp-json\/wp\/v2\/comments?post=443117"}],"version-history":[{"count":0,"href":"https:\/\/stylingagenten.com\/fi\/wp-json\/wp\/v2\/product\/443117\/revisions"}],"wp:featuredmedia":[{"embeddable":true,"href":"https:\/\/stylingagenten.com\/fi\/wp-json\/wp\/v2\/media\/443116"}],"wp:attachment":[{"href":"https:\/\/stylingagenten.com\/fi\/wp-json\/wp\/v2\/media?parent=443117"}],"wp:term":[{"taxonomy":"product_brand","embeddable":true,"href":"https:\/\/stylingagenten.com\/fi\/wp-json\/wp\/v2\/product_brand?post=443117"},{"taxonomy":"product_cat","embeddable":true,"href":"https:\/\/stylingagenten.com\/fi\/wp-json\/wp\/v2\/product_cat?post=443117"},{"taxonomy":"product_tag","embeddable":true,"href":"https:\/\/stylingagenten.com\/fi\/wp-json\/wp\/v2\/product_tag?post=443117"},{"taxonomy":"berocket_brand","embeddable":true,"href":"https:\/\/stylingagenten.com\/fi\/wp-json\/wp\/v2\/berocket_brand?post=443117"}],"curies":[{"name":"wp","href":"https:\/\/api.w.org\/{rel}","templated":true}]}}