{"id":443074,"date":"2026-04-10T08:20:04","date_gmt":"2026-04-10T08:20:04","guid":{"rendered":"https:\/\/stylingagenten.com\/fi\/tuote\/color-wow-xtra-large-bombshell-volumizer-350ml\/"},"modified":"2026-04-10T08:20:04","modified_gmt":"2026-04-10T08:20:04","slug":"color-wow-xtra-large-bombshell-volumizer-350ml","status":"publish","type":"product","link":"https:\/\/stylingagenten.com\/fi\/tuote\/color-wow-xtra-large-bombshell-volumizer-350ml\/","title":{"rendered":"Color Wow Xtra Large Bombshell Volumizer 350ml"},"content":{"rendered":"<p>Color Wow Xtra Large Bombshell Volumizer on volyymia antava tuote, jonka innovatiivinen bambua vahvistava koostumus luo upeaa tuuheutta ohuille ja hennoille hiuksille ilman, ett\u00e4 se kuivattaa, latistaa tai tekee hiuksista kovan tuntuisia. Antaa runsaan lopputuloksen ja kevyen volyymin, joka kest\u00e4\u00e4 koko p\u00e4iv\u00e4n. Sis\u00e4lt\u00e4\u00e4 l\u00e4mp\u00f6suojan. Vegaaninen.<\/p>\n<p>350 ml<\/p>\n","protected":false},"excerpt":{"rendered":"<p>Color Wow Xtra Large Bombshell Volumizer on volyymia antava tuote, jonka innovatiivinen bambua vahvistava koostumus luo upeaa tuuheutta ohuille ja hennoille hiuksille ilman, ett\u00e4 se kuivattaa, latistaa tai tekee hiuksista kovan tuntuisia. Antaa runsaan lopputuloksen ja kevyen volyymin, joka kest\u00e4\u00e4 koko p\u00e4iv\u00e4n. Sis\u00e4lt\u00e4\u00e4 l\u00e4mp\u00f6suojan. Vegaaninen. 350 ml<\/p>\n","protected":false},"featured_media":443071,"comment_status":"open","ping_status":"closed","template":"","meta":{"_trash_the_other_posts":false},"product_brand":[],"product_cat":[595],"product_tag":[],"berocket_brand":[],"class_list":{"0":"post-443074","1":"product","2":"type-product","3":"status-publish","4":"has-post-thumbnail","6":"product_cat-harmousse","7":"pa_brand-color-wow","9":"first","10":"instock","11":"sale","12":"taxable","13":"shipping-taxable","14":"purchasable","15":"product-type-simple"},"_links":{"self":[{"href":"https:\/\/stylingagenten.com\/fi\/wp-json\/wp\/v2\/product\/443074","targetHints":{"allow":["GET"]}}],"collection":[{"href":"https:\/\/stylingagenten.com\/fi\/wp-json\/wp\/v2\/product"}],"about":[{"href":"https:\/\/stylingagenten.com\/fi\/wp-json\/wp\/v2\/types\/product"}],"replies":[{"embeddable":true,"href":"https:\/\/stylingagenten.com\/fi\/wp-json\/wp\/v2\/comments?post=443074"}],"version-history":[{"count":0,"href":"https:\/\/stylingagenten.com\/fi\/wp-json\/wp\/v2\/product\/443074\/revisions"}],"wp:featuredmedia":[{"embeddable":true,"href":"https:\/\/stylingagenten.com\/fi\/wp-json\/wp\/v2\/media\/443071"}],"wp:attachment":[{"href":"https:\/\/stylingagenten.com\/fi\/wp-json\/wp\/v2\/media?parent=443074"}],"wp:term":[{"taxonomy":"product_brand","embeddable":true,"href":"https:\/\/stylingagenten.com\/fi\/wp-json\/wp\/v2\/product_brand?post=443074"},{"taxonomy":"product_cat","embeddable":true,"href":"https:\/\/stylingagenten.com\/fi\/wp-json\/wp\/v2\/product_cat?post=443074"},{"taxonomy":"product_tag","embeddable":true,"href":"https:\/\/stylingagenten.com\/fi\/wp-json\/wp\/v2\/product_tag?post=443074"},{"taxonomy":"berocket_brand","embeddable":true,"href":"https:\/\/stylingagenten.com\/fi\/wp-json\/wp\/v2\/berocket_brand?post=443074"}],"curies":[{"name":"wp","href":"https:\/\/api.w.org\/{rel}","templated":true}]}}