{"id":443070,"date":"2026-04-10T08:19:59","date_gmt":"2026-04-10T08:19:59","guid":{"rendered":"https:\/\/stylingagenten.com\/fi\/tuote\/milk_shake-lifestyling-smoothing-cream-150ml\/"},"modified":"2026-04-10T08:19:59","modified_gmt":"2026-04-10T08:19:59","slug":"milk_shake-lifestyling-smoothing-cream-150ml","status":"publish","type":"product","link":"https:\/\/stylingagenten.com\/fi\/tuote\/milk_shake-lifestyling-smoothing-cream-150ml\/","title":{"rendered":"Milk_Shake Lifestyling Smoothing Cream 150ml"},"content":{"rendered":"<p>Milk_Shake Lifestyling Smoothing Cream on p\u00f6rr\u00f6isyytt\u00e4 ehk\u00e4isev\u00e4 muotoiluvoide, joka antaa silkinsile\u00e4n, tasaisen ja kiilt\u00e4v\u00e4n lopputuloksen. Kevyt koostumus kesytt\u00e4\u00e4 vaikeasti hallittavat hiukset ja v\u00e4hent\u00e4\u00e4 p\u00f6rr\u00f6isyytt\u00e4 samalla suojaten l\u00e4mp\u00f6muotoilulta ja kosteudelta. T\u00e4ydellinen valinta sinulle, joka haluat elegantin ja huolitellun lopputuloksen luonnollisella liikkuvuudella. Sis\u00e4lt\u00e4\u00e4 maitoproteiineja, jotka vahvistavat ja kosteuttavat hiuskuituja, Integrity 41\u00ae -yhdisteen, joka pident\u00e4\u00e4 v\u00e4rin intensiivisyytt\u00e4, sek\u00e4 ravitsevia kasvi\u00f6ljyj\u00e4, jotka tekev\u00e4t hiuksista helpommin k\u00e4sitelt\u00e4v\u00e4t. Sopii kaikille hiustyypeille \u2013 erityisesti kuiville, p\u00f6rr\u00f6isille tai kemiallisesti k\u00e4sitellyille hiuksille.<\/p>\n<p>150 ml<\/p>\n","protected":false},"excerpt":{"rendered":"<p>Milk_Shake Lifestyling Smoothing Cream on p\u00f6rr\u00f6isyytt\u00e4 ehk\u00e4isev\u00e4 muotoiluvoide, joka antaa silkinsile\u00e4n, tasaisen ja kiilt\u00e4v\u00e4n lopputuloksen. Kevyt koostumus kesytt\u00e4\u00e4 vaikeasti hallittavat hiukset ja v\u00e4hent\u00e4\u00e4 p\u00f6rr\u00f6isyytt\u00e4 samalla suojaten l\u00e4mp\u00f6muotoilulta ja kosteudelta. T\u00e4ydellinen valinta sinulle, joka haluat elegantin ja huolitellun lopputuloksen luonnollisella liikkuvuudella. Sis\u00e4lt\u00e4\u00e4 maitoproteiineja, jotka vahvistavat ja kosteuttavat hiuskuituja, Integrity 41\u00ae -yhdisteen, joka pident\u00e4\u00e4 v\u00e4rin intensiivisyytt\u00e4, sek\u00e4 [&hellip;]<\/p>\n","protected":false},"featured_media":443069,"comment_status":"open","ping_status":"closed","template":"","meta":{"_trash_the_other_posts":false},"product_brand":[],"product_cat":[546],"product_tag":[],"berocket_brand":[],"class_list":{"0":"post-443070","1":"product","2":"type-product","3":"status-publish","4":"has-post-thumbnail","6":"product_cat-harstyling","7":"pa_brand-milk_shake","9":"first","10":"instock","11":"sale","12":"taxable","13":"shipping-taxable","14":"purchasable","15":"product-type-simple"},"_links":{"self":[{"href":"https:\/\/stylingagenten.com\/fi\/wp-json\/wp\/v2\/product\/443070","targetHints":{"allow":["GET"]}}],"collection":[{"href":"https:\/\/stylingagenten.com\/fi\/wp-json\/wp\/v2\/product"}],"about":[{"href":"https:\/\/stylingagenten.com\/fi\/wp-json\/wp\/v2\/types\/product"}],"replies":[{"embeddable":true,"href":"https:\/\/stylingagenten.com\/fi\/wp-json\/wp\/v2\/comments?post=443070"}],"version-history":[{"count":0,"href":"https:\/\/stylingagenten.com\/fi\/wp-json\/wp\/v2\/product\/443070\/revisions"}],"wp:featuredmedia":[{"embeddable":true,"href":"https:\/\/stylingagenten.com\/fi\/wp-json\/wp\/v2\/media\/443069"}],"wp:attachment":[{"href":"https:\/\/stylingagenten.com\/fi\/wp-json\/wp\/v2\/media?parent=443070"}],"wp:term":[{"taxonomy":"product_brand","embeddable":true,"href":"https:\/\/stylingagenten.com\/fi\/wp-json\/wp\/v2\/product_brand?post=443070"},{"taxonomy":"product_cat","embeddable":true,"href":"https:\/\/stylingagenten.com\/fi\/wp-json\/wp\/v2\/product_cat?post=443070"},{"taxonomy":"product_tag","embeddable":true,"href":"https:\/\/stylingagenten.com\/fi\/wp-json\/wp\/v2\/product_tag?post=443070"},{"taxonomy":"berocket_brand","embeddable":true,"href":"https:\/\/stylingagenten.com\/fi\/wp-json\/wp\/v2\/berocket_brand?post=443070"}],"curies":[{"name":"wp","href":"https:\/\/api.w.org\/{rel}","templated":true}]}}