{"id":443068,"date":"2026-04-10T08:19:52","date_gmt":"2026-04-10T08:19:52","guid":{"rendered":"https:\/\/stylingagenten.com\/fi\/tuote\/milk_shake-lifestyling-shaping-foam-200ml\/"},"modified":"2026-04-10T08:19:52","modified_gmt":"2026-04-10T08:19:52","slug":"milk_shake-lifestyling-shaping-foam-200ml","status":"publish","type":"product","link":"https:\/\/stylingagenten.com\/fi\/tuote\/milk_shake-lifestyling-shaping-foam-200ml\/","title":{"rendered":"Milk_Shake Lifestyling Shaping Foam 200ml"},"content":{"rendered":"<p>Milk_Shake Lifestyling Shaping Foam on kevyt muotoiluvaahto, joka antaa luonnollista volyymia, rakennetta ja joustavaa pitoa kaikille hiustyypeille. Se parantaa hiusten rakennetta ja tuo kiiltoa ilman latistamista. T\u00e4ydellinen ilmavien kampausten luomiseen, joissa on pitk\u00e4kestoista tuuheutta ja m\u00e4\u00e4ritelm\u00e4\u00e4. Sis\u00e4lt\u00e4\u00e4 Integrity 41\u00ae -yhdistett\u00e4, joka suojaa ja pident\u00e4\u00e4 hiusv\u00e4ri\u00e4, sek\u00e4 maitoproteiineja, jotka vahvistavat ja kosteuttavat. Luonnolliset polymeerit antavat pitoa ilman, ett\u00e4 hiukset tuntuvat j\u00e4ykilt\u00e4. Sopii ohuille, kiharille ja paksuille hiuksille, ja sit\u00e4 voidaan k\u00e4ytt\u00e4\u00e4 l\u00e4mp\u00f6laitteiden kanssa tai antaa kuivua luonnollisesti.<\/p>\n<p>200 ml<\/p>\n","protected":false},"excerpt":{"rendered":"<p>Milk_Shake Lifestyling Shaping Foam on kevyt muotoiluvaahto, joka antaa luonnollista volyymia, rakennetta ja joustavaa pitoa kaikille hiustyypeille. Se parantaa hiusten rakennetta ja tuo kiiltoa ilman latistamista. T\u00e4ydellinen ilmavien kampausten luomiseen, joissa on pitk\u00e4kestoista tuuheutta ja m\u00e4\u00e4ritelm\u00e4\u00e4. Sis\u00e4lt\u00e4\u00e4 Integrity 41\u00ae -yhdistett\u00e4, joka suojaa ja pident\u00e4\u00e4 hiusv\u00e4ri\u00e4, sek\u00e4 maitoproteiineja, jotka vahvistavat ja kosteuttavat. Luonnolliset polymeerit antavat pitoa [&hellip;]<\/p>\n","protected":false},"featured_media":443067,"comment_status":"open","ping_status":"closed","template":"","meta":{"_trash_the_other_posts":false},"product_brand":[],"product_cat":[595],"product_tag":[],"berocket_brand":[],"class_list":{"0":"post-443068","1":"product","2":"type-product","3":"status-publish","4":"has-post-thumbnail","6":"product_cat-harmousse","7":"pa_brand-milk_shake","9":"first","10":"instock","11":"sale","12":"taxable","13":"shipping-taxable","14":"purchasable","15":"product-type-simple"},"_links":{"self":[{"href":"https:\/\/stylingagenten.com\/fi\/wp-json\/wp\/v2\/product\/443068","targetHints":{"allow":["GET"]}}],"collection":[{"href":"https:\/\/stylingagenten.com\/fi\/wp-json\/wp\/v2\/product"}],"about":[{"href":"https:\/\/stylingagenten.com\/fi\/wp-json\/wp\/v2\/types\/product"}],"replies":[{"embeddable":true,"href":"https:\/\/stylingagenten.com\/fi\/wp-json\/wp\/v2\/comments?post=443068"}],"version-history":[{"count":0,"href":"https:\/\/stylingagenten.com\/fi\/wp-json\/wp\/v2\/product\/443068\/revisions"}],"wp:featuredmedia":[{"embeddable":true,"href":"https:\/\/stylingagenten.com\/fi\/wp-json\/wp\/v2\/media\/443067"}],"wp:attachment":[{"href":"https:\/\/stylingagenten.com\/fi\/wp-json\/wp\/v2\/media?parent=443068"}],"wp:term":[{"taxonomy":"product_brand","embeddable":true,"href":"https:\/\/stylingagenten.com\/fi\/wp-json\/wp\/v2\/product_brand?post=443068"},{"taxonomy":"product_cat","embeddable":true,"href":"https:\/\/stylingagenten.com\/fi\/wp-json\/wp\/v2\/product_cat?post=443068"},{"taxonomy":"product_tag","embeddable":true,"href":"https:\/\/stylingagenten.com\/fi\/wp-json\/wp\/v2\/product_tag?post=443068"},{"taxonomy":"berocket_brand","embeddable":true,"href":"https:\/\/stylingagenten.com\/fi\/wp-json\/wp\/v2\/berocket_brand?post=443068"}],"curies":[{"name":"wp","href":"https:\/\/api.w.org\/{rel}","templated":true}]}}